{"id":8199,"date":"2023-12-05T20:18:37","date_gmt":"2023-12-05T20:18:37","guid":{"rendered":"https:\/\/www.eckerle-gruppe.com\/?page_id=8199"},"modified":"2024-03-21T16:05:05","modified_gmt":"2024-03-21T16:05:05","slug":"sistemdeavertizare","status":"publish","type":"page","link":"https:\/\/www.eckerle-gruppe.com\/ro\/sistemdeavertizare\/","title":{"rendered":"Sistem de Avertizare"},"content":{"rendered":"\n<p>Respectarea prevederilor legale \u0219i reglement\u0103rilor interne este o mare prioritate pentru Eckerle. Aderarea la acestea, precum \u0219i comportamentul social responsabil, formeaz\u0103, printre altele, baza reputa\u021biei noastre \u0219i a succesului durabil \u00een afaceri.<\/p>\n\n\n\n<p>Prin urmare, abaterea trebuie depistat\u0103 din timp. Pentru a investiga \u00eenc\u0103lc\u0103rile grave pentru companie, angaja\u021bii s\u0103i \u0219i alte persoane \u00eentr-o manier\u0103 corect\u0103 \u0219i adecvat\u0103, am implementat sistemul nostru de avertizare \u00een 2023.<\/p>\n\n\n\n<p>Sistemul de avertizare le permite angaja\u021bilor \u0219i avertizorilor externi, f\u0103r\u0103 a-\u0219i dezv\u0103lui identitatea, s\u0103 raporteze \u00eenc\u0103lc\u0103ri oriunde \u00een lume. \u00cen acest fel, Eckerle afl\u0103 despre poten\u021biale riscuri, poate preveni daunele aduse corpora\u021biei, angaja\u021bilor s\u0103i \u0219i ter\u021bilor, \u0219i poate s\u0103 protejeze persoanele care ar putea fi v\u0103t\u0103mate de o conduit\u0103 incorect\u0103.<\/p>\n\n\n\n<p>\u00cenc\u0103lc\u0103rile regulilor care prezint\u0103 riscuri mari includ, de exemplu, infrac\u021biuni legate de corup\u021bie, \u00eenc\u0103lc\u0103ri ale legii \u0219i \u00eenc\u0103lc\u0103ri ale reglement\u0103rilor \u00eempotriva sp\u0103l\u0103rii banilor, precum \u0219i \u00eenc\u0103lc\u0103ri ale prevederilor tehnice obligatorii sau \u00eenc\u0103lc\u0103ri \u00een leg\u0103tur\u0103 cu reglement\u0103rile de mediu. Problemele personale, cum ar fi incidentele de h\u0103r\u021buire sexual\u0103 sau \u00eenc\u0103lc\u0103ri ale drepturilor omului, sunt, de asemenea, considerate \u00eenc\u0103lc\u0103ri ale regulilor cu risc ridicat.<\/p>\n\n\n\n<p>Eckerle \u00eencurajeaz\u0103 toate persoanele din cadrul \u0219i din afara companiei s\u0103-\u0219i exprime \u00een mod deschis \u00eengrijor\u0103rile cu privire la \u00eenc\u0103lc\u0103rile legate de compania noastr\u0103, f\u0103r\u0103 teama de represalii.<\/p>\n\n\n\n<p>Dac\u0103 ave\u021bi informa\u021bii specifice despre \u00eenc\u0103lc\u0103rile legate de activit\u0103\u021bile de afaceri ale Grupului Eckerle, pute\u021bi utiliza, de asemenea, sistemul de avertizare al Grupului Eckerle \u00een mod anonim, dac\u0103 dori\u021bi.<\/p>\n\n\n\n<p>Puteti accesa sistemul nostru de avertizare <a href=\"https:\/\/eckerle-gruppe.hinweis.digital\/\" data-type=\"link\" data-id=\"https:\/\/eckerle-gruppe.hinweis.digital\/\" target=\"_blank\" rel=\"noreferrer noopener\">aici<\/a>!<\/p>\n","protected":false},"excerpt":{"rendered":"<p>Respectarea prevederilor legale \u0219i reglement\u0103rilor interne este o mare prioritate pentru Eckerle. Aderarea la acestea, precum \u0219i comportamentul social responsabil, formeaz\u0103, printre altele, baza reputa\u021biei noastre \u0219i a succesului durabil \u00een afaceri. Prin urmare, abaterea trebuie depistat\u0103 din timp. Pentru a investiga \u00eenc\u0103lc\u0103rile grave pentru companie, angaja\u021bii s\u0103i \u0219i alte persoane \u00eentr-o manier\u0103 corect\u0103 \u0219i [&hellip;]<\/p>\n","protected":false},"author":6,"featured_media":0,"parent":0,"menu_order":0,"comment_status":"closed","ping_status":"closed","template":"","meta":{"_acf_changed":false,"footnotes":""},"class_list":["post-8199","page","type-page","status-publish","hentry"],"acf":[],"_links":{"self":[{"href":"https:\/\/www.eckerle-gruppe.com\/ro\/wp-json\/wp\/v2\/pages\/8199","targetHints":{"allow":["GET"]}}],"collection":[{"href":"https:\/\/www.eckerle-gruppe.com\/ro\/wp-json\/wp\/v2\/pages"}],"about":[{"href":"https:\/\/www.eckerle-gruppe.com\/ro\/wp-json\/wp\/v2\/types\/page"}],"author":[{"embeddable":true,"href":"https:\/\/www.eckerle-gruppe.com\/ro\/wp-json\/wp\/v2\/users\/6"}],"replies":[{"embeddable":true,"href":"https:\/\/www.eckerle-gruppe.com\/ro\/wp-json\/wp\/v2\/comments?post=8199"}],"version-history":[{"count":7,"href":"https:\/\/www.eckerle-gruppe.com\/ro\/wp-json\/wp\/v2\/pages\/8199\/revisions"}],"predecessor-version":[{"id":8762,"href":"https:\/\/www.eckerle-gruppe.com\/ro\/wp-json\/wp\/v2\/pages\/8199\/revisions\/8762"}],"wp:attachment":[{"href":"https:\/\/www.eckerle-gruppe.com\/ro\/wp-json\/wp\/v2\/media?parent=8199"}],"curies":[{"name":"wp","href":"https:\/\/api.w.org\/{rel}","templated":true}]}}