{"id":4229,"date":"2021-08-30T19:08:58","date_gmt":"2021-08-30T19:08:58","guid":{"rendered":"https:\/\/www.eckerle-gruppe.com\/?page_id=4229"},"modified":"2022-03-28T07:14:17","modified_gmt":"2022-03-28T07:14:17","slug":"tehnologia-de-presare-schmidt","status":"publish","type":"page","link":"https:\/\/www.eckerle-gruppe.com\/ro\/tehnologia-de-presare-schmidt\/","title":{"rendered":"Tehnologia de presare Schmidt"},"content":{"rendered":"\n<p>Eckerle ac\u021bioneaz\u0103 ca dealer certificat \u0219i partener de service al SCHMIDT\u00aeTechnology.<\/p>\n\n\n\n<p>Presele SCHMIDT\u00ae reprezint\u0103 v\u00e2rful tehnologiei de asamblare. Fie c\u0103 vorbim de ma\u0219ini cu o singur\u0103 sta\u021bie de lucru fiabile \u00een proces sau de module de presare \u00een diferite linii de automatizare, presele noastre sunt cea mai bun\u0103 alegere pentru opera\u021biunile de \u00eembinare, asamblare, presare, formare, calibrare, etan\u0219are, flan\u0219are, nituire, perforare, marcare, t\u0103iere, \u00eendreptare, \u00eembinare liber\u0103, pozi\u021bionare \u0219i de sertizare.<\/p>\n\n\n\n<p>Furniz\u0103m urm\u0103toarele prese cu tehnologie Schmidt:<\/p>\n\n\n\n<ul class=\"wp-block-list\"><li>Prese manuale<\/li><li>Prese pneumatice<\/li><li>Prese hidro-pneumatice<\/li><li>Prese electrice<\/li><li>Prese servo<\/li><li>Comenzi\/dispozitive de comand\u0103<\/li><li>Software<\/li><\/ul>\n\n\n\n<p>Dac\u0103 ave\u021bi nevoie de mai multe informa\u021bii, <a href=\"https:\/\/www.schmidttechnology.de\/en\/products\/press-systems\/\">vizita\u021bi site-ul web SCHMIDT\u00ae Technology<\/a> \u0219i, de asemenea, nu ezita\u021bi s\u0103 ne <a href=\"https:\/\/www.eckerle-gruppe.com\/ro\/kontakt-cat\/#ContactForm\">contacta\u021bi pentru sfaturi de specialitate<\/a>!<\/p>\n","protected":false},"excerpt":{"rendered":"<p>Eckerle ac\u021bioneaz\u0103 ca dealer certificat \u0219i partener de service al SCHMIDT\u00aeTechnology. Presele SCHMIDT\u00ae reprezint\u0103 v\u00e2rful tehnologiei de asamblare. Fie c\u0103 vorbim de ma\u0219ini cu o singur\u0103 sta\u021bie de lucru fiabile \u00een proces sau de module de presare \u00een diferite linii de automatizare, presele noastre sunt cea mai bun\u0103 alegere pentru opera\u021biunile de \u00eembinare, asamblare, presare, [&hellip;]<\/p>\n","protected":false},"author":6,"featured_media":4237,"parent":0,"menu_order":0,"comment_status":"closed","ping_status":"closed","template":"page-schmidt.php","meta":{"_acf_changed":false,"footnotes":""},"class_list":["post-4229","page","type-page","status-publish","has-post-thumbnail","hentry"],"acf":[],"_links":{"self":[{"href":"https:\/\/www.eckerle-gruppe.com\/ro\/wp-json\/wp\/v2\/pages\/4229","targetHints":{"allow":["GET"]}}],"collection":[{"href":"https:\/\/www.eckerle-gruppe.com\/ro\/wp-json\/wp\/v2\/pages"}],"about":[{"href":"https:\/\/www.eckerle-gruppe.com\/ro\/wp-json\/wp\/v2\/types\/page"}],"author":[{"embeddable":true,"href":"https:\/\/www.eckerle-gruppe.com\/ro\/wp-json\/wp\/v2\/users\/6"}],"replies":[{"embeddable":true,"href":"https:\/\/www.eckerle-gruppe.com\/ro\/wp-json\/wp\/v2\/comments?post=4229"}],"version-history":[{"count":5,"href":"https:\/\/www.eckerle-gruppe.com\/ro\/wp-json\/wp\/v2\/pages\/4229\/revisions"}],"predecessor-version":[{"id":6400,"href":"https:\/\/www.eckerle-gruppe.com\/ro\/wp-json\/wp\/v2\/pages\/4229\/revisions\/6400"}],"wp:featuredmedia":[{"embeddable":true,"href":"https:\/\/www.eckerle-gruppe.com\/ro\/wp-json\/wp\/v2\/media\/4237"}],"wp:attachment":[{"href":"https:\/\/www.eckerle-gruppe.com\/ro\/wp-json\/wp\/v2\/media?parent=4229"}],"curies":[{"name":"wp","href":"https:\/\/api.w.org\/{rel}","templated":true}]}}