{"id":4227,"date":"2021-08-30T19:08:27","date_gmt":"2021-08-30T19:08:27","guid":{"rendered":"https:\/\/www.eckerle-gruppe.com\/?page_id=4227"},"modified":"2023-11-06T15:38:00","modified_gmt":"2023-11-06T15:38:00","slug":"protectia-la-locul-de-munca","status":"publish","type":"page","link":"https:\/\/www.eckerle-gruppe.com\/ro\/protectia-la-locul-de-munca\/","title":{"rendered":"Protec\u021bia la locul de munc\u0103"},"content":{"rendered":"\n<p><strong>SIGURAN\u021aA \u0218I PROTEC\u021aIA LA LOCUL DE MUNC\u0102<\/strong><\/p>\n\n\n\n<p>HomeSiguran\u021ba la locul de munc\u0103<\/p>\n\n\n\n<p>Grupul Eckerle se angajeaz\u0103 s\u0103 ofere un mediu de lucru sigur \u0219i s\u0103n\u0103tos angaja\u021bilor s\u0103i \u0219i tuturor p\u0103r\u021bilor ale c\u0103ror interese sunt afectate de compania noastr\u0103. Consider\u0103m siguran\u021ba la locul de munc\u0103 o valoare important\u0103 a companiei care trebuie \u00eencorporat\u0103 \u00een toate aspectele activit\u0103\u021bilor noastre.<\/p>\n\n\n\n<p><strong>Managementul eficient al muncii \u0219i al s\u0103n\u0103t\u0103\u021bii<\/strong><\/p>\n\n\n\n<p>Integr\u0103m obiectivele de securitate \u0219i s\u0103n\u0103tate \u00een munc\u0103 \u00een toate nivelurile activit\u0103\u021bilor de afaceri pe care le desf\u0103\u0219ur\u0103m. Conducerea \u0219i to\u021bi directorii sunt responsabili de prevenirea accidentelor \u0219i a bolilor profesionale. Evalu\u0103m \u00een mod regulat implementarea la nivel de \u00eentreprindere a liniilor directoare \u0219i succesul sistemului nostru de management.<\/p>\n\n\n\n<p><strong>Locuri de munc\u0103 sigure \u0219i s\u0103n\u0103toase<\/strong><\/p>\n\n\n\n<p>Angaja\u021bilor companiei li se asigur\u0103 locuri de munc\u0103 care promoveaz\u0103 siguran\u021ba \u0219i s\u0103n\u0103tatea. \u00cen proiectarea locurilor de munc\u0103 \u0219i a proceselor de lucru, lu\u0103m \u00een considerare cele mai recente descoperiri din domeniul cercet\u0103rii. Acord\u0103m importan\u021b\u0103 sporit\u0103 designului ergonomic al locurilor de munc\u0103.<\/p>\n\n\n\n<p><strong>Angaja\u021bi implica\u021bi<\/strong><\/p>\n\n\n\n<p>Dorim ca to\u021bi angaja\u021bii s\u0103 contribuie \u00een mod vizibil \u0219i activ la \u00eembun\u0103t\u0103\u021birea continu\u0103 a performan\u021bei noastre \u00een materie de siguran\u021b\u0103 la locul de munc\u0103. Ac\u021bion\u0103m responsabil \u00een conformitate cu propriile noastre reglement\u0103ri care se extind adesea dincolo de prevederile legale. Prin informa\u021bii regulate, instruire \u0219i dezvoltare profesional\u0103 continu\u0103, \u00eencuraj\u0103m expertiza \u0219i con\u0219tientizarea angaja\u021bilor no\u0219tri \u00een ce prive\u0219te siguran\u021ba la locul de munc\u0103 \u00een toate domeniile companiei.<\/p>\n\n\n\n<p><strong>M\u0103suri preventive<\/strong><\/p>\n\n\n\n<p>C\u00e2t despre siguran\u021ba la locul de munc\u0103, ne str\u0103duim s\u0103 atingem obiectivul de zero accidente sau boli profesionale.<\/p>\n\n\n\n<p>Atingerea acestui obiectiv este un factor crucial \u00een drumul nostru spre o performan\u021b\u0103 de afaceri remarcabil\u0103. Ne protej\u0103m angaja\u021bii de pericolele de s\u0103n\u0103tate prin m\u0103suri preventive extinse. Oferim asisten\u021b\u0103 de urgen\u021b\u0103 eficient\u0103 \u0219i integrat\u0103 \u00een toate loca\u021biile \u00een care ne desf\u0103\u0219ur\u0103m activitatea.<\/p>\n\n\n\n<p>&nbsp;<\/p>\n\n\n\n<p><a rel=\"noreferrer noopener\" href=\"https:\/\/www.eckerle-gruppe.com\/wp-content\/uploads\/2022\/03\/V1_Safety-at-work_RO.pdf\" target=\"_blank\">Protec\u021bia la locul de munc\u0103<\/a><\/p>\n","protected":false},"excerpt":{"rendered":"<p>SIGURAN\u021aA \u0218I PROTEC\u021aIA LA LOCUL DE MUNC\u0102 HomeSiguran\u021ba la locul de munc\u0103 Grupul Eckerle se angajeaz\u0103 s\u0103 ofere un mediu de lucru sigur \u0219i s\u0103n\u0103tos angaja\u021bilor s\u0103i \u0219i tuturor p\u0103r\u021bilor ale c\u0103ror interese sunt afectate de compania noastr\u0103. Consider\u0103m siguran\u021ba la locul de munc\u0103 o valoare important\u0103 a companiei care trebuie \u00eencorporat\u0103 \u00een toate aspectele [&hellip;]<\/p>\n","protected":false},"author":6,"featured_media":0,"parent":0,"menu_order":0,"comment_status":"closed","ping_status":"closed","template":"","meta":{"_acf_changed":false,"footnotes":""},"class_list":["post-4227","page","type-page","status-publish","hentry"],"acf":[],"_links":{"self":[{"href":"https:\/\/www.eckerle-gruppe.com\/ro\/wp-json\/wp\/v2\/pages\/4227","targetHints":{"allow":["GET"]}}],"collection":[{"href":"https:\/\/www.eckerle-gruppe.com\/ro\/wp-json\/wp\/v2\/pages"}],"about":[{"href":"https:\/\/www.eckerle-gruppe.com\/ro\/wp-json\/wp\/v2\/types\/page"}],"author":[{"embeddable":true,"href":"https:\/\/www.eckerle-gruppe.com\/ro\/wp-json\/wp\/v2\/users\/6"}],"replies":[{"embeddable":true,"href":"https:\/\/www.eckerle-gruppe.com\/ro\/wp-json\/wp\/v2\/comments?post=4227"}],"version-history":[{"count":2,"href":"https:\/\/www.eckerle-gruppe.com\/ro\/wp-json\/wp\/v2\/pages\/4227\/revisions"}],"predecessor-version":[{"id":8129,"href":"https:\/\/www.eckerle-gruppe.com\/ro\/wp-json\/wp\/v2\/pages\/4227\/revisions\/8129"}],"wp:attachment":[{"href":"https:\/\/www.eckerle-gruppe.com\/ro\/wp-json\/wp\/v2\/media?parent=4227"}],"curies":[{"name":"wp","href":"https:\/\/api.w.org\/{rel}","templated":true}]}}