{"id":4225,"date":"2021-08-30T19:08:04","date_gmt":"2021-08-30T19:08:04","guid":{"rendered":"https:\/\/www.eckerle-gruppe.com\/?page_id=4225"},"modified":"2023-11-06T15:38:04","modified_gmt":"2023-11-06T15:38:04","slug":"ghid-de-calitate","status":"publish","type":"page","link":"https:\/\/www.eckerle-gruppe.com\/ro\/ghid-de-calitate\/","title":{"rendered":"Ghid de Calitate"},"content":{"rendered":"\n<h3 class=\"wp-block-heading\"><strong>Ghiduri \u0219i certificate de calitate<\/strong><\/h3>\n\n\n\n<p>Eckerle vizeaz\u0103 \u00een primul r\u00e2nd calitatea&nbsp; produselor \u0219i serviciilor oferite.<\/p>\n\n\n\n<h3 class=\"wp-block-heading\"><strong>Ghiduri de calitate<\/strong><\/h3>\n\n\n\n<p>\u00cen cadrulEckerle, con\u0219tiin\u021ba calit\u0103\u021bii are prioritate maxim\u0103. Oferim clien\u021bilor no\u0219tri produse \u0219i servicii de \u00eenalt\u0103 calitate.<\/p>\n\n\n\n<ol class=\"wp-block-list\" id=\"block-58a8cbaa-7d54-4802-b31f-d84dc3ff5f7b\">\n<li><strong>Satisfac\u021bia clien\u021bilor no\u0219tri este cheia succesului&nbsp;<\/strong><br>\u00cen consecin\u021b\u0103, dorim s\u0103 oferim clien\u021bilor no\u0219tri calitatea pe care \u0219i-o doresc, la timp \u0219i la pre\u021buri competitive. Acela\u0219i lucru se aplic\u0103 \u0219i furnizorilor no\u0219tri.<\/li>\n\n\n\n<li><strong><strong>Clientul traseaz\u0103 limitele calit\u0103\u021bii pe care o oferim<\/strong><\/strong><br>Acesta este scopul nostru. Conformitatea este obiectivul nostru final, motorul care determin\u0103 \u00een egal\u0103 m\u0103sur\u0103 dezvoltarea companiei noastre.<\/li>\n\n\n\n<li><strong><strong>\u201cProcent de eroare zero\u201d<\/strong><\/strong><br>Acest obiectiv ne sprijin\u0103 \u00een optimizarea costurilor \u0219i \u00een profitabilizarea afacerii. Fiecare angajat beneficiaz\u0103 de acest aspect prin participarea la rezultatele opera\u021bionale.<\/li>\n\n\n\n<li><strong>&#8222;Zero fault rate&#8221;<\/strong><br>This helps us optimise our costs and make our business profitable. Every employee benefits from this through participation in the operating results.<\/li>\n\n\n\n<li><strong><strong>Punctualitatea<\/strong><\/strong><br>Respect\u0103m termenele stabilite. Solicit\u0103rile, ofertele, solicit\u0103rile de mostre \u0219i reclama\u021biile sunt solu\u021bionate prompt \u0219i cu responsabilitate.<\/li>\n\n\n\n<li><strong><strong>Responsabilitatea Angaja\u021bilor<\/strong><\/strong><br>Fiecare angajat face parte dintr-un tot unitar \u0219i contribuie astfel la realizarea obiectivelor de calitate, indiferent de func\u021bia pe care o de\u021bine \u00een companie. \u00cen cazul \u00een care Angaja\u021bii identific\u0103 riscuri de calitate, ace\u0219tia le vor evita \u00een limitele posibilit\u0103\u021bilor, \u00een caz contrar, vor informa imediat superiorul ierarhic.<\/li>\n\n\n\n<li><strong><strong><strong>Prevenirea erorilor prin compara\u021bie cu eliminarea lor<\/strong><\/strong><br><\/strong>Pentru a ne asigura c\u0103 erorile\/defec\u021biunile sunt eliminate complet, aplic\u0103m \u00een mod constant m\u0103suri probate \u0219i testate de prevenire \u0219i detectare a defec\u021biunilor.<\/li>\n\n\n\n<li><strong><strong>Calitatea \u2013&nbsp; o func\u021bie executiv\u0103 important\u0103<\/strong><\/strong><br>Asigurarea calit\u0103\u021bii cade \u00een sarcina conducerii companiei prin stabilirea de obiective pentru angaja\u021bi. \u00cen acest mod calitatea devine un aspect m\u0103surabil \u0219i influen\u021beaz\u0103 semnificativ evalu\u0103rile performan\u021bei individuale.<\/li>\n\n\n\n<li><strong><strong>Putem fi buni doar cu furnizori buni<\/strong><\/strong><br>Furnizorii no\u0219tri respect\u0103 la r\u00e2ndul lor cerin\u021bele noastre de calitate, noi neput\u00e2nd \u00eendeplini obiectivele clien\u021bilor no\u0219tri dec\u00e2t \u00een m\u0103sura \u00een care furniz\u0103m calitate la cote maxime.<\/li>\n\n\n\n<li><strong><strong>Suntem mult recunosc\u0103tori mediului \u0219i societ\u0103\u021bii<\/strong><\/strong>&nbsp;<br>Utiliz\u0103m cu maxim\u0103 considera\u021bie energia \u0219i materia prim\u0103 \u0219i ne implic\u0103m dincolo de nevoile opera\u021bionale.<\/li>\n\n\n\n<li><strong><strong>Consider\u0103m ghidurile de calitate obligatorii<\/strong><br><\/strong>To\u021bi angaja\u021bii sunt obliga\u021bi s\u0103 respecte ghidurile de calitate aplicabile.<\/li>\n<\/ol>\n\n\n\n<p>&nbsp;<\/p>\n\n\n\n<p><a rel=\"noreferrer noopener\" href=\"https:\/\/www.eckerle-gruppe.com\/wp-content\/uploads\/2022\/03\/V1_Quality-guidelines_RO.pdf\" target=\"_blank\">Ghid de Calitate<\/a><\/p>\n","protected":false},"excerpt":{"rendered":"<p>Ghiduri \u0219i certificate de calitate Eckerle vizeaz\u0103 \u00een primul r\u00e2nd calitatea&nbsp; produselor \u0219i serviciilor oferite. Ghiduri de calitate \u00cen cadrulEckerle, con\u0219tiin\u021ba calit\u0103\u021bii are prioritate maxim\u0103. Oferim clien\u021bilor no\u0219tri produse \u0219i servicii de \u00eenalt\u0103 calitate. &nbsp; Ghid de Calitate<\/p>\n","protected":false},"author":6,"featured_media":0,"parent":0,"menu_order":0,"comment_status":"closed","ping_status":"closed","template":"","meta":{"_acf_changed":false,"footnotes":""},"class_list":["post-4225","page","type-page","status-publish","hentry"],"acf":[],"_links":{"self":[{"href":"https:\/\/www.eckerle-gruppe.com\/ro\/wp-json\/wp\/v2\/pages\/4225","targetHints":{"allow":["GET"]}}],"collection":[{"href":"https:\/\/www.eckerle-gruppe.com\/ro\/wp-json\/wp\/v2\/pages"}],"about":[{"href":"https:\/\/www.eckerle-gruppe.com\/ro\/wp-json\/wp\/v2\/types\/page"}],"author":[{"embeddable":true,"href":"https:\/\/www.eckerle-gruppe.com\/ro\/wp-json\/wp\/v2\/users\/6"}],"replies":[{"embeddable":true,"href":"https:\/\/www.eckerle-gruppe.com\/ro\/wp-json\/wp\/v2\/comments?post=4225"}],"version-history":[{"count":7,"href":"https:\/\/www.eckerle-gruppe.com\/ro\/wp-json\/wp\/v2\/pages\/4225\/revisions"}],"predecessor-version":[{"id":8128,"href":"https:\/\/www.eckerle-gruppe.com\/ro\/wp-json\/wp\/v2\/pages\/4225\/revisions\/8128"}],"wp:attachment":[{"href":"https:\/\/www.eckerle-gruppe.com\/ro\/wp-json\/wp\/v2\/media?parent=4225"}],"curies":[{"name":"wp","href":"https:\/\/api.w.org\/{rel}","templated":true}]}}