{"id":4219,"date":"2021-08-30T19:06:52","date_gmt":"2021-08-30T19:06:52","guid":{"rendered":"https:\/\/www.eckerle-gruppe.com\/?page_id=4219"},"modified":"2026-02-20T12:03:36","modified_gmt":"2026-02-20T12:03:36","slug":"imprima","status":"publish","type":"page","link":"https:\/\/www.eckerle-gruppe.com\/ro\/imprima\/","title":{"rendered":"Imprim\u0103"},"content":{"rendered":"\n<div class=\"wp-block-columns is-layout-flex wp-container-core-columns-is-layout-9d6595d7 wp-block-columns-is-layout-flex\">\n<div class=\"wp-block-column is-layout-flow wp-block-column-is-layout-flow\">\n<p><strong>Eckerle Holding GmbH<\/strong><\/p>\n\n\n\n<p>Industriestra\u00dfe 15<br>Ottersweier Germany D &#8211; 77833<\/p>\n\n\n\n<p>Phone +49.7223.98.43.0<br>Fax +49.7223.98.43.134<\/p>\n\n\n\n<p>Email <a href=\"mailto:info@de.eckerle-gruppe.com\">info@de.eckerle-gruppe.com<\/a><\/p>\n\n\n\n<p><\/p>\n\n\n\n<p><strong>Directori administrativi<\/strong><\/p>\n\n\n\n<div class=\"wp-block-group\"><div class=\"wp-block-group__inner-container is-layout-flow wp-block-group-is-layout-flow\">\n<div class=\"wp-block-group\"><div class=\"wp-block-group__inner-container is-layout-flow wp-block-group-is-layout-flow\">\n<div class=\"wp-block-group\"><div class=\"wp-block-group__inner-container is-layout-flow wp-block-group-is-layout-flow\">\n<p>Cem Peksaglam<br>Martina Gartner<br><\/p>\n<\/div><\/div>\n<\/div><\/div>\n<\/div><\/div>\n\n\n\n<p><strong>Jurisdic\u021bie local\u0103<br><\/strong>Mannheim<br>HRB&nbsp;710001<\/p>\n\n\n\n<p><strong>Nr. TVA<\/strong> DE 812 052 050<\/p>\n<\/div>\n\n\n\n<div class=\"wp-block-column is-layout-flow wp-block-column-is-layout-flow\">\n<p><strong>Eckerle Automotive GmbH<\/strong><\/p>\n\n\n\n<p>Industriestra\u00dfe 15<br>Ottersweier Germany D &#8211; 77833<\/p>\n\n\n\n<p>Phone +49.7223.98.43.0<br>Fax +49.7223.98.43.134<\/p>\n\n\n\n<p>Email <a href=\"mailto:info@de.eckerle-gruppe.com\">info@de.eckerle-gruppe.com<\/a><\/p>\n\n\n\n<p><\/p>\n\n\n\n<p><strong>Directori administrativi<\/strong><\/p>\n\n\n\n<p>Cem Peksaglam<br>Bernd Sch\u00f6ffler<br>Martina Gartner<\/p>\n\n\n\n<p><strong>Jurisdic\u021bie local\u0103<br><\/strong>Mannheim<br>HRB&nbsp;210241<\/p>\n\n\n\n<p><strong>Nr. TVA<\/strong> DE 811 366 515&nbsp;<\/p>\n<\/div>\n\n\n\n<div class=\"wp-block-column is-layout-flow wp-block-column-is-layout-flow\">\n<p><strong>Eckerle Industrie GmbH<\/strong><\/p>\n\n\n\n<p>Industriestra\u00dfe 15<br>Ottersweier Germany D &#8211; 77833<\/p>\n\n\n\n<p>Phone +49.7223.98.43.0<br>Fax +49.7223.98.43.134<\/p>\n\n\n\n<p>Email <a href=\"mailto:info@de.eckerle-gruppe.com\">info@de.eckerle-gruppe.com<\/a><\/p>\n\n\n\n<p><\/p>\n\n\n\n<p><strong>Directori administrativi<\/strong><\/p>\n\n\n\n<p>Cem Peksaglam<br>Martina Gartner<br>Alexander Friese<\/p>\n\n\n\n<p><strong>Jurisdic\u021bie local\u0103<br><\/strong>Mannheim<br>HRB&nbsp;705308&nbsp;<\/p>\n\n\n\n<p><strong>Nr. TVA<\/strong> DE 261 873 731<\/p>\n<\/div>\n<\/div>\n\n\n\n<h3 class=\"wp-block-heading\">Declinarea r\u0103spunderii legale<\/h3>\n\n\n\n<p>Informa\u021bii despre jurispruden\u021b\u0103 cu privire la linkuri: <\/p>\n\n\n\n<p>Prin hot\u0103r\u00e2rea pronun\u021bat\u0103 \u00een mai 1998 Az 1998 &#8211; 312 O 85\/98 &#8211; \u201eR\u0103spundere juridic\u0103 \u00een cazul ink-urilor\u201d, instan\u021ba regional\u0103 din Hamburg a decis c\u0103 furnizorul de linkuri devine responsabil \u0219i de con\u021binutul paginii distribuite\/ata\u0219ate. Declinarea r\u0103spunderii &#8211; potrivit instan\u021bei &#8211; devine posibil\u0103 doar prin delimitarea \u00een mod expres de con\u021binut. Neav\u00e2nd a\u0219adar nicio influen\u021b\u0103 asupra designului \u0219i con\u021binutului paginilor ata\u0219ate ne delimit\u0103m de orie \u0219i toate con\u021binuturile de pe toate paginile ata\u0219ate la\/direc\u021bionate \u00eenspre site-ul nostru \u0219i nu sus\u021binem aceste con\u021binuturi.<\/p>\n\n\n\n<p>Declara\u021bia se aplic\u0103 tuturor limnurilor de pe site-ul nostru.<\/p>\n\n\n\n<h3 class=\"wp-block-heading\">\u00a9 Drepturi de autor<\/h3>\n\n\n\n<p>Toate drepturile rezervate. Textul, imaginile, grafica \u0219i aranjarea acestora pe site-ul nostru web sunt protejate de drepturile de autor \u0219i alte legi de proprietate intelectual\u0103.<\/p>\n\n\n\n<h3 class=\"wp-block-heading\">Politica de confiden\u021bialitate<\/h3>\n\n\n\n<p><a href=\"https:\/\/www.eckerle-gruppe.com\/ro\/notificari-de-confidentialitate\/\" data-type=\"page\">Pute\u021bi accesa aici regulamentele de protec\u021bie a datelor personale<\/a><a href=\"http:\/\/www.test.eckerle-gruppe.com\/ro\/general-terms\/\" data-type=\"page\" data-id=\"4079\">.<\/a><\/p>\n\n\n\n<p><\/p>\n","protected":false},"excerpt":{"rendered":"<p>Eckerle Holding GmbH Industriestra\u00dfe 15Ottersweier Germany D &#8211; 77833 Phone +49.7223.98.43.0Fax +49.7223.98.43.134 Email info@de.eckerle-gruppe.com Directori administrativi Cem PeksaglamMartina Gartner Jurisdic\u021bie local\u0103MannheimHRB&nbsp;710001 Nr. TVA DE 812 052 050 Eckerle Automotive GmbH Industriestra\u00dfe 15Ottersweier Germany D &#8211; 77833 Phone +49.7223.98.43.0Fax +49.7223.98.43.134 Email info@de.eckerle-gruppe.com Directori administrativi Cem PeksaglamBernd Sch\u00f6fflerMartina Gartner Jurisdic\u021bie local\u0103MannheimHRB&nbsp;210241 Nr. TVA DE 811 366 515&nbsp; [&hellip;]<\/p>\n","protected":false},"author":6,"featured_media":0,"parent":0,"menu_order":0,"comment_status":"closed","ping_status":"closed","template":"","meta":{"_acf_changed":false,"footnotes":""},"class_list":["post-4219","page","type-page","status-publish","hentry"],"acf":[],"_links":{"self":[{"href":"https:\/\/www.eckerle-gruppe.com\/ro\/wp-json\/wp\/v2\/pages\/4219","targetHints":{"allow":["GET"]}}],"collection":[{"href":"https:\/\/www.eckerle-gruppe.com\/ro\/wp-json\/wp\/v2\/pages"}],"about":[{"href":"https:\/\/www.eckerle-gruppe.com\/ro\/wp-json\/wp\/v2\/types\/page"}],"author":[{"embeddable":true,"href":"https:\/\/www.eckerle-gruppe.com\/ro\/wp-json\/wp\/v2\/users\/6"}],"replies":[{"embeddable":true,"href":"https:\/\/www.eckerle-gruppe.com\/ro\/wp-json\/wp\/v2\/comments?post=4219"}],"version-history":[{"count":13,"href":"https:\/\/www.eckerle-gruppe.com\/ro\/wp-json\/wp\/v2\/pages\/4219\/revisions"}],"predecessor-version":[{"id":10268,"href":"https:\/\/www.eckerle-gruppe.com\/ro\/wp-json\/wp\/v2\/pages\/4219\/revisions\/10268"}],"wp:attachment":[{"href":"https:\/\/www.eckerle-gruppe.com\/ro\/wp-json\/wp\/v2\/media?parent=4219"}],"curies":[{"name":"wp","href":"https:\/\/api.w.org\/{rel}","templated":true}]}}