{"id":4170,"date":"2021-08-30T18:59:33","date_gmt":"2021-08-30T18:59:33","guid":{"rendered":"https:\/\/www.eckerle-gruppe.com\/?page_id=4170"},"modified":"2021-08-31T06:41:12","modified_gmt":"2021-08-31T06:41:12","slug":"componente-bosch-rexroth","status":"publish","type":"page","link":"https:\/\/www.eckerle-gruppe.com\/ro\/componente-bosch-rexroth\/","title":{"rendered":"Componente Bosch Rexroth"},"content":{"rendered":"\n<div class=\"wp-block-image is-style-default\"><figure class=\"alignright size-large is-resized\"><img loading=\"lazy\" decoding=\"async\" src=\"https:\/\/www.eckerle-gruppe.com\/wp-content\/uploads\/2021\/08\/bosch-rexroth-1.jpeg\" alt=\"\" class=\"wp-image-4171\" width=\"329\" height=\"329\" srcset=\"https:\/\/www.eckerle-gruppe.com\/wp-content\/uploads\/2021\/08\/bosch-rexroth-1.jpeg 657w, https:\/\/www.eckerle-gruppe.com\/wp-content\/uploads\/2021\/08\/bosch-rexroth-1-300x300.jpeg 300w, https:\/\/www.eckerle-gruppe.com\/wp-content\/uploads\/2021\/08\/bosch-rexroth-1-150x150.jpeg 150w\" sizes=\"auto, (max-width: 329px) 100vw, 329px\" \/><\/figure><\/div>\n\n\n\n<p>Colaborarea dintre Eckerle \u0219i Bosch Rexroth dureaz\u0103 de mai bine de jum\u0103tate de secol. \u00cen semn de recunoa\u0219tere a expertizei noastre profesionale, \u00een 2020 am devenit prima companie din Ungaria desemnat\u0103 partener oficial de distribu\u021bie certificat Bosch Rexroth &#8211; onoare de care suntem extrem de m\u00e2ndri!<\/p>\n\n\n\n<p>De zeci de ani oferim partenerilor no\u0219tri actuali \u0219i viitori o gam\u0103 diversificat\u0103 de componente de sistem Bosch-Rexroth. Pe l\u00e2ng\u0103 aceste produse definite printr-un grad ridicat de eficien\u021b\u0103 \u0219i longevitate comercializ\u0103m \u0219i componente de sistem nu doar ca parte a dispozitivelor complexe, ci ca piese individuale. Sistemele de produc\u021bie pot fi ad\u0103ugate \u0219i combinate \u00een mod voluntar.<\/p>\n\n\n\n<p>Utiliz\u0103m noi \u00een\u0219ine sisteme Bosch Rexroth \u00een propriile noastre unit\u0103\u021bi de produc\u021bie, experien\u021b\u0103 care ne determin\u0103 s\u0103 recomand\u0103m clien\u021bilor no\u0219tri aceste componente de sistem. Produsele existente pe stoc se livreaz\u0103 a doua zi. Pentru consultan\u021b\u0103 la fa\u021ba locului oferit\u0103 de c\u0103tre personalul nostru \u00eenalt calificat \u0219i pentru oferte de pre\u021b individualizate nu ezita\u021bi s\u0103 ne contacta\u021bi.<\/p>\n\n\n\n<p>Furniz\u0103m urm\u0103toarele componente de sistem:<\/p>\n\n\n\n<ul class=\"wp-block-list\" id=\"block-7bf8de69-200a-40de-8d79-523025ad93c6\"><li><a href=\"#scroll_4196\">Tehnologie de asamblare<\/a><\/li><li><a href=\"#scroll_4184\">Tehnologie liniar\u0103<\/a><\/li><li><a href=\"#scroll_4192\">Tehnologie de \u00een\u0219urubare\/ \u00eenfiletare<\/a><\/li><li><a href=\"#scroll_4188\">Ac\u021bion\u0103ri \u0219i comenzi electrice<\/a><\/li><\/ul>\n","protected":false},"excerpt":{"rendered":"<p>Colaborarea dintre Eckerle \u0219i Bosch Rexroth dureaz\u0103 de mai bine de jum\u0103tate de secol. \u00cen semn de recunoa\u0219tere a expertizei noastre profesionale, \u00een 2020 am devenit prima companie din Ungaria desemnat\u0103 partener oficial de distribu\u021bie certificat Bosch Rexroth &#8211; onoare de care suntem extrem de m\u00e2ndri! De zeci de ani oferim partenerilor no\u0219tri actuali \u0219i [&hellip;]<\/p>\n","protected":false},"author":6,"featured_media":4181,"parent":0,"menu_order":0,"comment_status":"closed","ping_status":"closed","template":"page-bosch.php","meta":{"_acf_changed":false,"footnotes":""},"class_list":["post-4170","page","type-page","status-publish","has-post-thumbnail","hentry"],"acf":[],"_links":{"self":[{"href":"https:\/\/www.eckerle-gruppe.com\/ro\/wp-json\/wp\/v2\/pages\/4170","targetHints":{"allow":["GET"]}}],"collection":[{"href":"https:\/\/www.eckerle-gruppe.com\/ro\/wp-json\/wp\/v2\/pages"}],"about":[{"href":"https:\/\/www.eckerle-gruppe.com\/ro\/wp-json\/wp\/v2\/types\/page"}],"author":[{"embeddable":true,"href":"https:\/\/www.eckerle-gruppe.com\/ro\/wp-json\/wp\/v2\/users\/6"}],"replies":[{"embeddable":true,"href":"https:\/\/www.eckerle-gruppe.com\/ro\/wp-json\/wp\/v2\/comments?post=4170"}],"version-history":[{"count":6,"href":"https:\/\/www.eckerle-gruppe.com\/ro\/wp-json\/wp\/v2\/pages\/4170\/revisions"}],"predecessor-version":[{"id":4880,"href":"https:\/\/www.eckerle-gruppe.com\/ro\/wp-json\/wp\/v2\/pages\/4170\/revisions\/4880"}],"wp:featuredmedia":[{"embeddable":true,"href":"https:\/\/www.eckerle-gruppe.com\/ro\/wp-json\/wp\/v2\/media\/4181"}],"wp:attachment":[{"href":"https:\/\/www.eckerle-gruppe.com\/ro\/wp-json\/wp\/v2\/media?parent=4170"}],"curies":[{"name":"wp","href":"https:\/\/api.w.org\/{rel}","templated":true}]}}