{"id":8197,"date":"2023-12-05T20:17:29","date_gmt":"2023-12-05T20:17:29","guid":{"rendered":"https:\/\/www.eckerle-gruppe.com\/?page_id=8197"},"modified":"2024-03-21T16:03:00","modified_gmt":"2024-03-21T16:03:00","slug":"panaszbejelento","status":"publish","type":"page","link":"https:\/\/www.eckerle-gruppe.com\/hu\/panaszbejelento\/","title":{"rendered":"Panaszbejelent\u0151 rendszer"},"content":{"rendered":"\n<p>A jogszab\u00e1lyok \u00e9s a bels\u0151 ir\u00e1nyelvek betart\u00e1sa az Eckerle sz\u00e1m\u00e1ra kiemelt fontoss\u00e1g\u00fa. Ezek, valamint a felel\u0151ss\u00e9gteljes t\u00e1rsadalmi cselekv\u00e9s t\u00f6bbek k\u00f6z\u00f6tt alapjai j\u00f3 h\u00edrnev\u00fcnknek \u00e9s a hossz\u00fat\u00e1v\u00fa v\u00e1llalati siker\u00fcnknek.<\/p>\n\n\n\n<p>Idej\u00e9ben fel kell ismern\u00fcnk a tisztess\u00e9gtelen magatart\u00e1si form\u00e1kat \u00e9s jogs\u00e9rt\u00e9seket. 2023-ban az\u00e9rt vezett\u00fck be panaszbejelent\u0151 rendszer\u00fcnket, hogy a v\u00e1llalatot, vagy alkalmazottait \u00e9s harmadik feleket \u00e9rt jogs\u00e9rt\u00e9seket m\u00e9lt\u00e1nyosan \u00e9s szab\u00e1lyszer\u0171en vizsg\u00e1lhassuk ki.<\/p>\n\n\n\n<p>A panaszbejelent\u0151 rendszer lehet\u0151v\u00e9 teszi, hogy a munkav\u00e1llal\u00f3k, a v\u00e1llalattal kapcsolatban \u00e1ll\u00f3 harmadik felek szem\u00e9lyazonoss\u00e1guk felfed\u00e9se n\u00e9lk\u00fcl jelents\u00e9k a szab\u00e1lytalans\u00e1gokat a vil\u00e1g b\u00e1rmely pontj\u00e1n. Ez\u00e1ltal az Eckerle felismerheti a potenci\u00e1lis kock\u00e1zatokat, megel\u0151zheti azokat a k\u00e1rokat, melyek a v\u00e1llalatot, annak alkalmazottiat \u00e9s harmadik feleket \u00e9r, valamint megv\u00e9dheti azokat a szem\u00e9lyeket, akiket a helytelen magatart\u00e1s s\u00e9rthet.<\/p>\n\n\n\n<p>Magas kock\u00e1zatot jelent\u0151 szab\u00e1lys\u00e9rt\u00e9sek k\u00f6z\u00e9 tartoznak p\u00e9ld\u00e1ul a korrupci\u00f3val kapcsolatos szab\u00e1lys\u00e9rt\u00e9sek, a tr\u00f6sztellenes t\u00f6rv\u00e9nyek \u00e9s a p\u00e9nzmos\u00e1s elleni szab\u00e1lyok megszeg\u00e9se, a k\u00f6telez\u0151 \u00e9rv\u00e9ny\u0171 technikai rendelkez\u00e9sek figyelmen k\u00edv\u00fcl hagy\u00e1sa, vagy a k\u00f6rnyezetv\u00e9delmi el\u0151\u00edr\u00e1sokkal kapcsolatos jogs\u00e9rt\u00e9sek. Szint\u00e9n magas kock\u00e1zat\u00fa szab\u00e1lys\u00e9rt\u00e9snek min\u0151s\u00fclnek a szem\u00e9lyes \u00fcgyek\/mag\u00e1n\u00fcgy, p\u00e9ld\u00e1ul a szexu\u00e1lis zaklat\u00e1s vagy az emberi jogok megs\u00e9rt\u00e9se. <\/p>\n\n\n\n<p>Az Eckerle minden bels\u0151 \u00e9s k\u00fcls\u0151 szerepl\u0151t egyar\u00e1nt b\u00e1tor\u00edt, hogy a v\u00e1llalattal kapcsolatos szab\u00e1lytalans\u00e1gokat a megtorl\u00e1st\u00f3l val\u00f3 f\u00e9lelem n\u00e9lk\u00fcl jelentse.<\/p>\n\n\n\n<p>Ha konkr\u00e9t inform\u00e1ci\u00f3i vannak az Eckerle Csoporttal tev\u00e9kenys\u00e9g\u00e9vel \u00f6sszef\u00fcgg\u0151 szab\u00e1lytalans\u00e1gokkal kapcsolatban, haszn\u00e1lja a Csoport panaszbejelent\u0151 rendszer\u00e9t, amennyiben szeretn\u00e9 \u2013 n\u00e9vtelen\u00fcl.<\/p>\n\n\n\n<p>Panaszbejelent\u0151 rendszer\u00fcnket <a href=\"https:\/\/eckerle-gruppe.hinweis.digital\/\" data-type=\"link\" data-id=\"https:\/\/eckerle-gruppe.hinweis.digital\/\" target=\"_blank\" rel=\"noreferrer noopener\">itt<\/a> \u00e9rheti el!<\/p>\n","protected":false},"excerpt":{"rendered":"<p>A jogszab\u00e1lyok \u00e9s a bels\u0151 ir\u00e1nyelvek betart\u00e1sa az Eckerle sz\u00e1m\u00e1ra kiemelt fontoss\u00e1g\u00fa. Ezek, valamint a felel\u0151ss\u00e9gteljes t\u00e1rsadalmi cselekv\u00e9s t\u00f6bbek k\u00f6z\u00f6tt alapjai j\u00f3 h\u00edrnev\u00fcnknek \u00e9s a hossz\u00fat\u00e1v\u00fa v\u00e1llalati siker\u00fcnknek. Idej\u00e9ben fel kell ismern\u00fcnk a tisztess\u00e9gtelen magatart\u00e1si form\u00e1kat \u00e9s jogs\u00e9rt\u00e9seket. 2023-ban az\u00e9rt vezett\u00fck be panaszbejelent\u0151 rendszer\u00fcnket, hogy a v\u00e1llalatot, vagy alkalmazottait \u00e9s harmadik feleket \u00e9rt jogs\u00e9rt\u00e9seket m\u00e9lt\u00e1nyosan [&hellip;]<\/p>\n","protected":false},"author":6,"featured_media":0,"parent":0,"menu_order":0,"comment_status":"closed","ping_status":"closed","template":"","meta":{"_acf_changed":false,"footnotes":""},"class_list":["post-8197","page","type-page","status-publish","hentry"],"acf":[],"_links":{"self":[{"href":"https:\/\/www.eckerle-gruppe.com\/hu\/wp-json\/wp\/v2\/pages\/8197","targetHints":{"allow":["GET"]}}],"collection":[{"href":"https:\/\/www.eckerle-gruppe.com\/hu\/wp-json\/wp\/v2\/pages"}],"about":[{"href":"https:\/\/www.eckerle-gruppe.com\/hu\/wp-json\/wp\/v2\/types\/page"}],"author":[{"embeddable":true,"href":"https:\/\/www.eckerle-gruppe.com\/hu\/wp-json\/wp\/v2\/users\/6"}],"replies":[{"embeddable":true,"href":"https:\/\/www.eckerle-gruppe.com\/hu\/wp-json\/wp\/v2\/comments?post=8197"}],"version-history":[{"count":8,"href":"https:\/\/www.eckerle-gruppe.com\/hu\/wp-json\/wp\/v2\/pages\/8197\/revisions"}],"predecessor-version":[{"id":8759,"href":"https:\/\/www.eckerle-gruppe.com\/hu\/wp-json\/wp\/v2\/pages\/8197\/revisions\/8759"}],"wp:attachment":[{"href":"https:\/\/www.eckerle-gruppe.com\/hu\/wp-json\/wp\/v2\/media?parent=8197"}],"curies":[{"name":"wp","href":"https:\/\/api.w.org\/{rel}","templated":true}]}}