{"id":6267,"date":"2022-03-14T06:45:26","date_gmt":"2022-03-14T06:45:26","guid":{"rendered":"https:\/\/www.eckerle-gruppe.com\/?page_id=6267"},"modified":"2025-04-15T11:15:21","modified_gmt":"2025-04-15T11:15:21","slug":"palyazat","status":"publish","type":"page","link":"https:\/\/www.eckerle-gruppe.com\/hu\/palyazat\/","title":{"rendered":"P\u00e1ly\u00e1zat"},"content":{"rendered":"\n<h2 class=\"wp-block-heading\">Megval\u00f3sult p\u00e1ly\u00e1zati projekt\u00fcnk!<\/h2>\n\n\n\n<p><\/p>\n\n\n\n<p><strong>Munkahelyi k\u00e9pz\u00e9s megval\u00f3s\u00edt\u00e1sa az ECKERLE AUTOMOTIVE Kft., ECKERLE INDUSTRIE Kft., Eckerle Automotive B\u00f3ly Kft. munkav\u00e1llal\u00f3i r\u00e9sz\u00e9re konzorciumi egy\u00fcttm\u0171k\u00f6d\u00e9s keret\u00e9ben<\/strong><\/p>\n\n\n\n<p><strong>A kedvezm\u00e9nyezett neve: <\/strong>ECKERLE AUTOMOTIVE Alkatr\u00e9szgy\u00e1rt\u00f3, Kereskedelmi \u00e9s Szolg\u00e1ltat\u00f3 Korl\u00e1tolt Felel\u0151ss\u00e9g\u0171 T\u00e1rsas\u00e1g<\/p>\n\n\n\n<p><strong>A projekt c\u00edme: <\/strong>Munkahelyi k\u00e9pz\u00e9s megval\u00f3s\u00edt\u00e1sa az ECKERLE AUTOMOTIVE Kft., ECKERLE INDUSTRIE Kft., Eckerle Automotive B\u00f3ly Kft. munkav\u00e1llal\u00f3i r\u00e9sz\u00e9re konzorciumi egy\u00fcttm\u0171k\u00f6d\u00e9s keret\u00e9ben<\/p>\n\n\n\n<p><strong>A szerz\u0151d\u00f6tt t\u00e1mogat\u00e1s \u00f6sszege: <\/strong>17 321 996 Ft<\/p>\n\n\n\n<p><strong>A t\u00e1mogat\u00e1s m\u00e9rt\u00e9ke<\/strong>: 100 %<\/p>\n\n\n\n<p><strong>A projekt befejez\u00e9si d\u00e1tuma: <\/strong>2021.09.30.<strong><\/strong><\/p>\n\n\n\n<p><strong>A projekt azonos\u00edt\u00f3 sz\u00e1ma: <\/strong>GINOP-6.1.5-17-2018-00125<\/p>\n\n\n\n<p><strong>A projekt tartalm\u00e1nak bemutat\u00e1sa:<\/strong><\/p>\n\n\n\n<p>Az al\u00e1bbi k\u00e9pz\u00e9seket tartottuk meg:<\/p>\n\n\n\n<p><\/p>\n\n\n\n<p><strong>ECKERLE AUTOMOTIVE Kft.:<\/strong><\/p>\n\n\n\n<ul class=\"wp-block-list\">\n<li>Folyamatszeml\u00e9let 1. (9 f\u0151)<\/li>\n\n\n\n<li>Folyamatszeml\u00e9let 2 (11 f\u0151)<\/li>\n\n\n\n<li>Folyamatszeml\u00e9let 3 (13 f\u0151)<\/li>\n\n\n\n<li>K\u00f6z\u00e9pvezet\u0151i-operat\u00edv ir\u00e1ny\u00edt\u00f3i k\u00e9pz\u00e9s 1. (7 f\u0151)<\/li>\n\n\n\n<li>K\u00f6z\u00e9pvezet\u0151i-operat\u00edv ir\u00e1ny\u00edt\u00f3i k\u00e9pz\u00e9s 2. (11 f\u0151)<\/li>\n\n\n\n<li>Ipar 4.0 (7 f\u0151)<\/li>\n\n\n\n<li>Kock\u00e1zatelemz\u00e9s (11 f\u0151)<\/li>\n\n\n\n<li>Szem\u00e9lyes szint\u0171 kommunik\u00e1ci\u00f3 (11 f\u0151)<\/li>\n\n\n\n<li>Probl\u00e9mamegold\u00e1s Six-sigma m\u00f3dszerrel (8 f\u0151)<\/li>\n<\/ul>\n\n\n\n<p><\/p>\n\n\n\n<p><strong>ECKERLE INDUSTRIE Kft.:<\/strong><\/p>\n\n\n\n<ul class=\"wp-block-list\">\n<li>Folyamatok fejleszt\u00e9s\u00e9nek alapismeretei 1. (14 f\u0151)<\/li>\n\n\n\n<li>Folyamatok fejleszt\u00e9s\u00e9nek alapismeretei 2. (17 f\u0151)<\/li>\n\n\n\n<li>A hat\u00e9kony vezet\u0151i eszk\u00f6zt\u00e1r 1. (4 f\u0151)<\/li>\n\n\n\n<li>A hat\u00e9kony vezet\u0151i eszk\u00f6zt\u00e1r 2. (10 f\u0151)<\/li>\n\n\n\n<li>Ipar 4.0 1. csoport (10 f\u0151)<\/li>\n\n\n\n<li>Ipar 4.0 1. csoport (8 f\u0151)<\/li>\n\n\n\n<li>Szem\u00e9lyes szint\u0171 kommunik\u00e1ci\u00f3 (5 f\u0151)<\/li>\n<\/ul>\n\n\n\n<p>Ez\u00faton mondunk k\u00f6sz\u00f6netet a Magyar \u00c1llamkincst\u00e1rnak!<\/p>\n\n\n\n<figure class=\"wp-block-image size-large\"><img loading=\"lazy\" decoding=\"async\" width=\"590\" height=\"371\" src=\"https:\/\/www.eckerle-gruppe.com\/wp-content\/uploads\/2022\/03\/ESZA_logo.jpg\" alt=\"\" class=\"wp-image-7025\" srcset=\"https:\/\/www.eckerle-gruppe.com\/wp-content\/uploads\/2022\/03\/ESZA_logo.jpg 590w, https:\/\/www.eckerle-gruppe.com\/wp-content\/uploads\/2022\/03\/ESZA_logo-300x189.jpg 300w\" sizes=\"auto, (max-width: 590px) 100vw, 590px\" \/><\/figure>\n\n\n\n<p><\/p>\n\n\n\n<p><\/p>\n\n\n\n<h2 class=\"wp-block-heading\">A HAZAI IPARI DIGITALIZ\u00c1CI\u00d3 EL\u0150SEG\u00cdT\u00c9S\u00c9T C\u00c9LZ\u00d3 I4.0 MEGOLD\u00c1SOKRA \u00c9P\u00dcL\u0150 GY\u00c1RT\u00c1SMONITOROZ\u00c1SI \u00c9S ANALITIKAI RENDSZERFEJLESZT\u00c9S<\/h2>\n\n\n\n<p>2012-ben a n\u00e9met sz\u00f6vets\u00e9gi korm\u00e1ny \u00e1ltal nemzeti strat\u00e9giak\u00e9nt megfogalmazott Ipar 4.0, azaz a negyedik ipari forradalom okozta azt a gy\u00fajt\u00f3pontot, ami hatalmas ugr\u00e1st jelentett az ipar h\u00e1l\u00f3zatba kapcsol\u00e1s\u00e1ban. 2018-ban a Bosch Rexroth Hajt\u00e1s- \u00e9s Vez\u00e9rl\u00e9stechnika Kft. \u00e9s a DSS Consulting Zrt. konzorciumi egy\u00fcttm\u0171k\u00f6d\u00e9si meg\u00e1llapod\u00e1st k\u00f6t\u00f6ttek abb\u00f3l a c\u00e9lb\u00f3l, hogy Magyarorsz\u00e1gon is l\u00e9trej\u00f6jj\u00f6n egy olyan mintaprojekt, amelynek k\u00f6z\u00e9ppontj\u00e1ban a J\u00f6v\u0151 Gy\u00e1ra v\u00edzi\u00f3ja \u00e1ll.<\/p>\n\n\n\n<p>Elnyert t\u00e1mogat\u00e1s \u00f6sszege: 543.000.000 Ft<br>T\u00e1mogat\u00f3: Nemzeti Kutat\u00e1si, Fejleszt\u00e9si \u00e9s Innov\u00e1ci\u00f3s Hivatal<br>Projekt azonos\u00edt\u00f3 sz\u00e1ma: 2020-1.1.2-PIACI-KFI-2021-00213<\/p>\n\n\n\n<p><strong>Konzorciumvezet\u0151:<\/strong>&nbsp;Bosch Rexroth Hajt\u00e1s- \u00e9s Vez\u00e9rl\u00e9stechnika Kft.<\/p>\n\n\n\n<p><strong>Konzorciumi partnerek:&nbsp;<\/strong>Eckerle Industrie Kereskedelmi \u00e9s Szolg\u00e1ltat\u00f3 Kft.,&nbsp;DSS Consulting Kft.,&nbsp;Budapesti Corvinus Egyetem<\/p>\n\n\n\n<p><strong><a rel=\"noreferrer noopener\" href=\"https:\/\/www.boschrexroth.com\/hu\/hu\/kutatas-fejlesztes\/\" target=\"_blank\">Tov\u00e1bbi inform\u00e1ci\u00f3k itt olvashat\u00f3k.<\/a><\/strong><\/p>\n\n\n\n<p><strong>Let\u00f6lthet\u0151 anyagok:<\/strong><\/p>\n\n\n\n<p>1.&nbsp;<a rel=\"noreferrer noopener\" href=\"https:\/\/www.eckerle-gruppe.com\/wp-content\/uploads\/2023\/09\/Bosch_Rexroth_Sajtokozlemeny_NKFIA__2019_HU.pdf\" target=\"_blank\">Sajt\u00f3k\u00f6zlem\u00e9ny<\/a><br>2.&nbsp;<a rel=\"noreferrer noopener\" href=\"https:\/\/www.eckerle-gruppe.com\/wp-content\/uploads\/2023\/09\/Bosch-Rexroth-NKFIA-projekt-osszefoglalo-diasor-2019-hu.pdf\" target=\"_blank\">Projekt\u00f6sszefoglal\u00f3 diasor<\/a><\/p>\n\n\n\n<figure class=\"wp-block-gallery has-nested-images columns-default is-cropped wp-block-gallery-1 is-layout-flex wp-block-gallery-is-layout-flex\">\n<figure class=\"wp-block-image size-large\"><img loading=\"lazy\" decoding=\"async\" width=\"768\" height=\"1024\" data-id=\"7810\" src=\"https:\/\/www.eckerle-gruppe.com\/wp-content\/uploads\/2023\/09\/Tajekoztatasi-tabla-02-768x1024.jpg\" alt=\"\" class=\"wp-image-7810\" srcset=\"https:\/\/www.eckerle-gruppe.com\/wp-content\/uploads\/2023\/09\/Tajekoztatasi-tabla-02-768x1024.jpg 768w, https:\/\/www.eckerle-gruppe.com\/wp-content\/uploads\/2023\/09\/Tajekoztatasi-tabla-02-225x300.jpg 225w, https:\/\/www.eckerle-gruppe.com\/wp-content\/uploads\/2023\/09\/Tajekoztatasi-tabla-02.jpg 900w\" sizes=\"auto, (max-width: 768px) 100vw, 768px\" \/><\/figure>\n\n\n\n<figure class=\"wp-block-image size-large\"><img loading=\"lazy\" decoding=\"async\" width=\"768\" height=\"1024\" data-id=\"7804\" src=\"https:\/\/www.eckerle-gruppe.com\/wp-content\/uploads\/2023\/09\/Tajekoztatasi-tabla-01-768x1024.jpg\" alt=\"\" class=\"wp-image-7804\" srcset=\"https:\/\/www.eckerle-gruppe.com\/wp-content\/uploads\/2023\/09\/Tajekoztatasi-tabla-01-768x1024.jpg 768w, https:\/\/www.eckerle-gruppe.com\/wp-content\/uploads\/2023\/09\/Tajekoztatasi-tabla-01-225x300.jpg 225w, https:\/\/www.eckerle-gruppe.com\/wp-content\/uploads\/2023\/09\/Tajekoztatasi-tabla-01.jpg 900w\" sizes=\"auto, (max-width: 768px) 100vw, 768px\" \/><\/figure>\n\n\n\n<figure class=\"wp-block-image size-large\"><img loading=\"lazy\" decoding=\"async\" width=\"682\" height=\"1024\" data-id=\"7792\" src=\"https:\/\/www.eckerle-gruppe.com\/wp-content\/uploads\/2023\/09\/d_tablaasd_page-0001_737x1106-682x1024.jpg\" alt=\"\" class=\"wp-image-7792\" srcset=\"https:\/\/www.eckerle-gruppe.com\/wp-content\/uploads\/2023\/09\/d_tablaasd_page-0001_737x1106-682x1024.jpg 682w, https:\/\/www.eckerle-gruppe.com\/wp-content\/uploads\/2023\/09\/d_tablaasd_page-0001_737x1106-200x300.jpg 200w, https:\/\/www.eckerle-gruppe.com\/wp-content\/uploads\/2023\/09\/d_tablaasd_page-0001_737x1106.jpg 737w\" sizes=\"auto, (max-width: 682px) 100vw, 682px\" \/><\/figure>\n<\/figure>\n\n\n\n<p><\/p>\n\n\n\n<p><\/p>\n\n\n\n<figure class=\"wp-block-image size-large\"><img decoding=\"async\" src=\"https:\/\/www.eckerle-gruppe.com\/wp-content\/uploads\/2025\/04\/Szechenyi-Terv-Plusz.jpg\" alt=\"\"\/><\/figure>\n\n\n\n<h2 class=\"wp-block-heading has-large-font-size\"><\/h2>\n\n\n\n<h2 class=\"wp-block-heading\">GINOP PLusz-3.2.1-21<\/h2>\n\n\n\n<h2 class=\"wp-block-heading\">\u201eA munkav\u00e1llal\u00f3k \u00e9s v\u00e1llalatok alkalmazkod\u00f3k\u00e9pess\u00e9g\u00e9nek <\/h2>\n\n\n\n<h2 class=\"wp-block-heading\">\u00e9s termel\u00e9kenys\u00e9g\u00e9nek jav\u00edt\u00e1sa a munkaer\u0151 fejleszt\u00e9s\u00e9n kereszt\u00fcl\u201d c\u00edm\u0171 projekt<\/h2>\n\n\n\n<ul class=\"wp-block-list\">\n<li><strong>a kedvezm\u00e9nyezett neve: ECKERLE AUTOMOTIVE Kft.<\/strong><\/li>\n\n\n\n<li><strong>a k\u00e9pz\u00e9sek elnevez\u00e9se \u00e9s c\u00e9lja:<\/strong><\/li>\n\n\n\n<li>&nbsp;Angol nyelvi k\u00e9pz\u00e9s 60 \u00f3ra, 25 f\u0151 r\u00e9szv\u00e9tel\u00e9vel:<\/li>\n<\/ul>\n\n\n\n<p>K\u00e9pz\u0151: Katedra Kft<\/p>\n\n\n\n<p>A k\u00e9pz\u00e9s alapvet\u0151 c\u00e9lja volt, hogy a k\u00e9pz\u00e9sben r\u00e9szt vev\u0151k olyan idegen nyelvi kompetenci\u00e1k birtok\u00e1ba jussanak, amelynek seg\u00edts\u00e9g\u00e9vel a munk\u00e1juk sor\u00e1n tudjanak kommunik\u00e1lni m\u00e1s nemzetis\u00e9g\u0171 emberekkel. A k\u00e9pz\u00e9s c\u00e9lja volt tov\u00e1bb\u00e1, az adott tananyagegys\u00e9gekben felsorolt tartalmak k\u00e9szs\u00e9gszint\u0171 elsaj\u00e1t\u00edt\u00e1sa, illetve megismer\u00e9se \u00e9s felhaszn\u00e1l\u00e1sa produkt\u00edv \u00e9s recept\u00edv nyelvi feladatok megold\u00e1s\u00e1ra, tov\u00e1bb\u00e1 kommunikat\u00edv nyelvi sz\u00e1nd\u00e9kok megval\u00f3s\u00edt\u00e1s\u00e1ra az adott szint elv\u00e1r\u00e1sainak megfelel\u0151en.<strong><\/strong><\/p>\n\n\n\n<ul class=\"wp-block-list\">\n<li>Kezd\u0151 office informatikai program-word,excel, powerpoint k\u00e9pz\u00e9s 20 \u00f3ra, 10 f\u0151 r\u00e9szv\u00e9tel\u00e9vel<\/li>\n<\/ul>\n\n\n\n<p>K\u00e9pz\u0151: Mistr\u00e1l-Tr\u00e9ning Kft.<\/p>\n\n\n\n<p>B\u00e1rmilyen \u00e1ll\u00e1s eset\u00e9n elv\u00e1r\u00e1s a leg\u00fajabb Office verzi\u00f3k g\u00f6rd\u00fcl\u00e9keny haszn\u00e1lata, legyen sz\u00f3 World (sz\u00f6vegszerkeszt\u00e9s), Excel (t\u00e1bl\u00e1zatk\u00e9sz\u00edt\u00e9s), vagy Powerpoint (prezent\u00e1ci\u00f3k\u00e9sz\u00edt\u00e9s) programr\u00f3l. Ahhoz, hogy az egyes programokban rejl\u0151 lehet\u0151s\u00e9geket maxim\u00e1lisan kihaszn\u00e1ljuk, az irodai szoftver val\u00f3ban hat\u00e9konyabb\u00e1 tegye a mindennapi munkav\u00e9gz\u00e9s\u00fcnk, fontos, hogy megismerj\u00fck az egyes funkci\u00f3kat, \u00e9s azokat a gyakorlatban g\u00f6rd\u00fcl\u00e9kenyen, min\u00e9l magasabb fokon tudjuk alkalmazni.<\/p>\n\n\n\n<ul class=\"wp-block-list\">\n<li>Halad\u00f3 office- Excel informatikai program k\u00e9pz\u00e9s 20 \u00f3ra, 12 f\u0151 r\u00e9szv\u00e9tel\u00e9vel<\/li>\n<\/ul>\n\n\n\n<p>K\u00e9pz\u0151: Mistr\u00e1l-Tr\u00e9ning Kft.<\/p>\n\n\n\n<p>A halad\u00f3 sz\u00e1m\u00edt\u00f3g\u00e9pes ismeretek tanfolyam elv\u00e9gz\u00e9se sz\u00e1mos el\u0151nnyel j\u00e1r, amelyek jelent\u0151s m\u00e9rt\u00e9kben hozz\u00e1j\u00e1rulhatnak szem\u00e9lyes \u00e9s szakmai fejl\u0151d\u00e9shez. A k\u00e9pz\u00e9s elv\u00e9gz\u00e9s\u00e9vel a hallgat\u00f3k piaci el\u0151nyh\u00f6z juthatnak: A digit\u00e1lis vil\u00e1g rohamos fejl\u0151d\u00e9s\u00e9vel p\u00e1rhuzamosan n\u00f6vekszik azoknak a szakembereknek az ig\u00e9nye, akik magas szint\u0171 sz\u00e1m\u00edt\u00f3g\u00e9pes ismeretekkel rendelkeznek. E k\u00e9pz\u00e9s elv\u00e9gz\u00e9s\u00e9vel n\u00f6velheti piaci \u00e9rt\u00e9k\u00e9t, el\u0151nyt szerezve ezzel a munkaer\u0151piacon.<\/p>\n\n\n\n<p>Hat\u00e9konys\u00e1g n\u00f6veked\u00e9se: A k\u00e9pz\u00e9s sor\u00e1n elsaj\u00e1t\u00edtott ismereteknek k\u00f6sz\u00f6nhet\u0151en k\u00e9pes lesz hat\u00e9konyabban haszn\u00e1lni a sz\u00e1m\u00edt\u00f3g\u00e9pet, cs\u00f6kkenteni az id\u0151r\u00e1ford\u00edt\u00e1st a mindennapi feladatokra, \u00e9s \u00edgy t\u00f6bb id\u0151t szentelni a l\u00e9nyegesebb tev\u00e9kenys\u00e9gekre.<\/p>\n\n\n\n<ul class=\"wp-block-list\">\n<li>Agilis vezet\u0151 20 \u00f3ra, 6 f\u0151 r\u00e9szv\u00e9tel\u00e9vel:<\/li>\n<\/ul>\n\n\n\n<p>K\u00e9pz\u0151: Mistr\u00e1l-Tr\u00e9ning Kft.<\/p>\n\n\n\n<p>Az agilis szervezetben a munkat\u00e1rsakat olyan k\u00f6z\u00f6s j\u00f6v\u0151k\u00e9p el\u00e9r\u00e9se vez\u00e9rli, ami hat\u00e1rozott, vonz\u00f3 \u00e9s minden kulcsfontoss\u00e1g\u00fa \u00e9rintett sz\u00e1m\u00e1ra \u00e9rt\u00e9ket teremt, \u00e9s amely\u00e9rt k\u00f6z\u00f6sen tesznek. Az agilis vezet\u0151 folyamatosan \u00fajratervez \u00e9s optimaliz\u00e1l, seg\u00edti a munkat\u00e1rsait az \u00faj folyamatok tiszt\u00e1nl\u00e1t\u00e1sban. A vezet\u0151i k\u00e9pz\u00e9s c\u00e9lja volt az elm\u00e9leti \u00e9s gyakorlati vezet\u0151i tud\u00e1s \u00e9s kompetenci\u00e1k fejleszt\u00e9se. A vezet\u0151k felk\u00e9sz\u00edt\u00e9se a gyorsan v\u00e1ltoz\u00f3 k\u00f6rnyezethez val\u00f3 alkalmazkod\u00e1sra. A r\u00e9sztvev\u0151k a k\u00e9pz\u00e9sen megismert\u00e9k a v\u00e1ltoz\u00e1skezel\u00e9s, asszert\u00edv kommunik\u00e1ci\u00f3, konfliktus \u00e9s stresszkezel\u00e9s, id\u0151gazd\u00e1lkod\u00e1s alapvet\u0151 vezet\u0151i eszk\u00f6zeit. Fejleszt\u00e9sre ker\u00fcltek a vezet\u0151i kommunik\u00e1ci\u00f3 egyes ter\u00fcleteit, amin kereszt\u00fcl befoly\u00e1solhat\u00f3 egy szervezet eredm\u00e9nyes m\u0171k\u00f6d\u00e9se \u00e9s teljes\u00edtm\u00e9nye<\/p>\n\n\n\n<p><strong>a szerz\u0151d\u00f6tt t\u00e1mogat\u00e1s \u00f6sszege: <\/strong>4&nbsp;696 125 Ft<\/p>\n\n\n\n<ul class=\"wp-block-list\">\n<li><strong>A r\u00e9sztvev\u0151k \u00f6sszl\u00e9tsz\u00e1ma<\/strong>: 44 f\u0151.<\/li>\n\n\n\n<li>A<strong> k\u00e9pz\u00e9sek befejez\u00e9si d\u00e1tuma: 2025.02.18<\/strong><\/li>\n<\/ul>\n\n\n\n<figure class=\"wp-block-image size-large\"><img decoding=\"async\" src=\"https:\/\/www.eckerle-gruppe.com\/wp-content\/uploads\/2025\/04\/Szechenyi-Terv-Plusz.jpg\" alt=\"\"\/><\/figure>\n\n\n\n<p><\/p>\n\n\n\n<p><\/p>\n\n\n\n<h2 class=\"wp-block-heading\">GINOP Plusz-3.2.1-21<\/h2>\n\n\n\n<h2 class=\"wp-block-heading\">\u201eA munkav\u00e1llal\u00f3k \u00e9s v\u00e1llalatok alkalmazkod\u00f3k\u00e9pess\u00e9g\u00e9nek <\/h2>\n\n\n\n<h2 class=\"wp-block-heading\">\u00e9s termel\u00e9kenys\u00e9g\u00e9nek jav\u00edt\u00e1sa a munkaer\u0151 fejleszt\u00e9s\u00e9n kereszt\u00fcl\u201d c\u00edm\u0171 projekt<\/h2>\n\n\n\n<ul class=\"wp-block-list\">\n<li><strong>a kedvezm\u00e9nyezett neve:<\/strong> <strong>ECKERLE INDRUSTRIE Kft.<\/strong><\/li>\n\n\n\n<li><strong>a k\u00e9pz\u00e9sek elnevez\u00e9se \u00e9s c\u00e9lja:<\/strong><\/li>\n\n\n\n<li>&nbsp;Angol nyelvi k\u00e9pz\u00e9s 60 \u00f3ra, 59 f\u0151<\/li>\n<\/ul>\n\n\n\n<p>K\u00e9pz\u0151: Katedra Kft<\/p>\n\n\n\n<p>A k\u00e9pz\u00e9s alapvet\u0151 c\u00e9lja volt, hogy a k\u00e9pz\u00e9sben r\u00e9szt vev\u0151k olyan idegen nyelvi kompetenci\u00e1k birtok\u00e1ba jussanak, amelynek seg\u00edts\u00e9g\u00e9vel a munk\u00e1juk sor\u00e1n tudjanak kommunik\u00e1lni m\u00e1s nemzetis\u00e9g\u0171 emberekkel. A k\u00e9pz\u00e9s c\u00e9lja volt tov\u00e1bb\u00e1, az adott tananyagegys\u00e9gekben felsorolt tartalmak k\u00e9szs\u00e9gszint\u0171 elsaj\u00e1t\u00edt\u00e1sa, illetve megismer\u00e9se \u00e9s felhaszn\u00e1l\u00e1sa produkt\u00edv \u00e9s recept\u00edv nyelvi feladatok megold\u00e1s\u00e1ra, tov\u00e1bb\u00e1 kommunikat\u00edv nyelvi sz\u00e1nd\u00e9kok megval\u00f3s\u00edt\u00e1s\u00e1ra az adott szint elv\u00e1r\u00e1sainak megfelel\u0151en.<strong><\/strong><\/p>\n\n\n\n<ul class=\"wp-block-list\">\n<li>Egy\u00fcttm\u0171k\u00f6d\u00e9s fejleszt\u00e9s 20 \u00f3ra, 16 f\u0151<\/li>\n<\/ul>\n\n\n\n<p>K\u00e9pz\u0151: Mistral-Tr\u00e9ning Kft<\/p>\n\n\n\n<p>A programc\u00e9lkit\u0171z\u00e9se az volt, hogy a munkat\u00e1rsak k\u00f6z\u00f6tti egy\u00fcttm\u0171k\u00f6d\u00e9s megval\u00f3suljon, valamint a j\u00f3 emberi kapcsolatok ki\u00e9p\u00edt\u00e9se, a szervezet ir\u00e1nti elk\u00f6telezetts\u00e9g er\u0151s\u00edt\u00e9se megt\u00f6rt\u00e9njen. A workshopon r\u00e9sztvev\u0151k \u00f6nismerete m\u00e9ly\u00fclt, k\u00e9pesek meg\u00e9rteni \u00e9s ha sz\u00fcks\u00e9ges, korrig\u00e1lni a saj\u00e1t hozz\u00e1\u00e1ll\u00e1sukat. Mindennapos munkav\u00e9gz\u00e9s\u00fck sor\u00e1n a megold\u00e1st tartj\u00e1k szem el\u0151tt, konfliktusaik is konstrukt\u00edvabb\u00e1 v\u00e1ltak. Gyakorlatot szereztek egy speci\u00e1lis, eredm\u00e9nyes visszajelz\u00e9si technika alkalmaz\u00e1s\u00e1ban<\/p>\n\n\n\n<ul class=\"wp-block-list\">\n<li>Halad\u00f3 office &#8211; Excel informatika program k\u00e9pz\u00e9s 20 \u00f3ra 16 f\u0151<\/li>\n<\/ul>\n\n\n\n<p>K\u00e9pz\u0151: Mistral-Tr\u00e9ning Kft<\/p>\n\n\n\n<p>A halad\u00f3 sz\u00e1m\u00edt\u00f3g\u00e9pes ismeretek tanfolyam elv\u00e9gz\u00e9se sz\u00e1mos el\u0151nnyel j\u00e1r, amelyek jelent\u0151s m\u00e9rt\u00e9kben hozz\u00e1j\u00e1rulhatnak szem\u00e9lyes \u00e9s szakmai fejl\u0151d\u00e9shez. A k\u00e9pz\u00e9s elv\u00e9gz\u00e9s\u00e9vel a hallgat\u00f3k piaci el\u0151nyh\u00f6z juthatnak: A digit\u00e1lis vil\u00e1g rohamos fejl\u0151d\u00e9s\u00e9vel p\u00e1rhuzamosan n\u00f6vekszik azoknak a szakembereknek az ig\u00e9nye, akik magas szint\u0171 sz\u00e1m\u00edt\u00f3g\u00e9pes ismeretekkel rendelkeznek. E k\u00e9pz\u00e9s elv\u00e9gz\u00e9s\u00e9vel n\u00f6velheti piaci \u00e9rt\u00e9k\u00e9t a c\u00e9g, el\u0151nyt szerezve ezzel a munkaer\u0151piacon.<\/p>\n\n\n\n<p>Hat\u00e9konys\u00e1g n\u00f6veked\u00e9se: A k\u00e9pz\u00e9s sor\u00e1n elsaj\u00e1t\u00edtott ismereteknek k\u00f6sz\u00f6nhet\u0151en k\u00e9pes lesz hat\u00e9konyabban haszn\u00e1lni a sz\u00e1m\u00edt\u00f3g\u00e9pet, cs\u00f6kkenteni az id\u0151r\u00e1ford\u00edt\u00e1st a mindennapi feladatokra, \u00e9s \u00edgy t\u00f6bb id\u0151t szentelni a l\u00e9nyegesebb tev\u00e9kenys\u00e9gekre.<\/p>\n\n\n\n<ul class=\"wp-block-list\">\n<li>Halad\u00f3 office informatikai program &#8211; Word, Excel,PowerPoint k\u00e9pz\u00e9s 20 \u00f3ra 10 f\u0151<\/li>\n<\/ul>\n\n\n\n<p>K\u00e9pz\u0151: Mistral-Tr\u00e9ning Kft<\/p>\n\n\n\n<p>A k\u00e9pz\u00e9s c\u00e9lja az volt, hogy a r\u00e9sztvev\u0151k megismerj\u00e9k a Word sz\u00f6vegszerkeszt\u0151 halad\u00f3 szolg\u00e1ltat\u00e1sait \u00e9s magas szint\u0171 haszn\u00e1lat\u00e1t. A tanfolyamon a r\u00e9sztvev\u0151k megtanult\u00e1k a nagyobb dokumentumok kezel\u00e9s\u00e9t, azok form\u00e1z\u00e1s\u00e1t, a tartalomjegyz\u00e9kek k\u00e9sz\u00edt\u00e9s\u00e9t, a st\u00edlusok \u00e9s sablonok haszn\u00e1lat\u00e1t, valamint a Word k\u00fcl\u00f6nb\u00f6z\u0151 automatiz\u00e1l\u00e1si lehet\u0151s\u00e9geit. A PowerPoint k\u00e9pz\u00e9s c\u00e9lja, hogy a r\u00e9sztvev\u0151k a tanfolyamot k\u00f6vet\u0151en a program lehet\u0151s\u00e9geit jobban kihaszn\u00e1lva figyelemfelkelt\u0151, tetszet\u0151s, professzion\u00e1lis prezent\u00e1ci\u00f3kat tudjanak \u00f6ssze\u00e1ll\u00edtani.<\/p>\n\n\n\n<ul class=\"wp-block-list\">\n<li>Kezd\u0151 office informatika program &#8211; word, excel, powerpoint k\u00e9pz\u00e9s 20 \u00f3ra 12 f\u0151<\/li>\n<\/ul>\n\n\n\n<p>K\u00e9pz\u0151: Mistral-Tr\u00e9ning Kft<\/p>\n\n\n\n<p>Legt\u00f6bb \u00e1ll\u00e1s eset\u00e9n elv\u00e1r\u00e1s a leg\u00fajabb Office verzi\u00f3k g\u00f6rd\u00fcl\u00e9keny haszn\u00e1lata, legyen sz\u00f3 World (sz\u00f6vegszerkeszt\u00e9s), Excel (t\u00e1bl\u00e1zatk\u00e9sz\u00edt\u00e9s), vagy Powerpoint (prezent\u00e1ci\u00f3k\u00e9sz\u00edt\u00e9s) programr\u00f3l. Ahhoz, hogy az egyes programokban rejl\u0151 lehet\u0151s\u00e9geket maxim\u00e1lisan kihaszn\u00e1ljuk, az irodai szoftver val\u00f3ban hat\u00e9konyabb\u00e1 tegye a mindennapi munkav\u00e9gz\u00e9s\u00fcnk, fontos, hogy megismerj\u00fck az egyes funkci\u00f3kat, \u00e9s azokat a gyakorlatban g\u00f6rd\u00fcl\u00e9kenyen, min\u00e9l magasabb fokon tudjuk alkalmazni.<\/p>\n\n\n\n<ul class=\"wp-block-list\">\n<li>LEAN a gyakorlatban 40 \u00f3ra 7 f\u0151<\/li>\n<\/ul>\n\n\n\n<p>K\u00e9pz\u0151: Mistral-Tr\u00e9ning Kft<\/p>\n\n\n\n<p>LEAN k\u00e9pz\u00e9s seg\u00edtett abban, hogy a dolgoz\u00f3k \u00e9s vezet\u0151k elsaj\u00e1t\u00edts\u00e1k a LEAN szeml\u00e9letet, megismerjenek olyan LEAN eszk\u00f6z\u00f6ket, amelyeket megk\u00f6nny\u00edtik a&nbsp; mindennapi munk\u00e1jukat \u00e9s megtanulj\u00e1k megk\u00e9rd\u0151jelezni a kor\u00e1bbi munkafolyamataikat. A dolgoz\u00f3k ismerik a legjobban azokat a folyamatokat, amikkel nap mint nap dolgoznak, \u00edgy ismerve a folyamatok hib\u00e1it, \u0151k k\u00e9pesek azokat legink\u00e1bb jav\u00edtani, ha megfelel\u0151 eszk\u00f6z\u00f6ket haszn\u00e1lnak \u00e9s vezet\u0151i t\u00e1mogat\u00e1st kapnak.&nbsp; A program tematik\u00e1ja: Lean alapok, v\u00e1ltoz\u00e1s \u00e9s v\u00e1ltoz\u00e1s menedzsment, csapatmunka \u00e9rt\u00e9ke, szervezeti kommunik\u00e1ci\u00f3, Lean filoz\u00f3fia Lean 5 alapelve<\/p>\n\n\n\n<ul class=\"wp-block-list\">\n<li>LEAN szeml\u00e9let 20 \u00f3ra 15<\/li>\n<\/ul>\n\n\n\n<p>K\u00e9pz\u0151: Mistral-Tr\u00e9ning Kft<\/p>\n\n\n\n<p>A Lean szeml\u00e9let a v\u00e1llalkoz\u00e1sok p\u00e9nz\u00fcgyi tudatoss\u00e1g\u00e1t els\u0151sorban az\u00e1ltal seg\u00edti, hogy a felesleges r\u00e1ford\u00edt\u00e1sok kik\u00fcsz\u00f6b\u00f6l\u00e9s\u00e9re \u00e9s az \u00e9rt\u00e9kteremt\u0151 folyamatok optimaliz\u00e1l\u00e1s\u00e1ra t\u00f6rekszik. Az alkalmaz\u00e1sa r\u00e9v\u00e9n a p\u00e9nz\u00fcgyi tervez\u00e9s \u00e1tl\u00e1that\u00f3bb\u00e1, a m\u0171k\u00f6d\u00e9s pedig fenntarthat\u00f3bb\u00e1 v\u00e1lik, ami hozz\u00e1j\u00e1rul a hossz\u00fa t\u00e1v\u00fa \u00fczleti stabilit\u00e1shoz \u00e9s a tudatos p\u00e9nzgazd\u00e1lkod\u00e1shoz.&nbsp; A r\u00e9sztvev\u0151k \u00e9rt\u00e9kes ismereteket szereztek a lean szeml\u00e9let alapjair\u00f3l, a k\u00fcl\u00f6nb\u00f6z\u0151 lean eszk\u00f6z\u00f6k \u00e9s technik\u00e1k alkalmaz\u00e1s\u00e1r\u00f3l, valamint azok konkr\u00e9t eredm\u00e9nyeir\u0151l, amelyek hozz\u00e1j\u00e1rulnak a v\u00e1llalatok siker\u00e9hez.<\/p>\n\n\n\n<ul class=\"wp-block-list\">\n<li>Sikeres LEAN vezet\u0151 20 \u00f3ra 15 f\u0151<\/li>\n<\/ul>\n\n\n\n<p>K\u00e9pz\u0151: Mistral-Tr\u00e9ning Kft<\/p>\n\n\n\n<p>A vezet\u0151k megismert\u00e9k a folyamatokban l\u00e9v\u0151 vesztes\u00e9gt\u00edpusokat, a vesztes\u00e9gek minimaliz\u00e1l\u00e1s\u00e1nak eszk\u00f6zeit, lehet\u0151s\u00e9geit. \u00daj folyamatir\u00e1ny\u00edt\u00e1si \u00e9s fejleszt\u00e9si m\u00f3dszereket, elveket \u00e9s eszk\u00f6z\u00f6ket saj\u00e1t\u00edtottak el.&nbsp; Megismert\u00e9k, elm\u00e9ly\u00edtett\u00e9k a sikeres vezet\u0151 kompetenci\u00e1it, k\u00e9pesek \u00f6nmaguk \u00e9s csapatuk tev\u00e9kenys\u00e9g\u00e9nek hat\u00e9konyabb megszervez\u00e9s\u00e9re. Elsaj\u00e1t\u00edtott\u00e1k azt a menedzsment szeml\u00e9letet \u00e9s menedzser-eszk\u00f6zt\u00e1rat, amivel a leant a szervezeti kult\u00far\u00e1ba implement\u00e1lni tudja, \u00e9s fenntarthat\u00f3v\u00e1 teszi.<\/p>\n\n\n\n<ul class=\"wp-block-list\">\n<li><strong>A szerz\u0151d\u00f6tt t\u00e1mogat\u00e1s \u00f6sszege: <\/strong>13&nbsp;101 375 Ft<\/li>\n\n\n\n<li><strong>A r\u00e9sztvev\u0151k \u00f6sszl\u00e9tsz\u00e1ma: 69 f\u0151<\/strong><\/li>\n\n\n\n<li><strong>A k\u00e9pz\u00e9sek befejez\u00e9si d\u00e1tuma: 2025.02.26<\/strong><\/li>\n<\/ul>\n","protected":false},"excerpt":{"rendered":"<p>Megval\u00f3sult p\u00e1ly\u00e1zati projekt\u00fcnk! Munkahelyi k\u00e9pz\u00e9s megval\u00f3s\u00edt\u00e1sa az ECKERLE AUTOMOTIVE Kft., ECKERLE INDUSTRIE Kft., Eckerle Automotive B\u00f3ly Kft. munkav\u00e1llal\u00f3i r\u00e9sz\u00e9re konzorciumi egy\u00fcttm\u0171k\u00f6d\u00e9s keret\u00e9ben A kedvezm\u00e9nyezett neve: ECKERLE AUTOMOTIVE Alkatr\u00e9szgy\u00e1rt\u00f3, Kereskedelmi \u00e9s Szolg\u00e1ltat\u00f3 Korl\u00e1tolt Felel\u0151ss\u00e9g\u0171 T\u00e1rsas\u00e1g A projekt c\u00edme: Munkahelyi k\u00e9pz\u00e9s megval\u00f3s\u00edt\u00e1sa az ECKERLE AUTOMOTIVE Kft., ECKERLE INDUSTRIE Kft., Eckerle Automotive B\u00f3ly Kft. munkav\u00e1llal\u00f3i r\u00e9sz\u00e9re konzorciumi egy\u00fcttm\u0171k\u00f6d\u00e9s [&hellip;]<\/p>\n","protected":false},"author":6,"featured_media":0,"parent":0,"menu_order":0,"comment_status":"closed","ping_status":"closed","template":"","meta":{"_acf_changed":false,"footnotes":""},"class_list":["post-6267","page","type-page","status-publish","hentry"],"acf":[],"_links":{"self":[{"href":"https:\/\/www.eckerle-gruppe.com\/hu\/wp-json\/wp\/v2\/pages\/6267","targetHints":{"allow":["GET"]}}],"collection":[{"href":"https:\/\/www.eckerle-gruppe.com\/hu\/wp-json\/wp\/v2\/pages"}],"about":[{"href":"https:\/\/www.eckerle-gruppe.com\/hu\/wp-json\/wp\/v2\/types\/page"}],"author":[{"embeddable":true,"href":"https:\/\/www.eckerle-gruppe.com\/hu\/wp-json\/wp\/v2\/users\/6"}],"replies":[{"embeddable":true,"href":"https:\/\/www.eckerle-gruppe.com\/hu\/wp-json\/wp\/v2\/comments?post=6267"}],"version-history":[{"count":19,"href":"https:\/\/www.eckerle-gruppe.com\/hu\/wp-json\/wp\/v2\/pages\/6267\/revisions"}],"predecessor-version":[{"id":9925,"href":"https:\/\/www.eckerle-gruppe.com\/hu\/wp-json\/wp\/v2\/pages\/6267\/revisions\/9925"}],"wp:attachment":[{"href":"https:\/\/www.eckerle-gruppe.com\/hu\/wp-json\/wp\/v2\/media?parent=6267"}],"curies":[{"name":"wp","href":"https:\/\/api.w.org\/{rel}","templated":true}]}}