{"id":2450,"date":"2021-02-21T10:08:06","date_gmt":"2021-02-21T10:08:06","guid":{"rendered":"https:\/\/eckerle-gruppe.com\/?page_id=2450"},"modified":"2026-02-20T12:03:00","modified_gmt":"2026-02-20T12:03:00","slug":"impresszum","status":"publish","type":"page","link":"https:\/\/www.eckerle-gruppe.com\/hu\/impresszum\/","title":{"rendered":"Impresszum"},"content":{"rendered":"\n<div class=\"wp-block-columns is-layout-flex wp-container-core-columns-is-layout-9d6595d7 wp-block-columns-is-layout-flex\">\n<div class=\"wp-block-column is-layout-flow wp-block-column-is-layout-flow\">\n<p><strong>Eckerle Holding GmbH<\/strong><\/p>\n\n\n\n<p>Industriestra\u00dfe 15 Ottersweier D &#8211; 77833<br>&nbsp;&nbsp;<br>Phone +49.7223.98.43.0<br>Fax +49.7223.98.43.134<\/p>\n\n\n\n<p><a href=\"mailto:info@de.eckerle-gruppe.com\">info@de.eckerle-gruppe.com<\/a><\/p>\n\n\n\n<p><strong>\u00dcgyvezet\u0151k<\/strong><\/p>\n\n\n\n<p>Cem Peksaglam<br>Martina Gartner<br><\/p>\n\n\n\n<p><strong>Helyi B\u00edr\u00f3s\u00e1g, <\/strong>Mannheim<br>HRB&nbsp;710001<\/p>\n\n\n\n<p><strong>K\u00f6z\u00f6ss\u00e9gi ad\u00f3sz\u00e1m<\/strong>&nbsp;<br>DE 812 052 050&nbsp;<\/p>\n<\/div>\n\n\n\n<div class=\"wp-block-column is-layout-flow wp-block-column-is-layout-flow\">\n<p><strong>Eckerle Automotive GmbH<\/strong><\/p>\n\n\n\n<p>Industriestra\u00dfe 15 Ottersweier D &#8211; 77833<br>&nbsp;&nbsp;<br>Phone +49.7223.98.43.0<br>Fax +49.7223.98.43.134<\/p>\n\n\n\n<p><a href=\"mailto:info@de.eckerle-gruppe.com\">info@de.eckerle-gruppe.com<\/a><\/p>\n\n\n\n<p><strong>\u00dcgyvezet\u0151k<\/strong>\n<\/p>\n\n\n\n<p>Cem Peksaglam<br>Bernd Sch\u00f6ffler<br>Martina Gartner<\/p>\n\n\n\n<p><strong>Helyi B\u00edr\u00f3s\u00e1g, <\/strong>Mannheim<br>HRB&nbsp;210241<\/p>\n\n\n\n<p><strong>K\u00f6z\u00f6ss\u00e9gi ad\u00f3sz\u00e1m<br><\/strong>DE 811 366 515&nbsp;&nbsp;<\/p>\n<\/div>\n\n\n\n<div class=\"wp-block-column is-layout-flow wp-block-column-is-layout-flow\">\n<p><strong>Eckerle Industrie GmbH<\/strong><\/p>\n\n\n\n<p>Industriestra\u00dfe 15 Ottersweier D &#8211; 77833<br><br>Phone +49.7223.98.43.0<br>Fax +49.7223.98.43.134<\/p>\n\n\n\n<p><a href=\"mailto:info@de.eckerle-gruppe.com\">info@de.eckerle-gruppe.com<\/a><\/p>\n\n\n\n<p><strong>\u00dcgyvezet\u0151k<\/strong><\/p>\n\n\n\n<p>Cem Peksaglam<br>Martina Gartner<br>Alexander Friese<\/p>\n\n\n\n<p><strong>Helyi B\u00edr\u00f3s\u00e1g, <\/strong>Mannheim<br>HRB&nbsp;705308<\/p>\n\n\n\n<p><strong>K\u00f6z\u00f6ss\u00e9gi ad\u00f3sz\u00e1m<\/strong><br>DE 261 873 731<\/p>\n<\/div>\n<\/div>\n\n\n\n<h3 class=\"wp-block-heading\">Jogi tudnival\u00f3k<\/h3>\n\n\n\n<p>A hivatkoz\u00e1sokkal kapcsolatos tudnival\u00f3k:<br>1998. m\u00e1jus 12-\u00e9n kelt 312 O 85\/98 iratsz\u00e1m\u00fa,&nbsp; &#8222;A hivatkoz\u00e1sok\u00e9rt fenn\u00e1ll\u00f3 felel\u0151ss\u00e9g&#8221; c\u00edmet visel\u0151 \u00edt\u00e9let\u00e9vel a Hamburgi tartom\u00e1nyi B\u00edr\u00f3s\u00e1g \u00fagy d\u00f6nt\u00f6tt, hogy adott esetben a honlap \u00fczemeltet\u0151je is felel a honlapon k\u00f6zz\u00e9tett hivatkoz\u00e1s tartalm\u00e1\u00e9rt. A TB v\u00e9lem\u00e9nye szerint ez csak akkor el\u0151zhet\u0151 meg, ha az \u00fczemeltet\u0151 kifejezetten elhat\u00e1rolja mag\u00e1t a hivatkozott tartalomt\u00f3l. Mivel nem rendelkez\u00fcnk befoly\u00e1ssal a hivatkozott oldalak tartalm\u00e1ra, ez\u00e9rt kifejezetten elhat\u00e1roljuk magunkat a honlapunkon elhelyezett hivatkoz\u00e1sok tartalmakt\u00f3l, \u00e9s nem tessz\u00fck magunk\u00e9v\u00e1 ezeket a tartalmakat.<br>Ez a nyilatkozat a honlapon elhelyezett valamennyi hivatkoz\u00e1sra vonatkozik.<\/p>\n\n\n\n<h3 class=\"wp-block-heading\">\u00a9 Copyright<\/h3>\n\n\n\n<p>Minden jog fenntartva. A honlapon l\u00e1that\u00f3 sz\u00f6vegek, k\u00e9pek, \u00e1br\u00e1k, valamint a honlapon t\u00f6rt\u00e9n\u0151 elhelyezked\u00e9s\u00fck a szerz\u0151i jog, valamint m\u00e1s oltalmi t\u00f6rv\u00e9nyek v\u00e9delme alatt \u00e1ll<\/p>\n\n\n\n<h3 class=\"wp-block-heading\">Adatv\u00e9delem<\/h3>\n\n\n\n<p><a href=\"https:\/\/www.eckerle-gruppe.com\/hu\/gdpr-adatvedelem\/\" target=\"_blank\" rel=\"noreferrer noopener\">Adatv\u00e9delmi ir\u00e1nyelveinket itt tal\u00e1lja<\/a><\/p>\n\n\n\n<p><\/p>\n\n\n\n<p><\/p>\n\n\n\n<figure class=\"wp-block-table\"><table><tbody><tr><td><\/td><td>&nbsp;&nbsp;<\/td><td><\/td><\/tr><\/tbody><\/table><\/figure>\n\n\n\n<p><\/p>\n","protected":false},"excerpt":{"rendered":"<p>Eckerle Holding GmbH Industriestra\u00dfe 15 Ottersweier D &#8211; 77833&nbsp;&nbsp;Phone +49.7223.98.43.0Fax +49.7223.98.43.134 info@de.eckerle-gruppe.com \u00dcgyvezet\u0151k Cem PeksaglamMartina Gartner Helyi B\u00edr\u00f3s\u00e1g, MannheimHRB&nbsp;710001 K\u00f6z\u00f6ss\u00e9gi ad\u00f3sz\u00e1m&nbsp;DE 812 052 050&nbsp; Eckerle Automotive GmbH Industriestra\u00dfe 15 Ottersweier D &#8211; 77833&nbsp;&nbsp;Phone +49.7223.98.43.0Fax +49.7223.98.43.134 info@de.eckerle-gruppe.com \u00dcgyvezet\u0151k Cem PeksaglamBernd Sch\u00f6fflerMartina Gartner Helyi B\u00edr\u00f3s\u00e1g, MannheimHRB&nbsp;210241 K\u00f6z\u00f6ss\u00e9gi ad\u00f3sz\u00e1mDE 811 366 515&nbsp;&nbsp; Eckerle Industrie GmbH Industriestra\u00dfe 15 Ottersweier [&hellip;]<\/p>\n","protected":false},"author":6,"featured_media":0,"parent":0,"menu_order":0,"comment_status":"closed","ping_status":"closed","template":"","meta":{"_acf_changed":false,"footnotes":""},"class_list":["post-2450","page","type-page","status-publish","hentry"],"acf":[],"_links":{"self":[{"href":"https:\/\/www.eckerle-gruppe.com\/hu\/wp-json\/wp\/v2\/pages\/2450","targetHints":{"allow":["GET"]}}],"collection":[{"href":"https:\/\/www.eckerle-gruppe.com\/hu\/wp-json\/wp\/v2\/pages"}],"about":[{"href":"https:\/\/www.eckerle-gruppe.com\/hu\/wp-json\/wp\/v2\/types\/page"}],"author":[{"embeddable":true,"href":"https:\/\/www.eckerle-gruppe.com\/hu\/wp-json\/wp\/v2\/users\/6"}],"replies":[{"embeddable":true,"href":"https:\/\/www.eckerle-gruppe.com\/hu\/wp-json\/wp\/v2\/comments?post=2450"}],"version-history":[{"count":29,"href":"https:\/\/www.eckerle-gruppe.com\/hu\/wp-json\/wp\/v2\/pages\/2450\/revisions"}],"predecessor-version":[{"id":10267,"href":"https:\/\/www.eckerle-gruppe.com\/hu\/wp-json\/wp\/v2\/pages\/2450\/revisions\/10267"}],"wp:attachment":[{"href":"https:\/\/www.eckerle-gruppe.com\/hu\/wp-json\/wp\/v2\/media?parent=2450"}],"curies":[{"name":"wp","href":"https:\/\/api.w.org\/{rel}","templated":true}]}}