{"id":1112,"date":"2020-11-19T20:42:35","date_gmt":"2020-11-19T20:42:35","guid":{"rendered":"https:\/\/eckerle-gruppe.com\/?page_id=1112"},"modified":"2022-05-18T11:11:55","modified_gmt":"2022-05-18T11:11:55","slug":"beszallitoi-dokumentumok","status":"publish","type":"page","link":"https:\/\/www.eckerle-gruppe.com\/hu\/beszallitoi-dokumentumok\/","title":{"rendered":"Besz\u00e1ll\u00edt\u00f3i dokumentumok"},"content":{"rendered":"\n<ul class=\"wp-block-list\"><li><a rel=\"noreferrer noopener\" href=\"https:\/\/www.eckerle-gruppe.com\/wp-content\/uploads\/2022\/04\/2022.04.22_General-Purchasing-Terms-and-Conditions_ENG.pdf\" target=\"_blank\">General Purchasing Terms and Conditions<\/a><\/li><li><a rel=\"noreferrer noopener\" href=\"https:\/\/www.eckerle-gruppe.com\/wp-content\/uploads\/2022\/03\/General-shipping-and-packaging-regulations.pdf\" target=\"_blank\">General Shipping and Packaging Regulations<\/a><\/li><li><a rel=\"noreferrer noopener\" href=\"https:\/\/www.eckerle-gruppe.com\/wp-content\/uploads\/2021\/09\/15.02.o.788_supplier-self-assessment_en.docx\" target=\"_blank\">Supplier Self Assessment_EN<\/a><\/li><\/ul>\n","protected":false},"excerpt":{"rendered":"<p>General Purchasing Terms and Conditions General Shipping and Packaging Regulations Supplier Self Assessment_EN<\/p>\n","protected":false},"author":6,"featured_media":0,"parent":0,"menu_order":0,"comment_status":"closed","ping_status":"closed","template":"","meta":{"_acf_changed":false,"footnotes":""},"class_list":["post-1112","page","type-page","status-publish","hentry"],"acf":[],"_links":{"self":[{"href":"https:\/\/www.eckerle-gruppe.com\/hu\/wp-json\/wp\/v2\/pages\/1112","targetHints":{"allow":["GET"]}}],"collection":[{"href":"https:\/\/www.eckerle-gruppe.com\/hu\/wp-json\/wp\/v2\/pages"}],"about":[{"href":"https:\/\/www.eckerle-gruppe.com\/hu\/wp-json\/wp\/v2\/types\/page"}],"author":[{"embeddable":true,"href":"https:\/\/www.eckerle-gruppe.com\/hu\/wp-json\/wp\/v2\/users\/6"}],"replies":[{"embeddable":true,"href":"https:\/\/www.eckerle-gruppe.com\/hu\/wp-json\/wp\/v2\/comments?post=1112"}],"version-history":[{"count":3,"href":"https:\/\/www.eckerle-gruppe.com\/hu\/wp-json\/wp\/v2\/pages\/1112\/revisions"}],"predecessor-version":[{"id":6491,"href":"https:\/\/www.eckerle-gruppe.com\/hu\/wp-json\/wp\/v2\/pages\/1112\/revisions\/6491"}],"wp:attachment":[{"href":"https:\/\/www.eckerle-gruppe.com\/hu\/wp-json\/wp\/v2\/media?parent=1112"}],"curies":[{"name":"wp","href":"https:\/\/api.w.org\/{rel}","templated":true}]}}