{"id":1108,"date":"2020-11-19T20:41:37","date_gmt":"2020-11-19T20:41:37","guid":{"rendered":"https:\/\/eckerle-gruppe.com\/?page_id=1108"},"modified":"2023-11-06T15:26:33","modified_gmt":"2023-11-06T15:26:33","slug":"minoseg","status":"publish","type":"page","link":"https:\/\/www.eckerle-gruppe.com\/hu\/minoseg\/","title":{"rendered":"Min\u0151s\u00e9gi ir\u00e1nyelvek"},"content":{"rendered":"\n<h3 class=\"wp-block-heading\">Min\u0151s\u00e9gi ir\u00e1nyelveink \u00e9s tanus\u00edtv\u00e1nyaink<\/h3>\n\n\n\n<p>A min\u0151s\u00e9g minden tev\u00e9kenys\u00e9g\u00fcnkben \u00e9s szolg\u00e1ltat\u00e1sunkban az els\u0151 helyen \u00e1ll.<\/p>\n\n\n\n<h3 class=\"wp-block-heading\">Min\u0151s\u00e9gi ir\u00e1nyelvek<\/h3>\n\n\n\n<p>Az Eckerle \u00e9rt\u00e9krendj\u00e9nek els\u0151 hely\u00e9n a min\u0151s\u00e9gi megfontol\u00e1sok \u00e1llnak. Kiv\u00e1l\u00f3 min\u0151s\u00e9g\u0171 term\u00e9keket \u00e9s ig\u00e9nyes szolg\u00e1ltat\u00e1sokat k\u00edn\u00e1lunk \u00fcgyfeleink sz\u00e1m\u00e1ra.<\/p>\n\n\n\n<ol class=\"wp-block-list\">\n<li><strong>\u00dcgyfeleink el\u00e9gedetts\u00e9ge jelenti siker\u00fcnk z\u00e1log\u00e1t<\/strong><br>Ez\u00e9rt term\u00e9keinket a&nbsp;megk\u00edv\u00e1nt min\u0151s\u00e9gben, megfelel\u0151 hat\u00e1rid\u0151ben \u00e9s m\u00e9lt\u00e1nyos \u00e1ron sz\u00e1ll\u00edtjuk \u00fcgyfeleinknek. Ugyanez vonatkozik besz\u00e1ll\u00edt\u00f3inkra is.<\/li>\n\n\n\n<li><strong>\u00dcgyfeleink hat\u00e1rozz\u00e1k meg a v\u00e1llalatunkra vonatkoz\u00f3 min\u0151s\u00e9gi elv\u00e1r\u00e1sokat<\/strong><br>Ehhez tartjuk magunkat. Betart\u00e1s\u00e1t tekintj\u00fck legfontosabb c\u00e9lkit\u0171z\u00e9s\u00fcnknek, hiszen d\u00f6nt\u0151 m\u00e9rt\u00e9kben befoly\u00e1solja v\u00e1llalatunk fejl\u0151d\u00e9s\u00e9t.<\/li>\n\n\n\n<li><strong>&#8222;Nulla hibakv\u00f3ta&#8221;<\/strong><br>Optimaliz\u00e1lja k\u00f6lts\u00e9geinket, \u00e9s gazdas\u00e1goss\u00e1 teszi v\u00e1llalatunkat, amit az \u00fczleti eredm\u00e9nnyel ar\u00e1nyos juttat\u00e1s tesz k\u00e9zzel foghat\u00f3v\u00e1 munkat\u00e1rsaink sz\u00e1m\u00e1ra.<\/li>\n\n\n\n<li><strong>A hat\u00e1rid\u0151k betart\u00e1sa<\/strong><br>A meg\u00e1llapod\u00e1sunkban szerepl\u0151 hat\u00e1rid\u0151ket mindig betartjuk. Halad\u00e9ktalanul feldolgozzuk \u00e9s a lehet\u0151 legnagyobb gondoss\u00e1ggal kezelj\u00fck a hozz\u00e1nk \u00e9rkez\u0151 aj\u00e1nlatk\u00e9r\u00e9seket, aj\u00e1nlatokat, aj\u00e1nlatk\u00e9r\u00e9si mint\u00e1kat \u00e9s reklam\u00e1ci\u00f3kat.<\/li>\n\n\n\n<li><strong>Munkav\u00e1llal\u00f3i felel\u0151ss\u00e9g<\/strong><br>Munkat\u00e1rsaink a v\u00e1llalatunkon bel\u00fcl bet\u00f6lt\u00f6tt poz\u00edci\u00f3jukt\u00f3l f\u00fcggetlen\u00fcl&nbsp;fontos szerepet t\u00f6ltenek be min\u0151s\u00e9gi c\u00e9ljaink el\u00e9r\u00e9s\u00e9ben. Min\u0151s\u00e9gi kock\u00e1zat \u00e9szlel\u00e9se eset\u00e9n saj\u00e1t hat\u00e1sk\u00f6rben int\u00e9zkednek a vesz\u00e9lyhelyzetek elh\u00e1r\u00edt\u00e1sa ir\u00e1nt, vagy \u00e9rtes\u00edtik k\u00f6zvetlen felettes\u00fcket.<\/li>\n\n\n\n<li><strong>Hibaelh\u00e1r\u00edt\u00e1s helyett a hiba megel\u0151z\u00e9se<\/strong><br>A&nbsp;hib\u00e1k megel\u0151z\u00e9s\u00e9re \u00e9s felismer\u00e9s\u00e9re j\u00f3l bev\u00e1lt int\u00e9zked\u00e9seket alkalmazunk.&nbsp;<\/li>\n\n\n\n<li><strong>Min\u0151s\u00e9g &#8211; fontos vezet\u0151i feladat<\/strong><br>Az ir\u00e1nyelv megval\u00f3s\u00edt\u00e1s\u00e1r\u00f3l, a munkav\u00e1llal\u00f3kkal k\u00f6z\u00f6lt megegyez\u00e9ses eredm\u00e9nyc\u00e9lok seg\u00edts\u00e9g\u00e9vel, a v\u00e1llalat vezet\u00e9se gondoskodik. Ez m\u00e9rhet\u0151v\u00e9 \u00e9s az egy\u00e9ni teljes\u00edtm\u00e9ny\u00e9rt\u00e9kel\u00e9s keret\u00e9ben is \u00e9rt\u00e9kelhet\u0151v\u00e9 teszi a min\u0151s\u00e9get.<\/li>\n\n\n\n<li><strong>Csak j\u00f3 besz\u00e1ll\u00edt\u00f3kkal \u00e9rhet\u00fcnk el eredm\u00e9nyt<\/strong><br>Min\u0151s\u00e9gi k\u00f6vetelm\u00e9nyeink besz\u00e1ll\u00edt\u00f3inkra is vonatkoznak. Hiszen az \u00fcgyf\u00e9lc\u00e9lok csak kiv\u00e1l\u00f3 min\u0151s\u00e9ggel \u00e9rhet\u0151k el.<\/li>\n\n\n\n<li><strong>K\u00fcl\u00f6nleges elk\u00f6telezetts\u00e9get tan\u00fas\u00edtunk a k\u00f6rnyezet \u00e9s a t\u00e1rsadalom ir\u00e1nt<\/strong><br>\u00dczemszervez\u00e9si fontoss\u00e1gukon t\u00falmutat\u00f3 k\u00edm\u00e9letess\u00e9ggel haszn\u00e1ljuk fel a rendelkez\u00e9s\u00fcnkre \u00e1ll\u00f3 energiahordoz\u00f3kat \u00e9s nyersanyagokat.<\/li>\n\n\n\n<li><strong>K\u00f6telez\u0151 \u00e9rv\u00e9ny\u0171nek tekintj\u00fck min\u0151s\u00e9gi ir\u00e1nyelveinket<\/strong><br>A min\u0151s\u00e9gi ir\u00e1nyelvek betart\u00e1sa valamennyi munkav\u00e1llal\u00f3nk alapvet\u0151 k\u00f6telezetts\u00e9ge.<\/li>\n<\/ol>\n\n\n\n<h3 class=\"wp-block-heading\"><\/h3>\n\n\n\n<p>&nbsp;<\/p>\n\n\n\n<p><a rel=\"noreferrer noopener\" href=\"https:\/\/www.eckerle-gruppe.com\/wp-content\/uploads\/2022\/03\/V1_Quality-guidelines_HU.pdf\" target=\"_blank\">Min\u0151s\u00e9gi ir\u00e1nyelvek<\/a><\/p>\n","protected":false},"excerpt":{"rendered":"<p>Min\u0151s\u00e9gi ir\u00e1nyelveink \u00e9s tanus\u00edtv\u00e1nyaink A min\u0151s\u00e9g minden tev\u00e9kenys\u00e9g\u00fcnkben \u00e9s szolg\u00e1ltat\u00e1sunkban az els\u0151 helyen \u00e1ll. Min\u0151s\u00e9gi ir\u00e1nyelvek Az Eckerle \u00e9rt\u00e9krendj\u00e9nek els\u0151 hely\u00e9n a min\u0151s\u00e9gi megfontol\u00e1sok \u00e1llnak. Kiv\u00e1l\u00f3 min\u0151s\u00e9g\u0171 term\u00e9keket \u00e9s ig\u00e9nyes szolg\u00e1ltat\u00e1sokat k\u00edn\u00e1lunk \u00fcgyfeleink sz\u00e1m\u00e1ra. &nbsp; Min\u0151s\u00e9gi ir\u00e1nyelvek<\/p>\n","protected":false},"author":6,"featured_media":0,"parent":0,"menu_order":0,"comment_status":"closed","ping_status":"closed","template":"","meta":{"_acf_changed":false,"footnotes":""},"class_list":["post-1108","page","type-page","status-publish","hentry"],"acf":[],"_links":{"self":[{"href":"https:\/\/www.eckerle-gruppe.com\/hu\/wp-json\/wp\/v2\/pages\/1108","targetHints":{"allow":["GET"]}}],"collection":[{"href":"https:\/\/www.eckerle-gruppe.com\/hu\/wp-json\/wp\/v2\/pages"}],"about":[{"href":"https:\/\/www.eckerle-gruppe.com\/hu\/wp-json\/wp\/v2\/types\/page"}],"author":[{"embeddable":true,"href":"https:\/\/www.eckerle-gruppe.com\/hu\/wp-json\/wp\/v2\/users\/6"}],"replies":[{"embeddable":true,"href":"https:\/\/www.eckerle-gruppe.com\/hu\/wp-json\/wp\/v2\/comments?post=1108"}],"version-history":[{"count":17,"href":"https:\/\/www.eckerle-gruppe.com\/hu\/wp-json\/wp\/v2\/pages\/1108\/revisions"}],"predecessor-version":[{"id":8118,"href":"https:\/\/www.eckerle-gruppe.com\/hu\/wp-json\/wp\/v2\/pages\/1108\/revisions\/8118"}],"wp:attachment":[{"href":"https:\/\/www.eckerle-gruppe.com\/hu\/wp-json\/wp\/v2\/media?parent=1108"}],"curies":[{"name":"wp","href":"https:\/\/api.w.org\/{rel}","templated":true}]}}