{"id":1094,"date":"2020-11-19T20:39:34","date_gmt":"2020-11-19T20:39:34","guid":{"rendered":"https:\/\/eckerle-gruppe.com\/?page_id=1094"},"modified":"2026-03-09T07:31:30","modified_gmt":"2026-03-09T07:31:30","slug":"kornyezetvedelem","status":"publish","type":"page","link":"https:\/\/www.eckerle-gruppe.com\/hu\/kornyezetvedelem\/","title":{"rendered":"K\u00f6rnyezetbiztons\u00e1g"},"content":{"rendered":"\n<p><\/p>\n\n\n\n<p><strong>\u00c1LTAL\u00c1NOS INFORM\u00c1CI\u00d3K<\/strong><\/p>\n\n\n\n<p>A k\u00f6rnyezet \u00e9s az energia gondolataink \u00e9s tetteink fontos r\u00e9szei. Elk\u00f6telezettek vagyunk, \u00e9s mindannyian hozz\u00e1j\u00e1rulunk a jogszab\u00e1lyok \u00e9s a t\u00e1rsadalmi norm\u00e1k betart\u00e1sa ir\u00e1nt. Az \u00e9lhet\u0151 k\u00f6rnyezet meg\u0151rz\u00e9se alapvet\u0151 fontoss\u00e1g\u00fa \u00e9s folyamatos feladat sz\u00e1munkra. Az Eckerle Csoport sz\u00e1m\u00e1ra kiemelten fontos telephelyeinek tov\u00e1bbi er\u0151s\u00edt\u00e9se.<\/p>\n\n\n\n<p><em>\u201eNem l\u00e9tezik csek\u00e9ly felel\u0151ss\u00e9g: a maga szintj\u00e9n mindenki teljes felel\u0151ss\u00e9ggel tartozik cselekedetei\u00e9rt.\u201d<\/em><\/p>\n\n\n\n<p>Edouard Michelin, 1996<\/p>\n\n\n\n<p>Ak\u00e1r etik\u00e1nkban, ak\u00e1r ir\u00e1nyelveinkben felel\u0151ss\u00e9get v\u00e1llalunk az\u00e9rt, amit tesz\u00fcnk.<\/p>\n\n\n\n<p><strong>K\u00d6RNYEZET<\/strong><\/p>\n\n\n\n<p>Az operat\u00edv k\u00f6rnyezetv\u00e9delem v\u00e1llalati politik\u00e1nk \u00e1lland\u00f3 eleme. K\u00f6rnyezetv\u00e9delmi strat\u00e9gi\u00e1nk c\u00e9lja, hogy folyamatosan cs\u00f6kkents\u00fck az energia- \u00e9s v\u00edzfogyaszt\u00e1st, a CO<sub>2<\/sub>-kibocs\u00e1t\u00e1st \u00e9s a hullad\u00e9kok keletkez\u00e9s\u00e9t m\u0171k\u00f6d\u00e9s\u00fcnk sor\u00e1n, ezzel egyidej\u0171leg folyamatosan t\u00f6reksz\u00fcnk a hullad\u00e9kok sz\u00e9lesk\u00f6r\u0171 hasznos\u00edt\u00e1s\u00e1ra.<\/p>\n\n\n\n<p><strong>ENERGIA<\/strong><\/p>\n\n\n\n<p>Az Eckerle energiapolitik\u00e1ja politik\u00e1nk kulcsfontoss\u00e1g\u00fa t\u00e9nyez\u0151je. Elk\u00f6telezettek vagyunk amellett, hogy energiafelhaszn\u00e1l\u00e1ssal kapcsolatos teljes\u00edtm\u00e9ny\u00fcnket folyamatosan jav\u00edtsuk, \u00e9s szisztematikusan n\u00f6velj\u00fck energiahat\u00e9konys\u00e1gunkat. Az energia hat\u00e9kony felhaszn\u00e1l\u00e1sa egyik legfontosabb priorit\u00e1sunk. Ahol lehets\u00e9ges, fotovoltalikus rendszerekkel napenergi\u00e1t \u00e1ll\u00edtunk el\u0151, geotermikus f\u0171t\u00e9st alkalmazunk, \u00e9s n\u00f6velj\u00fck az elektromos \u00e9s hibrid j\u00e1rm\u0171vek ar\u00e1ny\u00e1t, cs\u00f6kkentve ezzel CO<sub>2<\/sub> kibocs\u00e1t\u00e1sunkat.<\/p>\n\n\n\n<p>Az energiair\u00e1ny\u00edt\u00e1si rendszer keret\u00e9ben:<\/p>\n\n\n\n<p>&#8211; Figyelemmel k\u00eds\u00e9rj\u00fck energiafogyaszt\u00e1sunkat. Az energiahat\u00e9konys\u00e1gi int\u00e9zked\u00e9seket vezet\u00fcnk be.<\/p>\n\n\n\n<p>&#8211; Jogszab\u00e1lyi, \u00e9s energiahat\u00e9konys\u00e1gi k\u00f6telezetts\u00e9geinknek szigor\u00faan eleget tesz\u00fcnk.<\/p>\n\n\n\n<p>&#8211; Elk\u00f6telezettek vagyunk a CO<sub>2<\/sub>-semleges energiatermel\u00e9s \u00e9s -fogyaszt\u00e1s mellett (Scope 1 \u00e9s Scope 2 CO<sub>2<\/sub>-kibocs\u00e1t\u00e1s).<\/p>\n\n\n\n<p>&#8211; Strat\u00e9giai \u00e9s operat\u00edv energetikai c\u00e9ljaink el\u00e9r\u00e9s\u00e9hez keretrendszert alak\u00edtunk ki.<\/p>\n\n\n\n<p>&#8211; Az energiahat\u00e9konys\u00e1g n\u00f6vel\u00e9se \u00e9rdek\u00e9ben GoZero kezdem\u00e9nyez\u00e9s\u00fcnkkel projekteket \u00e9s programokat vezet\u00fcnk be.<\/p>\n\n\n\n<p>&nbsp;&#8211; Rendszeresen \u00e9s szisztematikusan \u00e9rt\u00e9kelj\u00fck energiahat\u00e9konys\u00e1gunkat, energiaig\u00e9ny\u00fcnket \u00e9s energiafelhaszn\u00e1l\u00e1sunkat.<\/p>\n\n\n\n<p>&#8211; Rendszeresen ellen\u0151rizz\u00fck, m\u00e9rj\u00fck \u00e9s \u00e9rt\u00e9kelj\u00fck el\u00e9rt eredm\u00e9nyeinket auditokon, \u00e9s folyamatosan fejlesztj\u00fck energi\u00e1val kapcsolatos rendszereinket.<\/p>\n\n\n\n<p>&#8211; Partnereinket, besz\u00e1ll\u00edt\u00f3inkat, szolg\u00e1ltat\u00f3inkat \u00e9s k\u00fcls\u0151 c\u00e9geinket bevonjuk az energiahat\u00e9konys\u00e1ggal kapcsolatos tev\u00e9kenys\u00e9g\u00fcnkbe.<\/p>\n\n\n\n<p>&#8211; M\u00e1r a beszerz\u00e9si folyamat kezdet\u00e9n figyelembe vessz\u00fck az \u00e9lettartamra gyakorolt hat\u00e1sokat.<\/p>\n\n\n\n<p>&#8211; T\u00e1j\u00e9koztatjuk, k\u00e9pezz\u00fck \u00e9s \u00f6szt\u00f6n\u00f6zz\u00fck munkat\u00e1rsainkat az energiatudatos viselked\u00e9sre.<\/p>\n\n\n\n<p>&#8211; M\u0171szaki szabv\u00e1nyainkban (pl. m\u0171szaki m\u00f3dos\u00edt\u00e1sok), valamint \u00fczleti \u00e9s strat\u00e9giai folyamatainkban is megvizsg\u00e1ljuk az energetikai szempontokat.<\/p>\n\n\n\n<p>Minden olyan szem\u00e9ly, aki v\u00e1llalatunkn\u00e1l \u00e9s\/vagy annak nev\u00e9ben munk\u00e1t v\u00e9gez, k\u00f6teles betartani ezeket az ir\u00e1nyelveket, valamint elv\u00e1r\u00e1s r\u00e9sz\u00fcnkr\u0151l, hogy akt\u00edvan m\u0171k\u00f6djenek egy\u00fctt ambici\u00f3zus c\u00e9ljaink el\u00e9r\u00e9s\u00e9ben.<\/p>\n\n\n\n<p><strong>FENNTARTHAT\u00d3S\u00c1GI STRAT\u00c9GIA \u00c9S SZERVEZET \u2013 PRETTL GO ZERO<\/strong><\/p>\n\n\n\n<p>Az Eckerle Csoport, amely 2020 febru\u00e1rja \u00f3ta a Prettl Csoport tagja, \u00faj c\u00e9lt t\u0171z\u00f6tt ki: a kl\u00edmasemlegess\u00e9get 2025-re. Ezzel a c\u00e9llal az Eckerle Csoport hozz\u00e1 szeretne j\u00e1rulni a fenntarthat\u00f3 j\u00f6v\u0151h\u00f6z, hogy a j\u00f6v\u0151ben is biztos\u00edtott legyen a magasszint\u0171 \u00e9letmin\u0151s\u00e9g, amely \u00f6sszhangban \u00e1ll a k\u00f6rnyezet meg\u00f3v\u00e1s\u00e1val.<\/p>\n\n\n\n<p>Az Eckerle energiapolitik\u00e1ja politik\u00e1nk kulcsfontoss\u00e1g\u00fa t\u00e9nyez\u0151je. Itt nem csak a v\u00e9geredm\u00e9nyt l\u00e1tjuk, hanem az energia eg\u00e9sz\u00e9t. Az energiafelhaszn\u00e1l\u00e1s, az energiafogyaszt\u00e1s \u00e9s az energiahat\u00e9konys\u00e1g a legfontosabb t\u00e9nyez\u0151k.<\/p>\n\n\n\n<p>C\u00e9lunk, hogy 2025-re az \u00e9rdekelt felek bevon\u00e1s\u00e1val 20%-kal cs\u00f6kkents\u00fck a Prettl Csoport CO<sub>2<\/sub>-r\u00e9szesed\u00e9s\u00e9t.<\/p>\n\n\n\n<p><strong>FENNTARTHAT\u00d3 TERMEL\u00c9SI CIKLUS<\/strong><\/p>\n\n\n\n<p>Tev\u00e9kenys\u00e9g\u00fcnket ott kezdj\u00fck, ahol a k\u00f6rnyezeti hat\u00e1s jelentkezik. M\u00e1r a term\u00e9kfejleszt\u00e9sn\u00e9l, mely \u00fcgyfeleinkkel k\u00f6z\u00f6sen t\u00f6rt\u00e9nik, \u00e9s besz\u00e1ll\u00edt\u00f3ink kiv\u00e1laszt\u00e1sakor, gondoskodunk arr\u00f3l, hogy \u0151k is vel\u00fcnk azonos k\u00f6rnyezetv\u00e9delmi ir\u00e1nyelveket k\u00f6vessenek. A gy\u00e1rt\u00e1s sor\u00e1n nemcsak munkat\u00e1rsaink eg\u00e9szs\u00e9g\u00e9t \u00e9s biztons\u00e1g\u00e1t tartjuk szem el\u0151tt, hanem a k\u00f6rnyezetre gyakorolt negat\u00edv hat\u00e1sok elker\u00fcl\u00e9s\u00e9t is. Annak \u00e9rdek\u00e9ben, hogy kev\u00e9s hullad\u00e9k, szennyv\u00edz, zaj \u00e9s egy\u00e9b k\u00e1rosanyag kibocs\u00e1t\u00e1s keletkezzen, proakt\u00edvan keress\u00fck a megold\u00e1sokat ezek cs\u00f6kkent\u00e9s\u00e9re.<\/p>\n\n\n\n<p><strong>EL\u0150RETEKINT\u0150 \u2013 ELK\u00d6TELEZETTS\u00c9G<\/strong><\/p>\n\n\n\n<p>Elk\u00f6telezettek vagyunk a jogi k\u00f6vetelm\u00e9nyek \u00e9s a hat\u00f3s\u00e1gi szab\u00e1lyok betart\u00e1sa, \u00e9s az illet\u00e9kes szervekkel \u00e9s int\u00e9zm\u00e9nyekkel val\u00f3 egy\u00fcttm\u0171k\u00f6d\u00e9s ir\u00e1nt. Ezeket a k\u00f6vetelm\u00e9nyeket \u00e9s szab\u00e1lyokat a term\u00e9szeti er\u0151forr\u00e1sok, anyag- \u00e9s energiatakar\u00e9kos felhaszn\u00e1l\u00e1s\u00e1hoz sz\u00fcks\u00e9ges minimumnak tekintj\u00fck. Ezt a k\u00fcldet\u00e9snyilatkozatot nyilv\u00e1nosan k\u00e9pviselj\u00fck, \u00e9s ny\u00edlt p\u00e1rbesz\u00e9det folytatunk minden \u00e9rdekelt f\u00e9llel, \u00edgy szomsz\u00e9dainkkal, \u00fcgyfeleinkkel, munkat\u00e1rsainkkal \u00e9s a hat\u00f3s\u00e1gokkal.<\/p>\n\n\n\n<figure class=\"wp-block-image size-large is-style-default\"><a href=\"https:\/\/www.prettl.com\/en\/sustainability\/prettl-go-zero.html\" target=\"_blank\" rel=\"noopener noreferrer\"><img loading=\"lazy\" decoding=\"async\" width=\"568\" height=\"227\" src=\"https:\/\/www.eckerle-gruppe.com\/wp-content\/uploads\/2021\/03\/prettl_gozero_logo.jpg\" alt=\"\" class=\"wp-image-3299\" srcset=\"https:\/\/www.eckerle-gruppe.com\/wp-content\/uploads\/2021\/03\/prettl_gozero_logo.jpg 568w, https:\/\/www.eckerle-gruppe.com\/wp-content\/uploads\/2021\/03\/prettl_gozero_logo-300x120.jpg 300w\" sizes=\"auto, (max-width: 568px) 100vw, 568px\" \/><\/a><\/figure>\n\n\n\n<p><strong>Energetikai szakreferensi jelent\u00e9sek<\/strong><\/p>\n\n\n\n<p>Energetikai szakreferensi jelent\u00e9seinket itt \u00e9rheti el:&nbsp;<\/p>\n\n\n\n<p><a href=\"https:\/\/www.eckerle-gruppe.com\/wp-content\/uploads\/2026\/03\/Energetikai_szakreferens_eves_jelentes_2025_Eckerle_Automotive.pdf\" data-type=\"link\" data-id=\"https:\/\/www.eckerle-gruppe.com\/wp-content\/uploads\/2026\/03\/Energetikai_szakreferens_eves_jelentes_2025_Eckerle_Automotive.pdf\" target=\"_blank\" rel=\"noreferrer noopener\">Energetikai szakreferens \u00e9ves jelent\u00e9s 2025 Eckerle Automotive<\/a><\/p>\n\n\n\n<p><a href=\"https:\/\/www.eckerle-gruppe.com\/wp-content\/uploads\/2026\/03\/Energetikai_szakreferens_eves_jelentes_2025_Eckerle_Industrie.pdf\" data-type=\"link\" data-id=\"https:\/\/www.eckerle-gruppe.com\/wp-content\/uploads\/2026\/03\/Energetikai_szakreferens_eves_jelentes_2025_Eckerle_Industrie.pdf\" target=\"_blank\" rel=\"noreferrer noopener\">Energetikai szakreferens \u00e9ves jelent\u00e9s 2025 Eckerle Industrie<\/a><\/p>\n\n\n\n<p><\/p>\n\n\n\n<p>&nbsp;<\/p>\n\n\n\n<p><a href=\"https:\/\/www.eckerle-gruppe.com\/wp-content\/uploads\/2026\/03\/V3_ENVIRONMENT-AND-ENERGY_HU.pdf\" data-type=\"link\" data-id=\"https:\/\/www.eckerle-gruppe.com\/wp-content\/uploads\/2026\/03\/V3_ENVIRONMENT-AND-ENERGY_HU.pdf\">K\u00f6rnyezetv\u00e9delmi \u00e9s energiapolitika<\/a><\/p>\n\n\n\n<p><\/p>\n","protected":false},"excerpt":{"rendered":"<p>\u00c1LTAL\u00c1NOS INFORM\u00c1CI\u00d3K A k\u00f6rnyezet \u00e9s az energia gondolataink \u00e9s tetteink fontos r\u00e9szei. Elk\u00f6telezettek vagyunk, \u00e9s mindannyian hozz\u00e1j\u00e1rulunk a jogszab\u00e1lyok \u00e9s a t\u00e1rsadalmi norm\u00e1k betart\u00e1sa ir\u00e1nt. Az \u00e9lhet\u0151 k\u00f6rnyezet meg\u0151rz\u00e9se alapvet\u0151 fontoss\u00e1g\u00fa \u00e9s folyamatos feladat sz\u00e1munkra. Az Eckerle Csoport sz\u00e1m\u00e1ra kiemelten fontos telephelyeinek tov\u00e1bbi er\u0151s\u00edt\u00e9se. \u201eNem l\u00e9tezik csek\u00e9ly felel\u0151ss\u00e9g: a maga szintj\u00e9n mindenki teljes felel\u0151ss\u00e9ggel tartozik [&hellip;]<\/p>\n","protected":false},"author":6,"featured_media":0,"parent":0,"menu_order":0,"comment_status":"closed","ping_status":"closed","template":"","meta":{"_acf_changed":false,"footnotes":""},"class_list":["post-1094","page","type-page","status-publish","hentry"],"acf":[],"_links":{"self":[{"href":"https:\/\/www.eckerle-gruppe.com\/hu\/wp-json\/wp\/v2\/pages\/1094","targetHints":{"allow":["GET"]}}],"collection":[{"href":"https:\/\/www.eckerle-gruppe.com\/hu\/wp-json\/wp\/v2\/pages"}],"about":[{"href":"https:\/\/www.eckerle-gruppe.com\/hu\/wp-json\/wp\/v2\/types\/page"}],"author":[{"embeddable":true,"href":"https:\/\/www.eckerle-gruppe.com\/hu\/wp-json\/wp\/v2\/users\/6"}],"replies":[{"embeddable":true,"href":"https:\/\/www.eckerle-gruppe.com\/hu\/wp-json\/wp\/v2\/comments?post=1094"}],"version-history":[{"count":48,"href":"https:\/\/www.eckerle-gruppe.com\/hu\/wp-json\/wp\/v2\/pages\/1094\/revisions"}],"predecessor-version":[{"id":10331,"href":"https:\/\/www.eckerle-gruppe.com\/hu\/wp-json\/wp\/v2\/pages\/1094\/revisions\/10331"}],"wp:attachment":[{"href":"https:\/\/www.eckerle-gruppe.com\/hu\/wp-json\/wp\/v2\/media?parent=1094"}],"curies":[{"name":"wp","href":"https:\/\/api.w.org\/{rel}","templated":true}]}}