{"id":1090,"date":"2020-11-19T20:38:11","date_gmt":"2020-11-19T20:38:11","guid":{"rendered":"https:\/\/eckerle-gruppe.com\/?page_id=1090"},"modified":"2023-12-07T10:47:14","modified_gmt":"2023-12-07T10:47:14","slug":"letoeltesek","status":"publish","type":"page","link":"https:\/\/www.eckerle-gruppe.com\/hu\/letoeltesek\/","title":{"rendered":"Let\u00f6lt\u00e9sek"},"content":{"rendered":"\n<ul class=\"wp-block-list\">\n<li><a rel=\"noreferrer noopener\" href=\"https:\/\/www.eckerle-gruppe.com\/wp-content\/uploads\/2021\/03\/adatkezelesi-tajekoztato_munkavallalok_boly_automotive.pdf\" target=\"_blank\">Adatkezel\u00e9si T\u00e1j\u00e9koztat\u00f3 munkav\u00e1llal\u00f3k B\u00f3ly Automotive<\/a><\/li>\n\n\n\n<li><a rel=\"noreferrer noopener\" href=\"https:\/\/www.eckerle-gruppe.com\/wp-content\/uploads\/2021\/06\/2021-05-04-Adatkezelesi-Tajekoztato_munkavallalok_Kiskoros_Automotive.pdf\" target=\"_blank\">Adatkezel\u00e9si T\u00e1j\u00e9koztat\u00f3 munkav\u00e1llal\u00f3k Kisk\u0151r\u00f6s Automotive<\/a><\/li>\n\n\n\n<li><a rel=\"noreferrer noopener\" href=\"https:\/\/www.eckerle-gruppe.com\/wp-content\/uploads\/2021\/06\/2021-05-04-Adatkezelesi-Tajekoztato_munkavallalok_Kiskoros_Industrie.pdf\" target=\"_blank\">Adatkezel\u00e9si T\u00e1j\u00e9koztat\u00f3 munkav\u00e1llal\u00f3k Kisk\u0151r\u00f6s Industrie<\/a><\/li>\n\n\n\n<li><a rel=\"noreferrer noopener\" href=\"https:\/\/www.eckerle-gruppe.com\/wp-content\/uploads\/2021\/06\/2021-05-04-Adatkezelesi-Tajekoztato_munkavallalok_Kiskoros_Invest.pdf\" target=\"_blank\">Adatkezel\u00e9si T\u00e1j\u00e9koztat\u00f3 munkav\u00e1llal\u00f3k Kisk\u0151r\u00f6s Invest<\/a><\/li>\n\n\n\n<li><a rel=\"noreferrer noopener\" href=\"https:\/\/www.eckerle-gruppe.com\/wp-content\/uploads\/2021\/03\/adatkezelesi-tajekoztato_szallitok_minden-ceg.pdf\" target=\"_blank\">Adatkezel\u00e9si T\u00e1j\u00e9koztat\u00f3 sz\u00e1ll\u00edt\u00f3k r\u00e9sz\u00e9re<\/a><\/li>\n\n\n\n<li><a rel=\"noreferrer noopener\" href=\"https:\/\/www.eckerle-gruppe.com\/wp-content\/uploads\/2021\/03\/adatkezelesi-tajekoztato_ugyfelek_minden-ceg.pdf\" target=\"_blank\">Adatkezel\u00e9si T\u00e1j\u00e9koztat\u00f3 \u00fcgyfelek r\u00e9sz\u00e9re<\/a><\/li>\n\n\n\n<li><a href=\"https:\/\/www.eckerle-gruppe.com\/wp-content\/uploads\/2023\/12\/V3_2023-12-06-eckerle_coc_hu.pdf\">Magatart\u00e1si K\u00f3dex<\/a><\/li>\n<\/ul>\n\n\n\n<p>&nbsp;<\/p>\n\n\n\n<ul class=\"wp-block-list\">\n<li><a rel=\"noreferrer noopener\" href=\"\/wp-content\/uploads\/2021\/09\/15.02.o.788_supplier-self-assessment_en.docx\" target=\"_blank\">Supplier Self Assessment_EN<\/a><\/li>\n\n\n\n<li><a rel=\"noreferrer noopener\" href=\"\/wp-content\/uploads\/2021\/09\/erklarung-zu-konfiktmaterialien_august-2021.pdf\" target=\"_blank\">Erkl\u00e4rung zu Konfiktmaterialien_August 2022<\/a><\/li>\n\n\n\n<li><a rel=\"noreferrer noopener\" href=\"https:\/\/www.eckerle-gruppe.com\/wp-content\/uploads\/2021\/11\/Conflict-Minerals-Declaration_EN_Nov-2021_signed.pdf\" target=\"_blank\">Statement on Conflict Minerals EN<\/a><\/li>\n\n\n\n<li><a rel=\"noreferrer noopener\" href=\"https:\/\/www.eckerle-gruppe.com\/wp-content\/uploads\/2022\/03\/General-Terms-and-Conditions.pdf\" target=\"_blank\">General Terms and Conditions<\/a><\/li>\n\n\n\n<li><a rel=\"noreferrer noopener\" href=\"https:\/\/www.eckerle-gruppe.com\/wp-content\/uploads\/2022\/03\/General-shipping-and-packaging-regulations.pdf\" target=\"_blank\">General Shipping and Packaging Regulations<\/a> <\/li>\n\n\n\n<li><a rel=\"noreferrer noopener\" href=\"https:\/\/www.eckerle-gruppe.com\/wp-content\/uploads\/2022\/04\/2022.04.22_General-Purchasing-Terms-and-Conditions_ENG.pdf\" target=\"_blank\">General Purchasing Terms and Conditions<\/a> <\/li>\n<\/ul>\n\n\n","protected":false},"excerpt":{"rendered":"<p>&nbsp;<\/p>\n","protected":false},"author":6,"featured_media":0,"parent":0,"menu_order":0,"comment_status":"closed","ping_status":"closed","template":"","meta":{"_acf_changed":false,"footnotes":""},"class_list":["post-1090","page","type-page","status-publish","hentry"],"acf":[],"_links":{"self":[{"href":"https:\/\/www.eckerle-gruppe.com\/hu\/wp-json\/wp\/v2\/pages\/1090","targetHints":{"allow":["GET"]}}],"collection":[{"href":"https:\/\/www.eckerle-gruppe.com\/hu\/wp-json\/wp\/v2\/pages"}],"about":[{"href":"https:\/\/www.eckerle-gruppe.com\/hu\/wp-json\/wp\/v2\/types\/page"}],"author":[{"embeddable":true,"href":"https:\/\/www.eckerle-gruppe.com\/hu\/wp-json\/wp\/v2\/users\/6"}],"replies":[{"embeddable":true,"href":"https:\/\/www.eckerle-gruppe.com\/hu\/wp-json\/wp\/v2\/comments?post=1090"}],"version-history":[{"count":29,"href":"https:\/\/www.eckerle-gruppe.com\/hu\/wp-json\/wp\/v2\/pages\/1090\/revisions"}],"predecessor-version":[{"id":8238,"href":"https:\/\/www.eckerle-gruppe.com\/hu\/wp-json\/wp\/v2\/pages\/1090\/revisions\/8238"}],"wp:attachment":[{"href":"https:\/\/www.eckerle-gruppe.com\/hu\/wp-json\/wp\/v2\/media?parent=1090"}],"curies":[{"name":"wp","href":"https:\/\/api.w.org\/{rel}","templated":true}]}}