{"id":1079,"date":"2020-11-19T20:32:49","date_gmt":"2020-11-19T20:32:49","guid":{"rendered":"https:\/\/eckerle-gruppe.com\/?page_id=1079"},"modified":"2026-01-27T08:19:34","modified_gmt":"2026-01-27T08:19:34","slug":"certifications","status":"publish","type":"page","link":"https:\/\/www.eckerle-gruppe.com\/hu\/certifications\/","title":{"rendered":"Tan\u00fas\u00edtv\u00e1nyok"},"content":{"rendered":"\n<p><strong>K\u00e9r\u00e9s\u00e9re elk\u00fcldj\u00fck mindenkor \u00e9rv\u00e9nyes tan\u00fas\u00edtv\u00e1nyunkat!<\/strong><\/p>\n\n\n\n<ul class=\"wp-block-list\">\n<li><a href=\"https:\/\/www.eckerle-gruppe.com\/wp-content\/uploads\/2024\/06\/2024-ISO-14001-Certificate-Eckerle-Automotive-GmbH-MEU-PIM.pdf\" target=\"_blank\" rel=\"noreferrer noopener\">2024 ISO 14001 Certificate Eckerle Automotive GmbH (Annex)<\/a><\/li>\n\n\n\n<li><a href=\"https:\/\/www.eckerle-gruppe.com\/wp-content\/uploads\/2024\/06\/2024-ISO-14001-Certificate-Eckerle-Automotive-GmbH-MEU.pdf\" target=\"_blank\" rel=\"noreferrer noopener\">2024 ISO 14001 Certificate Eckerle Automotive GmbH (SUB)<\/a><\/li>\n\n\n\n<li><a href=\"https:\/\/www.eckerle-gruppe.com\/wp-content\/uploads\/2024\/06\/2024-ISO-14001-Certificate-Eckerle-Industrie-GmbH.pdf\" target=\"_blank\" rel=\"noreferrer noopener\">2024 ISO 14001 Certificate to Eckerle Industrie GmbH<\/a><\/li>\n\n\n\n<li><a href=\"https:\/\/www.eckerle-gruppe.com\/wp-content\/uploads\/2024\/06\/2024-ISO-14001-Sub-Certificate-to-Eckerle-Zhuhai-Co.pdf\" target=\"_blank\" rel=\"noreferrer noopener\">2024 ISO 14001 Certificate to Eckerle Zhuhai Co (SUB)<\/a><\/li>\n\n\n\n<li><a href=\"https:\/\/www.eckerle-gruppe.com\/wp-content\/uploads\/2024\/06\/2024-ISO-14001-Sub-Certificate-to-SC-Eckerle-Automotive-SRL.pdf\" target=\"_blank\" rel=\"noreferrer noopener\"><a href=\"https:\/\/www.eckerle-gruppe.com\/wp-content\/uploads\/2024\/06\/2024-ISO-14001-Sub-Certificate-to-SC-Eckerle-Automotive-SRL.pdf\" target=\"_blank\" rel=\"noreferrer noopener\">2024 ISO 14001 Certificate to S.C. Eckerle Automotive S.R.L. (SUB) &#8211; Cluj-Napoca Romania<\/a><\/a><\/li>\n\n\n\n<li><a href=\"https:\/\/www.eckerle-gruppe.com\/wp-content\/uploads\/2026\/01\/Certificado-ISO14001.2026-2029-1.pdf\" target=\"_blank\" rel=\"noreferrer noopener\">2021 ISO 14001: 2015 Eckerle de M\u00e9xico, S.A. de C.V<\/a><\/li>\n\n\n\n<li><a href=\"https:\/\/www.eckerle-gruppe.com\/wp-content\/uploads\/2024\/03\/2024-ISO-14001-Certificate-to-Eckerle-Automotive-Kft_EN.pdf\" target=\"_blank\" rel=\"noreferrer noopener\">2024 ISO 14001 Certificate to Eckerle Automotive Kft_EN<\/a><\/li>\n\n\n\n<li><a href=\"https:\/\/www.eckerle-gruppe.com\/wp-content\/uploads\/2024\/03\/2024-ISO-14001-Sub-Certificate-to-Eckerle-Automotive-Boly-Kft_EN.pdf\" target=\"_blank\" rel=\"noreferrer noopener\">2024 ISO 14001 Sub Certificate to Eckerle Automotive Boly Kft_EN<\/a><\/li>\n\n\n\n<li><a href=\"https:\/\/www.eckerle-gruppe.com\/wp-content\/uploads\/2024\/03\/2024-ISO-14001-Sub-Certificate-to-Eckerle-Industrie-Kft_EN.pdf\" target=\"_blank\" rel=\"noreferrer noopener\">2024 ISO 14001 Sub Certificate to Eckerle Industrie Kft_EN<\/a><\/li>\n<\/ul>\n\n\n\n<p>&nbsp;<\/p>\n\n\n\n<ul class=\"wp-block-list\">\n<li><a href=\"\/wp-content\/uploads\/2021\/09\/2021-iatf-16949_-2016-annex-to-certificate-eckerle-automotive-boly-kft.pdf\" target=\"_blank\" rel=\"noreferrer noopener\"><\/a><a href=\"https:\/\/www.eckerle-gruppe.com\/wp-content\/uploads\/2022\/08\/2022-IATF-16949_2016-Annex-to-Certificate-Eckerle-Zhuhai-Co.-Ltd..pdf\" target=\"_blank\" rel=\"noreferrer noopener\">2022 IATF 16949_2016 Annex to Certificate Eckerle (Zhuhai) Co. Ltd.<\/a><\/li>\n\n\n\n<li><a href=\"\/wp-content\/uploads\/2021\/09\/2021-iatf-16949_-2016-annex-to-certificate-eckerle-automotive-boly-kft.pdf\" target=\"_blank\" rel=\"noreferrer noopener\"><\/a><a href=\"https:\/\/www.eckerle-gruppe.com\/wp-content\/uploads\/2022\/08\/2022-IATF-16949_2016-Certificate-Eckerle-Zhuhai-Building-BC-Co.-Ltd-.pdf\" target=\"_blank\" rel=\"noreferrer noopener\">2022 IATF 16949_2016 Certificate Eckerle (Zhuhai Building B&amp;C) Co. Ltd<\/a><\/li>\n\n\n\n<li><a href=\"https:\/\/www.eckerle-gruppe.com\/wp-content\/uploads\/2025\/12\/67269msIATF_en08.pdf\" target=\"_blank\" rel=\"noreferrer noopener\">2025 IATF 16949: 2016 Certificate to S.C. Eckerle Automotive S.R.L. &#8211; Turda, Romania <\/a><\/li>\n\n\n\n<li><a href=\"https:\/\/www.eckerle-gruppe.com\/wp-content\/uploads\/2025\/12\/67269msIATF_en02.pdf\" target=\"_blank\" rel=\"noreferrer noopener\">2025 IATF 16949: 2016 Certificate to S.C. Eckerle Automotive S.R.L. &#8211; Cluj-Napoca, Romania<\/a><\/li>\n\n\n\n<li><a href=\"\/wp-content\/uploads\/2021\/09\/2021-iatf-16949_-2016-annex-to-certificate-eckerle-automotive-boly-kft.pdf\" target=\"_blank\" rel=\"noreferrer noopener\"><\/a><a href=\"https:\/\/www.eckerle-gruppe.com\/wp-content\/uploads\/2024\/04\/2024-IATF-16949-Certificate-to-Eckerle-Automotive-Boly-Kft.pdf\" target=\"_blank\" rel=\"noreferrer noopener\">2024 IATF 16949 Certificate to Eckerle Automotive B\u00f3ly Kft<\/a><\/li>\n\n\n\n<li><a href=\"https:\/\/www.eckerle-gruppe.com\/wp-content\/uploads\/2024\/05\/2024-IATF-16949_Eckerle-Automotive-Kft.pdf\" target=\"_blank\" rel=\"noreferrer noopener\">2024 IATF 16949_Eckerle Automotive Kft<\/a><\/li>\n\n\n\n<li><a href=\"https:\/\/www.eckerle-gruppe.com\/wp-content\/uploads\/2024\/05\/2024-IATF-16949-Certificate-to-Eckerle-Automotive-GmbH.pdf\" target=\"_blank\" rel=\"noreferrer noopener\">2024 IATF 16949 Certificate to Eckerle Automotive GmbH<\/a><\/li>\n\n\n\n<li><a href=\"https:\/\/www.eckerle-gruppe.com\/wp-content\/uploads\/2024\/08\/2024_ISO-16949-Eckerle-de-Mexico-S.A.-de-C.V.pdf\">2024 IATF 16949 Certificate Eckerle de M\u00e9xico S.A. de C.V.<\/a><a href=\"\/wp-content\/uploads\/2021\/09\/2021-iatf-16949_-2016-annex-to-certificate-eckerle-automotive-boly-kft.pdf\" target=\"_blank\" rel=\"noreferrer noopener\"><\/a><\/li>\n<\/ul>\n\n\n\n<p>&nbsp;<\/p>\n\n\n\n<ul class=\"wp-block-list\">\n<li><a href=\"https:\/\/www.eckerle-gruppe.com\/wp-content\/uploads\/2025\/12\/67269ms_en08.pdf\" data-type=\"link\" data-id=\"https:\/\/www.eckerle-gruppe.com\/wp-content\/uploads\/2025\/12\/67269ms_en08.pdf\" target=\"_blank\" rel=\"noreferrer noopener\">2025 ISO 9001 Certificate S.C. Eckerle Automotive S.R.L. &#8211;  Turda, Romania<\/a><\/li>\n\n\n\n<li><a href=\"https:\/\/www.eckerle-gruppe.com\/wp-content\/uploads\/2025\/12\/67269ms_en02.pdf\" data-type=\"link\" data-id=\"https:\/\/www.eckerle-gruppe.com\/wp-content\/uploads\/2025\/12\/67269ms_en08.pdf\" target=\"_blank\" rel=\"noreferrer noopener\">2025 ISO 9001 Certificate S.C. Eckerle Automotive S.R.L. &#8211;  Cluj-Napoca, Romania<\/a><\/li>\n\n\n\n<li><a href=\"https:\/\/www.eckerle-gruppe.com\/wp-content\/uploads\/2024\/04\/2024-IATF-9001-Certificate-to-Eckerle-Automotive-Boly-Kft.pdf\" target=\"_blank\" rel=\"noreferrer noopener\">2024 ISO 9001 Certificate to Eckerle Automotive B\u00f3ly Kft<\/a><\/li>\n\n\n\n<li><a href=\"https:\/\/www.eckerle-gruppe.com\/wp-content\/uploads\/2024\/05\/2024-IATF-9001_Eckerle-Automotive-Kft.pdf\" target=\"_blank\" rel=\"noreferrer noopener\">2024 ISO 9001_Eckerle Automotive Kft<\/a><\/li>\n\n\n\n<li><a href=\"https:\/\/www.eckerle-gruppe.com\/wp-content\/uploads\/2024\/05\/2024-IATF-9001-Certificate-to-Eckerle-Automotive-GmbH.pdf\" target=\"_blank\" rel=\"noreferrer noopener\">2024 ISO 9001 Certificate to Eckerle Automotive GmbH<\/a><\/li>\n\n\n\n<li><a href=\"https:\/\/www.eckerle-gruppe.com\/wp-content\/uploads\/2024\/06\/2024-ISO-9001-Certificate-to-Eckerle-Industrie-GmbH-Main.pdf\" target=\"_blank\" rel=\"noreferrer noopener\">2024 ISO 9001 Certificate to Eckerle Industrie GmbH Main<\/a><\/li>\n\n\n\n<li><a href=\"https:\/\/www.eckerle-gruppe.com\/wp-content\/uploads\/2024\/06\/2024-ISO-9001-Certificate-to-Eckerle-Industrie-GmbH-Sub.pdf\" target=\"_blank\" rel=\"noreferrer noopener\">2024 ISO 9001 Certificate to Eckerle Industrie GmbH Sub<\/a><\/li>\n\n\n\n<li><a href=\"https:\/\/www.eckerle-gruppe.com\/wp-content\/uploads\/2024\/06\/2024-ISO-9001-Certificate-to-Eckerle-Industrie-Kft-Sub.pdf\" target=\"_blank\" rel=\"noreferrer noopener\">2024 ISO 9001 Certificate to Eckerle Industrie Kft Sub<\/a><\/li>\n\n\n\n<li><a href=\"https:\/\/www.eckerle-gruppe.com\/wp-content\/uploads\/2024\/08\/2024_ISO-9001-Eckerle-de-Mexico-S.A.-de-C.V.pdf\">2024 ISO 9001 Certificate to Eckerle M\u00e9xico S.A. de C.V.<\/a><\/li>\n<\/ul>\n\n\n\n<p>&nbsp;<\/p>\n\n\n\n<ul class=\"wp-block-list\">\n<li><a href=\"https:\/\/www.eckerle-gruppe.com\/wp-content\/uploads\/2023\/11\/Nemzeti-Akkreditacio-Hatosag-Kalibralokozpont.pdf\" target=\"_blank\" rel=\"noreferrer noopener\">Eckerle Industrie Kft. &#8211; MSZ EN ISO\/IEC 17025:2018 Accreditation Calibration Laboratory<\/a><\/li>\n\n\n\n<li><a href=\"https:\/\/www.eckerle-gruppe.com\/wp-content\/uploads\/2023\/11\/Kalibralokozpont-Reszletezo-Okirat.pdf\" target=\"_blank\" rel=\"noreferrer noopener\">Eckerle Industrie Kft. &#8211; MSZ EN ISO\/IEC 17025:2018 Calibration Laboratory &#8211; Appendix<\/a><\/li>\n<\/ul>\n\n\n\n<p>&nbsp;<\/p>\n\n\n\n<ul class=\"wp-block-list\">\n<li><a href=\"https:\/\/www.eckerle-gruppe.com\/wp-content\/uploads\/2024\/03\/2024-ISO-50001-Certificate-to-Eckerle-Automotive-Kft_EN.pdf\" target=\"_blank\" rel=\"noreferrer noopener\">2024 ISO 50001 Certificate to Eckerle Automotive Kft<\/a><\/li>\n\n\n\n<li><a href=\"https:\/\/www.eckerle-gruppe.com\/wp-content\/uploads\/2024\/03\/2024-ISO-50001-Sub-Certificate-to-Eckerle-Automotive-Boly-Kft_EN.pdf\" target=\"_blank\" rel=\"noreferrer noopener\">2024 ISO 50001 Sub Certificate to Eckerle Automotive Boly Kft<\/a><\/li>\n\n\n\n<li><a href=\"https:\/\/www.eckerle-gruppe.com\/wp-content\/uploads\/2024\/03\/2024-ISO-50001-Sub-Certificate-to-Eckerle-Industrie-Kft_EN.pdf\" target=\"_blank\" rel=\"noreferrer noopener\">2024 ISO 50001 Sub Certificate to Eckerle Industrie Kft<\/a><\/li>\n<\/ul>\n\n\n\n<p>&nbsp;<\/p>\n\n\n\n<ul class=\"wp-block-list\">\n<li><a href=\"https:\/\/www.eckerle-gruppe.com\/wp-content\/uploads\/2026\/01\/Scope_S68PLW_TISAX_label-1.pdf\" target=\"_blank\" rel=\"noreferrer noopener\">2026 TISAX Certificate S.C. Eckerle Automotive S.R.L. &#8211; Cluj-Napoca, Romania<\/a><\/li>\n<\/ul>\n\n\n\n<p><\/p>\n\n\n\n<p><\/p>\n","protected":false},"excerpt":{"rendered":"<p>K\u00e9r\u00e9s\u00e9re elk\u00fcldj\u00fck mindenkor \u00e9rv\u00e9nyes tan\u00fas\u00edtv\u00e1nyunkat! &nbsp; &nbsp; &nbsp; &nbsp; &nbsp;<\/p>\n","protected":false},"author":6,"featured_media":0,"parent":0,"menu_order":0,"comment_status":"closed","ping_status":"closed","template":"","meta":{"_acf_changed":false,"footnotes":""},"class_list":["post-1079","page","type-page","status-publish","hentry"],"acf":[],"_links":{"self":[{"href":"https:\/\/www.eckerle-gruppe.com\/hu\/wp-json\/wp\/v2\/pages\/1079","targetHints":{"allow":["GET"]}}],"collection":[{"href":"https:\/\/www.eckerle-gruppe.com\/hu\/wp-json\/wp\/v2\/pages"}],"about":[{"href":"https:\/\/www.eckerle-gruppe.com\/hu\/wp-json\/wp\/v2\/types\/page"}],"author":[{"embeddable":true,"href":"https:\/\/www.eckerle-gruppe.com\/hu\/wp-json\/wp\/v2\/users\/6"}],"replies":[{"embeddable":true,"href":"https:\/\/www.eckerle-gruppe.com\/hu\/wp-json\/wp\/v2\/comments?post=1079"}],"version-history":[{"count":34,"href":"https:\/\/www.eckerle-gruppe.com\/hu\/wp-json\/wp\/v2\/pages\/1079\/revisions"}],"predecessor-version":[{"id":10228,"href":"https:\/\/www.eckerle-gruppe.com\/hu\/wp-json\/wp\/v2\/pages\/1079\/revisions\/10228"}],"wp:attachment":[{"href":"https:\/\/www.eckerle-gruppe.com\/hu\/wp-json\/wp\/v2\/media?parent=1079"}],"curies":[{"name":"wp","href":"https:\/\/api.w.org\/{rel}","templated":true}]}}