{"id":1036,"date":"2020-11-19T20:00:24","date_gmt":"2020-11-19T20:00:24","guid":{"rendered":"https:\/\/eckerle-gruppe.com\/?page_id=1036"},"modified":"2026-02-24T09:34:26","modified_gmt":"2026-02-24T09:34:26","slug":"cegunkrol","status":"publish","type":"page","link":"https:\/\/www.eckerle-gruppe.com\/hu\/cegunkrol\/","title":{"rendered":"R\u00f3lunk"},"content":{"rendered":"\n<p>Az Eckerle alapvet\u0151 kompetenci\u00e1ihoz m\u00e1r t\u00f6bb mint f\u00e9l \u00e9vsz\u00e1zada a folyamatfejleszt\u00e9s, sz\u00e9nkefetart\u00f3k gy\u00e1rt\u00e1sa \u00e9s \u00f6sszeszerel\u00e9se tartozik, a v\u00e9gterm\u00e9kei az aut\u00f3ipar, a h\u00e1ztart\u00e1si cikkek valamint kisg\u00e9pek piac\u00e1n jelennek meg.<\/p>\n","protected":false},"excerpt":{"rendered":"<p>Az Eckerle alapvet\u0151 kompetenci\u00e1ihoz m\u00e1r t\u00f6bb mint f\u00e9l \u00e9vsz\u00e1zada a folyamatfejleszt\u00e9s, sz\u00e9nkefetart\u00f3k gy\u00e1rt\u00e1sa \u00e9s \u00f6sszeszerel\u00e9se tartozik, a v\u00e9gterm\u00e9kei az aut\u00f3ipar, a h\u00e1ztart\u00e1si cikkek valamint kisg\u00e9pek piac\u00e1n jelennek meg.<\/p>\n","protected":false},"author":6,"featured_media":2560,"parent":0,"menu_order":0,"comment_status":"closed","ping_status":"closed","template":"","meta":{"_acf_changed":false,"footnotes":""},"class_list":["post-1036","page","type-page","status-publish","has-post-thumbnail","hentry"],"acf":[],"_links":{"self":[{"href":"https:\/\/www.eckerle-gruppe.com\/hu\/wp-json\/wp\/v2\/pages\/1036","targetHints":{"allow":["GET"]}}],"collection":[{"href":"https:\/\/www.eckerle-gruppe.com\/hu\/wp-json\/wp\/v2\/pages"}],"about":[{"href":"https:\/\/www.eckerle-gruppe.com\/hu\/wp-json\/wp\/v2\/types\/page"}],"author":[{"embeddable":true,"href":"https:\/\/www.eckerle-gruppe.com\/hu\/wp-json\/wp\/v2\/users\/6"}],"replies":[{"embeddable":true,"href":"https:\/\/www.eckerle-gruppe.com\/hu\/wp-json\/wp\/v2\/comments?post=1036"}],"version-history":[{"count":19,"href":"https:\/\/www.eckerle-gruppe.com\/hu\/wp-json\/wp\/v2\/pages\/1036\/revisions"}],"predecessor-version":[{"id":10287,"href":"https:\/\/www.eckerle-gruppe.com\/hu\/wp-json\/wp\/v2\/pages\/1036\/revisions\/10287"}],"wp:featuredmedia":[{"embeddable":true,"href":"https:\/\/www.eckerle-gruppe.com\/hu\/wp-json\/wp\/v2\/media\/2560"}],"wp:attachment":[{"href":"https:\/\/www.eckerle-gruppe.com\/hu\/wp-json\/wp\/v2\/media?parent=1036"}],"curies":[{"name":"wp","href":"https:\/\/api.w.org\/{rel}","templated":true}]}}