{"id":1019,"date":"2020-11-19T19:20:40","date_gmt":"2020-11-19T19:20:40","guid":{"rendered":"https:\/\/eckerle-gruppe.com\/?page_id=1019"},"modified":"2023-02-06T09:59:11","modified_gmt":"2023-02-06T09:59:11","slug":"bosch-rexroth","status":"publish","type":"page","link":"https:\/\/www.eckerle-gruppe.com\/hu\/bosch-rexroth\/","title":{"rendered":"Bosch Rexroth rendszerelemek"},"content":{"rendered":"\n<div class=\"wp-block-image\"><figure class=\"alignright size-large is-resized\"><img loading=\"lazy\" decoding=\"async\" src=\"https:\/\/www.eckerle-gruppe.com\/wp-content\/uploads\/2020\/12\/bosch-rexroth.jpeg\" alt=\"\" class=\"wp-image-1744\" width=\"329\" height=\"329\" srcset=\"https:\/\/www.eckerle-gruppe.com\/wp-content\/uploads\/2020\/12\/bosch-rexroth.jpeg 657w, https:\/\/www.eckerle-gruppe.com\/wp-content\/uploads\/2020\/12\/bosch-rexroth-300x300.jpeg 300w, https:\/\/www.eckerle-gruppe.com\/wp-content\/uploads\/2020\/12\/bosch-rexroth-150x150.jpeg 150w\" sizes=\"auto, (max-width: 329px) 100vw, 329px\" \/><\/figure><\/div>\n\n\n\n<p class=\"has-text-align-left\">Az Eckerle \u00e9s a Bosch Rexroth egy\u00fcttm\u0171k\u00f6d\u00e9se t\u00f6bb mint 25 \u00e9vet \u00f6lel fel. Magyarorsz\u00e1gon els\u0151k\u00e9nt szerezt\u00fck meg szakmai tud\u00e1sunk eredm\u00e9nyek\u00e9pp a Rexroth Distribution of Excellence v\u00e9djegy\u00e9t, melynek az\u00f3ta is b\u00fcszke visel\u0151i vagyunk. Forgalmazott rendszerelemeink sz\u00e9les v\u00e1laszt\u00e9k\u00e1t b\u00e1tran k\u00edn\u00e1ljuk minden jelenlegi \u00e9s j\u00f6v\u0151beli partner\u00fcnknek, hiszen nem csak a hozz\u00e1nk be\u00e9rkez\u0151 \u00fcgyf\u00e9lig\u00e9nyeket el\u00e9g\u00edtj\u00fck ki a g\u00e9p\u00e9p\u00edt\u00e9s sor\u00e1n Rexroth term\u00e9kekkel, hanem saj\u00e1t c\u00e9lg\u00e9peinkbe is felhaszn\u00e1ljuk azokat.<\/p>\n\n\n\n<p>A Rexroth term\u00e9keket nagyfok\u00fa hat\u00e9konys\u00e1g, tart\u00f3ss\u00e1g jellemezi, melyek tov\u00e1bbi, l\u00e9nyeges el\u0151nye, hogy azokat n\u00e1lunk nem csak komplex berendez\u00e9sek r\u00e9szek\u00e9nt, hanem egyenk\u00e9nt is beszerezheti. Munkat\u00e1rsunk helysz\u00edni felm\u00e9r\u00e9st k\u00f6vet\u0151en szem\u00e9lyre szabott aj\u00e1nlatot k\u00e9sz\u00edt \u00d6nnek. Rakt\u00e1runk lehet\u0151v\u00e9 teszi, hogy egyes term\u00e9kek eset\u00e9n 24 \u00f3r\u00e1s kisz\u00e1ll\u00edt\u00e1st v\u00e1llaljunk.<\/p>\n\n\n\n<p>Az Eckerl\u00e9n\u00e9l a k\u00f6vetkez\u0151 rendszerelemeket v\u00e1s\u00e1rolhatja meg:<\/p>\n\n\n\n<ul class=\"wp-block-list\"><li><a href=\"#scroll_1030\">Szerel\u00e9stechnikai elemeket<\/a><\/li><li><a href=\"#scroll_1065\">Line\u00e1ris mozgat\u00e1stechnikai elemeket<\/a><\/li><li><a href=\"#scroll_1072\">Csavaroz\u00e1stechnikai elemeket<\/a><\/li><li><a href=\"#scroll_1062\">Villamos vez\u00e9rl\u00e9seket \u00e9s hajt\u00e1sokat<\/a>.<\/li><\/ul>\n","protected":false},"excerpt":{"rendered":"<p>Az Eckerle \u00e9s a Bosch Rexroth egy\u00fcttm\u0171k\u00f6d\u00e9se t\u00f6bb mint 25 \u00e9vet \u00f6lel fel. Magyarorsz\u00e1gon els\u0151k\u00e9nt szerezt\u00fck meg szakmai tud\u00e1sunk eredm\u00e9nyek\u00e9pp a Rexroth Distribution of Excellence v\u00e9djegy\u00e9t, melynek az\u00f3ta is b\u00fcszke visel\u0151i vagyunk. Forgalmazott rendszerelemeink sz\u00e9les v\u00e1laszt\u00e9k\u00e1t b\u00e1tran k\u00edn\u00e1ljuk minden jelenlegi \u00e9s j\u00f6v\u0151beli partner\u00fcnknek, hiszen nem csak a hozz\u00e1nk be\u00e9rkez\u0151 \u00fcgyf\u00e9lig\u00e9nyeket el\u00e9g\u00edtj\u00fck ki a g\u00e9p\u00e9p\u00edt\u00e9s sor\u00e1n [&hellip;]<\/p>\n","protected":false},"author":6,"featured_media":1694,"parent":0,"menu_order":0,"comment_status":"closed","ping_status":"closed","template":"page-bosch.php","meta":{"_acf_changed":false,"footnotes":""},"class_list":["post-1019","page","type-page","status-publish","has-post-thumbnail","hentry"],"acf":[],"_links":{"self":[{"href":"https:\/\/www.eckerle-gruppe.com\/hu\/wp-json\/wp\/v2\/pages\/1019","targetHints":{"allow":["GET"]}}],"collection":[{"href":"https:\/\/www.eckerle-gruppe.com\/hu\/wp-json\/wp\/v2\/pages"}],"about":[{"href":"https:\/\/www.eckerle-gruppe.com\/hu\/wp-json\/wp\/v2\/types\/page"}],"author":[{"embeddable":true,"href":"https:\/\/www.eckerle-gruppe.com\/hu\/wp-json\/wp\/v2\/users\/6"}],"replies":[{"embeddable":true,"href":"https:\/\/www.eckerle-gruppe.com\/hu\/wp-json\/wp\/v2\/comments?post=1019"}],"version-history":[{"count":15,"href":"https:\/\/www.eckerle-gruppe.com\/hu\/wp-json\/wp\/v2\/pages\/1019\/revisions"}],"predecessor-version":[{"id":7068,"href":"https:\/\/www.eckerle-gruppe.com\/hu\/wp-json\/wp\/v2\/pages\/1019\/revisions\/7068"}],"wp:featuredmedia":[{"embeddable":true,"href":"https:\/\/www.eckerle-gruppe.com\/hu\/wp-json\/wp\/v2\/media\/1694"}],"wp:attachment":[{"href":"https:\/\/www.eckerle-gruppe.com\/hu\/wp-json\/wp\/v2\/media?parent=1019"}],"curies":[{"name":"wp","href":"https:\/\/api.w.org\/{rel}","templated":true}]}}