{"id":1012,"date":"2020-11-19T19:21:53","date_gmt":"2020-11-19T19:21:53","guid":{"rendered":"https:\/\/eckerle-gruppe.com\/?page_id=1012"},"modified":"2024-01-22T10:46:27","modified_gmt":"2024-01-22T10:46:27","slug":"schmidt-presek","status":"publish","type":"page","link":"https:\/\/www.eckerle-gruppe.com\/hu\/schmidt-presek\/","title":{"rendered":"Schmidt pr\u00e9sek"},"content":{"rendered":"\n<p>Az Eckerle a SCHMIDT\u00ae Technology kiz\u00e1r\u00f3lagos kereskedelmi- \u00e9s szerv\u00edzpartnere. <\/p>\n\n\n\n<p>A SCHMIDT\u00ae pr\u00e9seket els\u0151oszt\u00e1ly\u00fa szerel\u00e9sre tervezt\u00e9k. Legyen sz\u00f3 pr\u00e9s\u00e1llom\u00e1sokr\u00f3l, vagy pr\u00e9smodulokr\u00f3l, pr\u00e9s\u00fcnk a legjobb v\u00e1laszt\u00e1s \u00f6sszeilleszt\u00e9shez, szerel\u00e9shez, bepr\u00e9sel\u00e9shez, alak\u00edt\u00e1shoz, kalibr\u00e1l\u00e1shoz, z\u00f6m\u00edt\u00e9shez, szegecsel\u00e9shez, stancol\u00e1shoz, b\u00e9lyegz\u00e9shez, peremel\u00e9shez, jel\u00f6l\u00e9s\u00e9hez, v\u00e1g\u00e1shoz, egyenget\u00e9s, szabad illeszt\u00e9shez, poz\u00edcion\u00e1l\u00e1shoz, krimpel\u00e9shez.<\/p>\n\n\n\n<p><strong>K\u00edn\u00e1latukban a Schmdit Technology k\u00f6vetkez\u0151 pr\u00e9sei szerepelnek:<\/strong><\/p>\n\n\n\n<ul class=\"wp-block-list\">\n<li>mechanikus fogasl\u00e9ces pr\u00e9sek,<\/li>\n\n\n\n<li>k\u00f6ny\u00f6kemel\u0151s pr\u00e9sek,<\/li>\n\n\n\n<li>pneumatikus pr\u00e9sek,<\/li>\n\n\n\n<li>hidropneumatikus pr\u00e9sek,<\/li>\n\n\n\n<li>szervopr\u00e9sek,<\/li>\n\n\n\n<li>pr\u00e9svez\u00e9rl\u00e9sek,<\/li>\n\n\n\n<li>szoftverek.<\/li>\n<\/ul>\n\n\n\n<p>Amennyiben tov\u00e1bbi inform\u00e1ci\u00f3ra van sz\u00fcks\u00e9ge, <a href=\"https:\/\/eckerle-gruppe.com\/hu\/kapcsolat-cat\/#ContactForm\">vegye fel vel\u00fcnk a kapcsolatot<\/a>, szak\u00e9rt\u0151 munkat\u00e1rsunk tan\u00e1csad\u00e1ssal t\u00e1mogatni fogja! A pr\u00e9sekr\u0151l tov\u00e1bbi inform\u00e1ci\u00f3t a <a href=\"https:\/\/www.schmidttechnology.de\/en\/products\/press-systems\/\">SCHMIDT\u00ae Technology <\/a>weblapj\u00e1n tal\u00e1l. <\/p>\n","protected":false},"excerpt":{"rendered":"<p>Az Eckerle a SCHMIDT\u00ae Technology kiz\u00e1r\u00f3lagos kereskedelmi- \u00e9s szerv\u00edzpartnere. A SCHMIDT\u00ae pr\u00e9seket els\u0151oszt\u00e1ly\u00fa szerel\u00e9sre tervezt\u00e9k. Legyen sz\u00f3 pr\u00e9s\u00e1llom\u00e1sokr\u00f3l, vagy pr\u00e9smodulokr\u00f3l, pr\u00e9s\u00fcnk a legjobb v\u00e1laszt\u00e1s \u00f6sszeilleszt\u00e9shez, szerel\u00e9shez, bepr\u00e9sel\u00e9shez, alak\u00edt\u00e1shoz, kalibr\u00e1l\u00e1shoz, z\u00f6m\u00edt\u00e9shez, szegecsel\u00e9shez, stancol\u00e1shoz, b\u00e9lyegz\u00e9shez, peremel\u00e9shez, jel\u00f6l\u00e9s\u00e9hez, v\u00e1g\u00e1shoz, egyenget\u00e9s, szabad illeszt\u00e9shez, poz\u00edcion\u00e1l\u00e1shoz, krimpel\u00e9shez. K\u00edn\u00e1latukban a Schmdit Technology k\u00f6vetkez\u0151 pr\u00e9sei szerepelnek: Amennyiben tov\u00e1bbi inform\u00e1ci\u00f3ra van sz\u00fcks\u00e9ge, vegye fel [&hellip;]<\/p>\n","protected":false},"author":6,"featured_media":2822,"parent":0,"menu_order":0,"comment_status":"closed","ping_status":"closed","template":"page-schmidt.php","meta":{"_acf_changed":false,"footnotes":""},"class_list":["post-1012","page","type-page","status-publish","has-post-thumbnail","hentry"],"acf":[],"_links":{"self":[{"href":"https:\/\/www.eckerle-gruppe.com\/hu\/wp-json\/wp\/v2\/pages\/1012","targetHints":{"allow":["GET"]}}],"collection":[{"href":"https:\/\/www.eckerle-gruppe.com\/hu\/wp-json\/wp\/v2\/pages"}],"about":[{"href":"https:\/\/www.eckerle-gruppe.com\/hu\/wp-json\/wp\/v2\/types\/page"}],"author":[{"embeddable":true,"href":"https:\/\/www.eckerle-gruppe.com\/hu\/wp-json\/wp\/v2\/users\/6"}],"replies":[{"embeddable":true,"href":"https:\/\/www.eckerle-gruppe.com\/hu\/wp-json\/wp\/v2\/comments?post=1012"}],"version-history":[{"count":21,"href":"https:\/\/www.eckerle-gruppe.com\/hu\/wp-json\/wp\/v2\/pages\/1012\/revisions"}],"predecessor-version":[{"id":8430,"href":"https:\/\/www.eckerle-gruppe.com\/hu\/wp-json\/wp\/v2\/pages\/1012\/revisions\/8430"}],"wp:featuredmedia":[{"embeddable":true,"href":"https:\/\/www.eckerle-gruppe.com\/hu\/wp-json\/wp\/v2\/media\/2822"}],"wp:attachment":[{"href":"https:\/\/www.eckerle-gruppe.com\/hu\/wp-json\/wp\/v2\/media?parent=1012"}],"curies":[{"name":"wp","href":"https:\/\/api.w.org\/{rel}","templated":true}]}}