{"id":8201,"date":"2023-12-05T20:19:50","date_gmt":"2023-12-05T20:19:50","guid":{"rendered":"https:\/\/www.eckerle-gruppe.com\/?page_id=8201"},"modified":"2024-03-21T16:06:43","modified_gmt":"2024-03-21T16:06:43","slug":"denunciante","status":"publish","type":"page","link":"https:\/\/www.eckerle-gruppe.com\/es\/denunciante\/","title":{"rendered":"Denunciante"},"content":{"rendered":"\n<p>El cumplimiento de las leyes y reglamentos internos es una prioridad para Eckerle. El cumplimiento<br>de estos, as\u00ed como un comportamiento social responsable, constituyen, entre otras cosas, la base de<br>nuestra reputaci\u00f3n y de nuestro \u00e9xito empresarial sostenible.<\/p>\n\n\n\n<p>Por lo tanto, las malas conductas deben detectarse a tiempo. Para investigar violaciones graves para<br>la empresa, sus empleados y otras personas de manera justa y adecuada, configuramos nuestro<br>Sistema de Denuncia de irregularidades en 2023.<\/p>\n\n\n\n<p>El Sistema de denuncia de irregularidades permite a los empleados y denunciantes externos, sin<br>revelar su identidad, denunciar infracciones en cualquier parte del mundo. De esta manera, Eckerle<br>aprende sobre los riesgos potenciales, puede prevenir da\u00f1os a la empresa, a sus empleados y a<br>terceros, as\u00ed como proteger a las personas que podr\u00edan resultar perjudicadas por una mala conducta.<\/p>\n\n\n\n<p>Las infracciones de las normas que plantean un alto riesgo incluyen, por ejemplo, delitos<br>relacionados con la corrupci\u00f3n, violaciones de las leyes antimonopolio y violaciones de las normas<br>contra el blanqueo de dinero, as\u00ed como violaciones de disposiciones t\u00e9cnicas vinculantes o<br>violaciones en relaci\u00f3n con las normas medioambientales. Los asuntos personales, como incidentes<br>de acoso sexual o violaciones de derechos humanos, tambi\u00e9n se consideran violaciones de reglas de<br>alto riesgo.<\/p>\n\n\n\n<p>Eckerle anima a todas las personas dentro y fuera de la empresa a expresar abiertamente sus<br>preocupaciones sobre violaciones relacionadas con nuestra empresa sin temor a represalias.<\/p>\n\n\n\n<p>Si tiene informaci\u00f3n espec\u00edfica sobre violaciones relacionadas con las actividades comerciales del<br>Grupo Eckerle, tambi\u00e9n puede utilizar el sistema de denuncia de irregularidades del Grupo Eckerle de<br>forma an\u00f3nima si lo desea.<\/p>\n\n\n\n<p>\u00a1Puedes acceder a realizar tu denuncia <a href=\"https:\/\/eckerle-gruppe.hinweis.digital\/\" target=\"_blank\" rel=\"noreferrer noopener\">aqu\u00ed<\/a>!<\/p>\n","protected":false},"excerpt":{"rendered":"<p>El cumplimiento de las leyes y reglamentos internos es una prioridad para Eckerle. El cumplimientode estos, as\u00ed como un comportamiento social responsable, constituyen, entre otras cosas, la base denuestra reputaci\u00f3n y de nuestro \u00e9xito empresarial sostenible. Por lo tanto, las malas conductas deben detectarse a tiempo. Para investigar violaciones graves parala empresa, sus empleados y [&hellip;]<\/p>\n","protected":false},"author":6,"featured_media":0,"parent":0,"menu_order":0,"comment_status":"closed","ping_status":"closed","template":"","meta":{"_acf_changed":false,"footnotes":""},"class_list":["post-8201","page","type-page","status-publish","hentry"],"acf":[],"_links":{"self":[{"href":"https:\/\/www.eckerle-gruppe.com\/es\/wp-json\/wp\/v2\/pages\/8201","targetHints":{"allow":["GET"]}}],"collection":[{"href":"https:\/\/www.eckerle-gruppe.com\/es\/wp-json\/wp\/v2\/pages"}],"about":[{"href":"https:\/\/www.eckerle-gruppe.com\/es\/wp-json\/wp\/v2\/types\/page"}],"author":[{"embeddable":true,"href":"https:\/\/www.eckerle-gruppe.com\/es\/wp-json\/wp\/v2\/users\/6"}],"replies":[{"embeddable":true,"href":"https:\/\/www.eckerle-gruppe.com\/es\/wp-json\/wp\/v2\/comments?post=8201"}],"version-history":[{"count":6,"href":"https:\/\/www.eckerle-gruppe.com\/es\/wp-json\/wp\/v2\/pages\/8201\/revisions"}],"predecessor-version":[{"id":8764,"href":"https:\/\/www.eckerle-gruppe.com\/es\/wp-json\/wp\/v2\/pages\/8201\/revisions\/8764"}],"wp:attachment":[{"href":"https:\/\/www.eckerle-gruppe.com\/es\/wp-json\/wp\/v2\/media?parent=8201"}],"curies":[{"name":"wp","href":"https:\/\/api.w.org\/{rel}","templated":true}]}}