{"id":4570,"date":"2021-08-31T04:51:21","date_gmt":"2021-08-31T04:51:21","guid":{"rendered":"https:\/\/www.eckerle-gruppe.com\/?page_id=4570"},"modified":"2021-12-20T13:50:50","modified_gmt":"2021-12-20T13:50:50","slug":"tecnologia-de-prensado-schmidt","status":"publish","type":"page","link":"https:\/\/www.eckerle-gruppe.com\/es\/tecnologia-de-prensado-schmidt\/","title":{"rendered":"Tecnolog\u00eda de prensado Schmidt"},"content":{"rendered":"\n<p>Las prensas SCHMIDT\u00ae representan la c\u00faspide de la tecnolog\u00eda de Ensamble. Ya sean m\u00e1quinas de una estaci\u00f3n de trabajo fiables para el proceso o m\u00f3dulos de prensado en varias l\u00edneas de automatizaci\u00f3n, nuestras prensas son la mejor opci\u00f3n para unir, ensamblar, prensar, formar, calibrar, calafatear, rebordear, remachar, perforar, marcar, cortar, enderezar, unir libremente, posicionar y engarzar.<\/p>\n\n\n\n<p>Ofrecemos las siguientes prensas con tecnolog\u00eda Schmidt:<\/p>\n\n\n\n<ul class=\"wp-block-list\"><li>Prensas manuales<\/li><li>Prensas neum\u00e1ticas<\/li><li>Prensas hidroneum\u00e1ticas<\/li><li>Prensas el\u00e9ctricas<\/li><li>Servoprensas<\/li><li>Controles<\/li><li>Software<\/li><\/ul>\n\n\n\n<p>Si necesita m\u00e1s informaci\u00f3n, \u00a1no dude en ponerse en contacto con nosotros para que le asesoremos!<\/p>\n","protected":false},"excerpt":{"rendered":"<p>Las prensas SCHMIDT\u00ae representan la c\u00faspide de la tecnolog\u00eda de Ensamble. Ya sean m\u00e1quinas de una estaci\u00f3n de trabajo fiables para el proceso o m\u00f3dulos de prensado en varias l\u00edneas de automatizaci\u00f3n, nuestras prensas son la mejor opci\u00f3n para unir, ensamblar, prensar, formar, calibrar, calafatear, rebordear, remachar, perforar, marcar, cortar, enderezar, unir libremente, posicionar y [&hellip;]<\/p>\n","protected":false},"author":6,"featured_media":4578,"parent":0,"menu_order":0,"comment_status":"closed","ping_status":"closed","template":"page-schmidt.php","meta":{"_acf_changed":false,"footnotes":""},"class_list":["post-4570","page","type-page","status-publish","has-post-thumbnail","hentry"],"acf":[],"_links":{"self":[{"href":"https:\/\/www.eckerle-gruppe.com\/es\/wp-json\/wp\/v2\/pages\/4570","targetHints":{"allow":["GET"]}}],"collection":[{"href":"https:\/\/www.eckerle-gruppe.com\/es\/wp-json\/wp\/v2\/pages"}],"about":[{"href":"https:\/\/www.eckerle-gruppe.com\/es\/wp-json\/wp\/v2\/types\/page"}],"author":[{"embeddable":true,"href":"https:\/\/www.eckerle-gruppe.com\/es\/wp-json\/wp\/v2\/users\/6"}],"replies":[{"embeddable":true,"href":"https:\/\/www.eckerle-gruppe.com\/es\/wp-json\/wp\/v2\/comments?post=4570"}],"version-history":[{"count":3,"href":"https:\/\/www.eckerle-gruppe.com\/es\/wp-json\/wp\/v2\/pages\/4570\/revisions"}],"predecessor-version":[{"id":5903,"href":"https:\/\/www.eckerle-gruppe.com\/es\/wp-json\/wp\/v2\/pages\/4570\/revisions\/5903"}],"wp:featuredmedia":[{"embeddable":true,"href":"https:\/\/www.eckerle-gruppe.com\/es\/wp-json\/wp\/v2\/media\/4578"}],"wp:attachment":[{"href":"https:\/\/www.eckerle-gruppe.com\/es\/wp-json\/wp\/v2\/media?parent=4570"}],"curies":[{"name":"wp","href":"https:\/\/api.w.org\/{rel}","templated":true}]}}