{"id":4568,"date":"2021-08-31T04:50:51","date_gmt":"2021-08-31T04:50:51","guid":{"rendered":"https:\/\/www.eckerle-gruppe.com\/?page_id=4568"},"modified":"2023-11-06T15:15:14","modified_gmt":"2023-11-06T15:15:14","slug":"seguridad-en-el-trabajo","status":"publish","type":"page","link":"https:\/\/www.eckerle-gruppe.com\/es\/seguridad-en-el-trabajo\/","title":{"rendered":"SEGURIDAD EN EL TRABAJO"},"content":{"rendered":"\n<p>El grupo Eckerle se compromete a proporcionar un entorno seguro y saludable de trabajo para sus empleados y todas las partes involucradas, cuyos intereses sean afectados por nuestra compa\u00f1\u00eda. Consideramos la seguridad en el trabajo como un elemento sumamente importante en la compa\u00f1\u00eda, que debe ser incorporado en todos los aspectos de nuestras actividades.<\/p>\n\n\n\n<p><strong>Gesti\u00f3n eficaz del trabajo y la salud<\/strong><\/p>\n\n\n\n<p>Nosotros integramos seguridad ocupacional y objetivos en salud en todos los niveles de nuestras actividades. La administraci\u00f3n y todos los ejecutivos son responsables de la prevenci\u00f3n de accidentes y enfermedades ocupacionales. Evaluamos peri\u00f3dicamente la implementaci\u00f3n de las directrices en toda la empresa y el \u00e9xito de nuestro sistema de gesti\u00f3n.<\/p>\n\n\n\n<p><strong>Lugares de trabajo seguros y saludables<\/strong><\/p>\n\n\n\n<p>Cada uno de nuestros empleados puede esperar un entorno de trabajo que promueva seguridad y salud. Mientras se dise\u00f1an los lugares y procesos de trabajo, se toman en cuenta los m\u00e1s recientes resultados de las investigaciones al respecto.<\/p>\n\n\n\n<p><strong>Empleados Conscientes<\/strong><\/p>\n\n\n\n<p>Se espera que todos los empleados contribuyan directa y activamente a la continua mejor\u00eda de nuestro desempe\u00f1o en seguridad ocupacional. Actuamos responsablemente de acuerdo a nuestras propias regulaciones, que frecuentemente se extienden m\u00e1s all\u00e1 de las disposiciones legales. A trav\u00e9s de informaci\u00f3n y entrenamiento constante, as\u00ed como educaci\u00f3n avanzada, fomentamos la experiencia y la conciencia de nuestros empleados para la seguridad en el lugar de trabajo en todas las \u00e1reas de la empresa.<\/p>\n\n\n\n<p><strong>Medidas Preventivas<\/strong><\/p>\n\n\n\n<p>Respecto a la seguridad en el lugar de trabajo, nuestros esfuerzos se centran en alcanzar la meta de cero accidentes o enfermedades ocupacionales. Lograrlo es un factor crucial en nuestro camino hacia un desempe\u00f1o sobresaliente como empresa. Protegemos a nuestros empleados de da\u00f1os a su salud a trav\u00e9s de extensas medidas de prevenci\u00f3n. Ofrecemos un suministro de emergencia completo y eficaz en todos los sitios.<\/p>\n\n\n\n<p>&nbsp;<\/p>\n\n\n\n<p><a rel=\"noreferrer noopener\" href=\"https:\/\/www.eckerle-gruppe.com\/wp-content\/uploads\/2022\/03\/V1_Safety-at-work_ES.pdf\" target=\"_blank\">SEGURIDAD EN EL TRABAJO<\/a><\/p>\n","protected":false},"excerpt":{"rendered":"<p>El grupo Eckerle se compromete a proporcionar un entorno seguro y saludable de trabajo para sus empleados y todas las partes involucradas, cuyos intereses sean afectados por nuestra compa\u00f1\u00eda. Consideramos la seguridad en el trabajo como un elemento sumamente importante en la compa\u00f1\u00eda, que debe ser incorporado en todos los aspectos de nuestras actividades. Gesti\u00f3n [&hellip;]<\/p>\n","protected":false},"author":6,"featured_media":0,"parent":0,"menu_order":0,"comment_status":"closed","ping_status":"closed","template":"","meta":{"_acf_changed":false,"footnotes":""},"class_list":["post-4568","page","type-page","status-publish","hentry"],"acf":[],"_links":{"self":[{"href":"https:\/\/www.eckerle-gruppe.com\/es\/wp-json\/wp\/v2\/pages\/4568","targetHints":{"allow":["GET"]}}],"collection":[{"href":"https:\/\/www.eckerle-gruppe.com\/es\/wp-json\/wp\/v2\/pages"}],"about":[{"href":"https:\/\/www.eckerle-gruppe.com\/es\/wp-json\/wp\/v2\/types\/page"}],"author":[{"embeddable":true,"href":"https:\/\/www.eckerle-gruppe.com\/es\/wp-json\/wp\/v2\/users\/6"}],"replies":[{"embeddable":true,"href":"https:\/\/www.eckerle-gruppe.com\/es\/wp-json\/wp\/v2\/comments?post=4568"}],"version-history":[{"count":2,"href":"https:\/\/www.eckerle-gruppe.com\/es\/wp-json\/wp\/v2\/pages\/4568\/revisions"}],"predecessor-version":[{"id":8103,"href":"https:\/\/www.eckerle-gruppe.com\/es\/wp-json\/wp\/v2\/pages\/4568\/revisions\/8103"}],"wp:attachment":[{"href":"https:\/\/www.eckerle-gruppe.com\/es\/wp-json\/wp\/v2\/media?parent=4568"}],"curies":[{"name":"wp","href":"https:\/\/api.w.org\/{rel}","templated":true}]}}