{"id":4566,"date":"2021-08-31T04:50:21","date_gmt":"2021-08-31T04:50:21","guid":{"rendered":"https:\/\/www.eckerle-gruppe.com\/?page_id=4566"},"modified":"2023-11-06T15:17:10","modified_gmt":"2023-11-06T15:17:10","slug":"guias","status":"publish","type":"page","link":"https:\/\/www.eckerle-gruppe.com\/es\/guias\/","title":{"rendered":"GU\u00cdAS"},"content":{"rendered":"\n<h3 class=\"wp-block-heading\">Pautas de calidad y certificaciones<\/h3>\n\n\n\n<p>Eckerle busca constantemente la calidad en todos sus productos y servicios.<\/p>\n\n\n\n<h3 class=\"wp-block-heading\"><strong>Pautas de calidad<\/strong><\/h3>\n\n\n\n<p>En Eckerle, la consciencia en la calidad es una prioridad. Proveemos a nuestros clientes con productos y servicios de la m\u00e1s alta calidad.&nbsp;<\/p>\n\n\n\n<ol class=\"wp-block-list\" id=\"block-69401b12-a2e3-4f36-9640-5b6f3cd235c5\">\n<li><strong><strong>La satisfacci\u00f3n de nuestros clientes es la llave del \u00e9xito<\/strong><\/strong><br>Por lo tanto, queremos entregar la calidad deseada por el cliente, en tiempo y con precios competitivos.<\/li>\n\n\n\n<li><strong><strong>El cliente establece el punto de referencia para nuestra calidad<\/strong><\/strong><br>Este es nuestro enfoque y cumplir con ello es nuestro principal objetivo, porque tambi\u00e9n determina el desarrollo de nuestra empresa.<\/li>\n\n\n\n<li><strong><strong>Cero margen de error \/ Cero defectos<\/strong><\/strong><br>Esto nos permite optimizar nuestros costos y hace nuestro negocio rentable. Cada empleado se beneficia de esto a trav\u00e9s de su participaci\u00f3n en la entrega de resultados.<\/li>\n\n\n\n<li><strong><strong>Puntualidad<\/strong><\/strong><br>Cumplimos con los plazos acordados. Las consultas, ofertas, solicitudes de muestras y quejas se procesan con prontitud y con cuidado.<\/li>\n\n\n\n<li><strong><strong>Responsabilidad de los empleados<\/strong><\/strong><br>Cada empleado es parte de un todo, y por consiguiente contribuye al cumplimiento de los objetivos de calidad, sin importar el cargo o puesto que ocupe. Si el empleado identifica un riesgo que pueda afectar la calidad, se debe de evitar, haciendo todo lo que est\u00e9 en sus manos; de lo contrario, debe compartirse inmediatamente con la siguiente autoridad superior.<\/li>\n\n\n\n<li><strong><strong>Prevenci\u00f3n de errores en lugar de correcci\u00f3n de errores<\/strong><br><\/strong>Para asegurar que no ocurra error alguno, tomamos medidas previamente probadas consistentemente para su prevenci\u00f3n y detecci\u00f3n temprana.<\/li>\n\n\n\n<li><strong><strong>Calidad \u2013 una importante funci\u00f3n ejecutiva<\/strong><\/strong><br>Se realiza por la gesti\u00f3n\/ administraci\u00f3n de la compa\u00f1\u00eda, estableciendo metas con los empleados. Por lo tanto, se vuelve medible e influye significativamente en las evaluaciones del desempe\u00f1o individual.<\/li>\n\n\n\n<li><strong><strong>S\u00f3lo podemos ser buenos con buenos proveedores<\/strong><\/strong><br>Nuestros proveedores tienen que cumplir con nuestros requerimientos de calidad, porque s\u00f3lo podemos cumplir con los objetivos del cliente si ellos presentan una excelente calidad.&nbsp;<\/li>\n\n\n\n<li><strong><strong>Nos sentimos realmente en deuda con el medio ambiente y la sociedad<\/strong><\/strong><br>Aseguramos un uso cuidadoso de energ\u00eda y materia prima, y estamos involucrados m\u00e1s all\u00e1 de las necesidades operacionales.<\/li>\n\n\n\n<li><strong><strong>Consideramos que nuestras pautas de calidad son vinculantes<\/strong><br><\/strong>Todos los empleados est\u00e1n obligados a seguir las pautas de calidad.<\/li>\n<\/ol>\n\n\n\n<p>&nbsp;<\/p>\n\n\n\n<p><a rel=\"noreferrer noopener\" href=\"https:\/\/www.eckerle-gruppe.com\/wp-content\/uploads\/2022\/03\/V1_Quality-guidelines_ES.pdf\" target=\"_blank\">GU\u00cdAS<\/a><\/p>\n","protected":false},"excerpt":{"rendered":"<p>Pautas de calidad y certificaciones Eckerle busca constantemente la calidad en todos sus productos y servicios. Pautas de calidad En Eckerle, la consciencia en la calidad es una prioridad. Proveemos a nuestros clientes con productos y servicios de la m\u00e1s alta calidad.&nbsp; &nbsp; GU\u00cdAS<\/p>\n","protected":false},"author":6,"featured_media":0,"parent":0,"menu_order":0,"comment_status":"closed","ping_status":"closed","template":"","meta":{"_acf_changed":false,"footnotes":""},"class_list":["post-4566","page","type-page","status-publish","hentry"],"acf":[],"_links":{"self":[{"href":"https:\/\/www.eckerle-gruppe.com\/es\/wp-json\/wp\/v2\/pages\/4566","targetHints":{"allow":["GET"]}}],"collection":[{"href":"https:\/\/www.eckerle-gruppe.com\/es\/wp-json\/wp\/v2\/pages"}],"about":[{"href":"https:\/\/www.eckerle-gruppe.com\/es\/wp-json\/wp\/v2\/types\/page"}],"author":[{"embeddable":true,"href":"https:\/\/www.eckerle-gruppe.com\/es\/wp-json\/wp\/v2\/users\/6"}],"replies":[{"embeddable":true,"href":"https:\/\/www.eckerle-gruppe.com\/es\/wp-json\/wp\/v2\/comments?post=4566"}],"version-history":[{"count":7,"href":"https:\/\/www.eckerle-gruppe.com\/es\/wp-json\/wp\/v2\/pages\/4566\/revisions"}],"predecessor-version":[{"id":8105,"href":"https:\/\/www.eckerle-gruppe.com\/es\/wp-json\/wp\/v2\/pages\/4566\/revisions\/8105"}],"wp:attachment":[{"href":"https:\/\/www.eckerle-gruppe.com\/es\/wp-json\/wp\/v2\/media?parent=4566"}],"curies":[{"name":"wp","href":"https:\/\/api.w.org\/{rel}","templated":true}]}}