{"id":4562,"date":"2021-08-31T04:48:52","date_gmt":"2021-08-31T04:48:52","guid":{"rendered":"https:\/\/www.eckerle-gruppe.com\/?page_id=4562"},"modified":"2026-02-20T12:04:02","modified_gmt":"2026-02-20T12:04:02","slug":"imprimir","status":"publish","type":"page","link":"https:\/\/www.eckerle-gruppe.com\/es\/imprimir\/","title":{"rendered":"Imprimir"},"content":{"rendered":"\n<div class=\"wp-block-columns is-layout-flex wp-container-core-columns-is-layout-9d6595d7 wp-block-columns-is-layout-flex\">\n<div class=\"wp-block-column is-layout-flow wp-block-column-is-layout-flow\">\n<p><strong>Eckerle Holding GmbH<\/strong><\/p>\n\n\n\n<p>Industriestra\u00dfe 15<br>Ottersweier Germany D &#8211; 77833<\/p>\n\n\n\n<p>Phone +49.7223.98.43.0<br>Fax +49.7223.98.43.134<\/p>\n\n\n\n<p>Email <a href=\"mailto:info@de.eckerle-gruppe.com\">info@de.eckerle-gruppe.com<\/a><\/p>\n\n\n\n<p><strong><br><\/strong><\/p>\n\n\n\n<p><strong>Directores<\/strong><\/p>\n\n\n\n<div class=\"wp-block-group\"><div class=\"wp-block-group__inner-container is-layout-flow wp-block-group-is-layout-flow\">\n<div class=\"wp-block-group\"><div class=\"wp-block-group__inner-container is-layout-flow wp-block-group-is-layout-flow\">\n<div class=\"wp-block-group\"><div class=\"wp-block-group__inner-container is-layout-flow wp-block-group-is-layout-flow\">\n<p>Cem Peksaglam<br>Martina Gartner<br><\/p>\n<\/div><\/div>\n<\/div><\/div>\n<\/div><\/div>\n\n\n\n<p><strong>Autoridades locales<br><\/strong>Mannheim<br>HRB&nbsp;710001<\/p>\n\n\n\n<p><strong>VAT ID NO.<\/strong> DE 812 052 050<\/p>\n<\/div>\n\n\n\n<div class=\"wp-block-column is-layout-flow wp-block-column-is-layout-flow\">\n<p><strong>Eckerle Automotive GmbH<\/strong><\/p>\n\n\n\n<p>Industriestra\u00dfe 15<br>Ottersweier Germany D &#8211; 77833<\/p>\n\n\n\n<p>Phone +49.7223.98.43.0<br>Fax +49.7223.98.43.134<\/p>\n\n\n\n<p>Email <a href=\"mailto:info@de.eckerle-gruppe.com\">info@de.eckerle-gruppe.com<\/a><\/p>\n\n\n\n<p><strong><br><\/strong><\/p>\n\n\n\n<p><strong>Directores<\/strong><\/p>\n\n\n\n<p>Cem Peksaglam,<br>Bernd Sch\u00f6ffler<br>Martina Gartner<\/p>\n\n\n\n<p><strong>Autoridades locales<br><\/strong>Mannheim<br>HRB&nbsp;210241<\/p>\n\n\n\n<p><strong>VAT ID NO.<\/strong> DE 811 366 515&nbsp;<\/p>\n<\/div>\n\n\n\n<div class=\"wp-block-column is-layout-flow wp-block-column-is-layout-flow\">\n<p><strong>Eckerle Industrie GmbH<\/strong><\/p>\n\n\n\n<p>Industriestra\u00dfe 15<br>Ottersweier Germany D &#8211; 77833<\/p>\n\n\n\n<p>Phone +49.7223.98.43.0<br>Fax +49.7223.98.43.134<\/p>\n\n\n\n<p>Email <a href=\"mailto:info@de.eckerle-gruppe.com\">info@de.eckerle-gruppe.com<\/a><\/p>\n\n\n\n<p><strong><br><\/strong><\/p>\n\n\n\n<p><strong>Directores<\/strong><\/p>\n\n\n\n<p>Cem Peksaglam<br>Martina Gartner<br>Alexander Friese<\/p>\n\n\n\n<p><strong>Autoridades locales<br><\/strong>Mannheim<br>HRB&nbsp;705308&nbsp;<\/p>\n\n\n\n<p><strong>VAT ID NO.<\/strong> DE 261 873 731<\/p>\n<\/div>\n<\/div>\n\n\n\n<h3 class=\"wp-block-heading\">Aviso legal<\/h3>\n\n\n\n<p>Informaci\u00f3n sobre jurisprudencia respecto a los enlaces: Con la sentencia de mayo de 1998 Az 1998 &#8211; 312 O 85\/98 &#8211; \u201cResponsabilidad por enlaces\u201d, el tribunal regional de Hamburgo dictamin\u00f3 que al proporcionar un enlace uno tambi\u00e9n se hace responsable del contenido de la p\u00e1gina enlazada. Esto, seg\u00fan el tribunal, solo puede evitarse distanci\u00e1ndose expresamente del contenido. Dado que no tenemos ninguna influencia en el dise\u00f1o y el contenido de las p\u00e1ginas vinculadas, nos distanciamos de todo el contenido de todas las p\u00e1ginas vinculadas en nuestro sitio web y no respaldamos dicho contenido.<\/p>\n\n\n\n<p>Esta declaraci\u00f3n aplica para todos los enlaces en nuestro website.<\/p>\n\n\n\n<h3 class=\"wp-block-heading\">\u00a9 Copyright<\/h3>\n\n\n\n<p>Todos los derechos reservados. Textos, im\u00e1genes, gr\u00e1ficas y su inclusi\u00f3n en nuestro sitio web est\u00e1n protegidos pora las leyes de copyright y otras leyes de propiedad intelectual.<\/p>\n\n\n\n<h3 class=\"wp-block-heading\">Politica de privacidad<\/h3>\n\n\n\n<p><a href=\"https:\/\/www.eckerle-gruppe.com\/es\/aviso-de-privacidad\/\" target=\"_blank\" rel=\"noreferrer noopener\">Usted puede encontrar nuestras pol\u00edticas de protecci\u00f3n aqu\u00ed.<\/a><\/p>\n\n\n\n<p><\/p>\n","protected":false},"excerpt":{"rendered":"<p>Eckerle Holding GmbH Industriestra\u00dfe 15Ottersweier Germany D &#8211; 77833 Phone +49.7223.98.43.0Fax +49.7223.98.43.134 Email info@de.eckerle-gruppe.com Directores Cem PeksaglamMartina Gartner Autoridades localesMannheimHRB&nbsp;710001 VAT ID NO. DE 812 052 050 Eckerle Automotive GmbH Industriestra\u00dfe 15Ottersweier Germany D &#8211; 77833 Phone +49.7223.98.43.0Fax +49.7223.98.43.134 Email info@de.eckerle-gruppe.com Directores Cem Peksaglam,Bernd Sch\u00f6fflerMartina Gartner Autoridades localesMannheimHRB&nbsp;210241 VAT ID NO. DE 811 366 515&nbsp; [&hellip;]<\/p>\n","protected":false},"author":6,"featured_media":0,"parent":0,"menu_order":0,"comment_status":"closed","ping_status":"closed","template":"","meta":{"_acf_changed":false,"footnotes":""},"class_list":["post-4562","page","type-page","status-publish","hentry"],"acf":[],"_links":{"self":[{"href":"https:\/\/www.eckerle-gruppe.com\/es\/wp-json\/wp\/v2\/pages\/4562","targetHints":{"allow":["GET"]}}],"collection":[{"href":"https:\/\/www.eckerle-gruppe.com\/es\/wp-json\/wp\/v2\/pages"}],"about":[{"href":"https:\/\/www.eckerle-gruppe.com\/es\/wp-json\/wp\/v2\/types\/page"}],"author":[{"embeddable":true,"href":"https:\/\/www.eckerle-gruppe.com\/es\/wp-json\/wp\/v2\/users\/6"}],"replies":[{"embeddable":true,"href":"https:\/\/www.eckerle-gruppe.com\/es\/wp-json\/wp\/v2\/comments?post=4562"}],"version-history":[{"count":13,"href":"https:\/\/www.eckerle-gruppe.com\/es\/wp-json\/wp\/v2\/pages\/4562\/revisions"}],"predecessor-version":[{"id":10269,"href":"https:\/\/www.eckerle-gruppe.com\/es\/wp-json\/wp\/v2\/pages\/4562\/revisions\/10269"}],"wp:attachment":[{"href":"https:\/\/www.eckerle-gruppe.com\/es\/wp-json\/wp\/v2\/media?parent=4562"}],"curies":[{"name":"wp","href":"https:\/\/api.w.org\/{rel}","templated":true}]}}