{"id":4526,"date":"2021-08-31T04:43:29","date_gmt":"2021-08-31T04:43:29","guid":{"rendered":"https:\/\/www.eckerle-gruppe.com\/?page_id=4526"},"modified":"2021-08-31T07:27:43","modified_gmt":"2021-08-31T07:27:43","slug":"componentes-bosch-rexroth","status":"publish","type":"page","link":"https:\/\/www.eckerle-gruppe.com\/es\/componentes-bosch-rexroth\/","title":{"rendered":"Componentes Bosch Rexroth"},"content":{"rendered":"\n<div class=\"wp-block-image is-style-default\"><figure class=\"alignright size-large is-resized\"><img loading=\"lazy\" decoding=\"async\" src=\"https:\/\/www.eckerle-gruppe.com\/wp-content\/uploads\/2021\/08\/bosch-rexroth-1-1.jpeg\" alt=\"\" class=\"wp-image-4527\" width=\"329\" height=\"329\" srcset=\"https:\/\/www.eckerle-gruppe.com\/wp-content\/uploads\/2021\/08\/bosch-rexroth-1-1.jpeg 657w, https:\/\/www.eckerle-gruppe.com\/wp-content\/uploads\/2021\/08\/bosch-rexroth-1-1-300x300.jpeg 300w, https:\/\/www.eckerle-gruppe.com\/wp-content\/uploads\/2021\/08\/bosch-rexroth-1-1-150x150.jpeg 150w\" sizes=\"auto, (max-width: 329px) 100vw, 329px\" \/><\/figure><\/div>\n\n\n\n<p class=\"has-text-align-left\">La colaboraci\u00f3n entre Eckerle y Bosch Rexroth abarca m\u00e1s de medio siglo. En reconocimiento a nuestra experiencia profesional, en 2020 nos convertimos en la primera empresa de Hungr\u00eda en ser nombrada socio distribuidor oficial de excelencia certificada de Bosch Rexroth, un logro del que estamos muy orgullosos.<\/p>\n\n\n\n<p>Desde hace d\u00e9cadas, ofrecemos una amplia gama de componentes de sistemas Bosch-Rexroth a todos nuestros socios actuales y futuros. Estos productos se caracterizan por un alto grado de eficiencia y longevidad, y tambi\u00e9n podemos ofrecer componentes de sistema no s\u00f3lo como parte de dispositivos complejos, sino tambi\u00e9n como piezas individuales. Los sistemas de producci\u00f3n se pueden a\u00f1adir y combinar voluntariamente.<\/p>\n\n\n\n<p>Confiamos en Bosch Rexroth en nuestras propias instalaciones de producci\u00f3n, y es esta experiencia la que nos lleva a recomendar sus componentes de sistema a nuestros clientes. Los productos en stock se entregan al d\u00eda siguiente. P\u00f3ngase en contacto con nosotros para obtener asesoramiento in situ por parte de nuestro personal altamente calificado y para obtener una cotizaci\u00f3n individual.<\/p>\n\n\n\n<p>Suministramos los siguientes componentes de sistema:<\/p>\n\n\n\n<ul class=\"wp-block-list\"><li><a href=\"#scroll_4553\">Tecnolog\u00eda de montaje<\/a><\/li><li><a href=\"#scroll_4541\">Tecnolog\u00eda lineal<\/a><\/li><li><a href=\"#scroll_4549\">Tecnolog\u00eda de atornillado<\/a><\/li><li><a href=\"#scroll_4541\">Accionamientos y controles el\u00e9ctricos<\/a><\/li><\/ul>\n","protected":false},"excerpt":{"rendered":"<p>La colaboraci\u00f3n entre Eckerle y Bosch Rexroth abarca m\u00e1s de medio siglo. En reconocimiento a nuestra experiencia profesional, en 2020 nos convertimos en la primera empresa de Hungr\u00eda en ser nombrada socio distribuidor oficial de excelencia certificada de Bosch Rexroth, un logro del que estamos muy orgullosos. Desde hace d\u00e9cadas, ofrecemos una amplia gama de [&hellip;]<\/p>\n","protected":false},"author":6,"featured_media":4538,"parent":0,"menu_order":0,"comment_status":"closed","ping_status":"closed","template":"page-bosch.php","meta":{"_acf_changed":false,"footnotes":""},"class_list":["post-4526","page","type-page","status-publish","has-post-thumbnail","hentry"],"acf":[],"_links":{"self":[{"href":"https:\/\/www.eckerle-gruppe.com\/es\/wp-json\/wp\/v2\/pages\/4526","targetHints":{"allow":["GET"]}}],"collection":[{"href":"https:\/\/www.eckerle-gruppe.com\/es\/wp-json\/wp\/v2\/pages"}],"about":[{"href":"https:\/\/www.eckerle-gruppe.com\/es\/wp-json\/wp\/v2\/types\/page"}],"author":[{"embeddable":true,"href":"https:\/\/www.eckerle-gruppe.com\/es\/wp-json\/wp\/v2\/users\/6"}],"replies":[{"embeddable":true,"href":"https:\/\/www.eckerle-gruppe.com\/es\/wp-json\/wp\/v2\/comments?post=4526"}],"version-history":[{"count":5,"href":"https:\/\/www.eckerle-gruppe.com\/es\/wp-json\/wp\/v2\/pages\/4526\/revisions"}],"predecessor-version":[{"id":4903,"href":"https:\/\/www.eckerle-gruppe.com\/es\/wp-json\/wp\/v2\/pages\/4526\/revisions\/4903"}],"wp:featuredmedia":[{"embeddable":true,"href":"https:\/\/www.eckerle-gruppe.com\/es\/wp-json\/wp\/v2\/media\/4538"}],"wp:attachment":[{"href":"https:\/\/www.eckerle-gruppe.com\/es\/wp-json\/wp\/v2\/media?parent=4526"}],"curies":[{"name":"wp","href":"https:\/\/api.w.org\/{rel}","templated":true}]}}