{"id":4505,"date":"2021-08-31T04:41:12","date_gmt":"2021-08-31T04:41:12","guid":{"rendered":"https:\/\/www.eckerle-gruppe.com\/?page_id=4505"},"modified":"2024-05-13T09:40:05","modified_gmt":"2024-05-13T09:40:05","slug":"aviso-de-privacidad","status":"publish","type":"page","link":"https:\/\/www.eckerle-gruppe.com\/es\/aviso-de-privacidad\/","title":{"rendered":"AVISO DE PRIVACIDAD"},"content":{"rendered":"\n<p>Obligaci\u00f3n de informaci\u00f3n de acuerdo con el art\u00edculo 13 del GDPR<br><a rel=\"noreferrer noopener\" href=\"http:\/\/www.test.eckerle-gruppe.com\/wp-content\/uploads\/2021\/03\/info-suppliers-eckerle_en_v2.0.pdf\" target=\"_blank\"><\/a><a rel=\"noreferrer noopener\" href=\"https:\/\/www.eckerle-gruppe.com\/wp-content\/uploads\/2021\/03\/info-suppliers-eckerle_en_v2.0.pdf\" target=\"_blank\">Information suppliers&nbsp;<\/a><br><a rel=\"noreferrer noopener\" href=\"http:\/\/www.test.eckerle-gruppe.com\/wp-content\/uploads\/2021\/03\/info-customers-interested-parties-eckerle_en_v2.0.pdf\" target=\"_blank\">Information customers<\/a><br><a rel=\"noreferrer noopener\" href=\"https:\/\/www.eckerle-gruppe.com\/es\/aviso_privacidad_20210819\/\" data-type=\"URL\" data-id=\"https:\/\/www.eckerle-gruppe.com\/es\/aviso_privacidad_20210819\/\" target=\"_blank\">Aviso de privacidad<\/a><br><a href=\"https:\/\/www.eckerle-gruppe.com\/wp-content\/uploads\/2021\/11\/pol-02-politica-ambiental-rev-06.pdf\" target=\"_blank\" rel=\"noreferrer noopener\">POL\u00cdTICA AMBIENTAL<\/a><\/p>\n\n\n\n<h3 class=\"wp-block-heading\">1. <strong>Introducci\u00f3n<\/strong><\/h3>\n\n\n\n<p>Nos gustar\u00eda utilizar la informaci\u00f3n a continuaci\u00f3n para brindarle \u201cSujeto de datos\u201d (data subject),&nbsp; una descripci\u00f3n general de nuestro procesamiento de sus datos personales y sus derechos de acuerdo a la ley de protecci\u00f3n de datos. Por lo general, es posible utilizar nuestro sitio web sin ingresar datos personales. Sin embargo, si desea hacer uso de los servicios especiales que ofrece nuestra empresa a trav\u00e9s de nuestro sitio web, puede ser necesario procesar datos personales. Si es necesario procesar datos personales y no existe una base legal para dicho procesamiento, generalmente obtendremos su consentimiento.<\/p>\n\n\n\n<p>Los datos personales, como su nombre, direcci\u00f3n o correo electr\u00f3nico, siempre se procesan de acuerdo con el Reglamento General de Protecci\u00f3n de Datos de la UE (GDPR) y de acuerdo con las regulaciones de protecci\u00f3n de datos espec\u00edficas del pa\u00eds aplicables a \u201cEckerle Holding GmbH\u201d. El objetivo de este aviso de privacidad es informarle sobre el alcance y el prop\u00f3sito de los datos personales que recopilamos, usamos y procesamos.<\/p>\n\n\n\n<p>Como controlador de datos, hemos implementado numerosas medidas t\u00e9cnicas y organizativas para garantizar la protecci\u00f3n m\u00e1s completa posible de los datos personales procesados \u200b\u200ba trav\u00e9s de este sitio web. No obstante, las transmisiones de datos basadas en Internet pueden, en principio, tener lagunas de seguridad, por lo que no se puede garantizar una protecci\u00f3n absoluta. Por este motivo, puede enviarnos sus datos personales por medios alternativos, como por tel\u00e9fono o por correo postal.<\/p>\n\n\n\n<h3 class=\"wp-block-heading\">2. <strong>Controlador de datos<\/strong><\/h3>\n\n\n\n<p>El controlador de datos, como lo define el GDPR, es:<\/p>\n\n\n\n<ul class=\"wp-block-list\">\n<li>Eckerle Holding GmbH<\/li>\n\n\n\n<li>Industriestra\u00dfe 15, 77833 Ottersweier, Deutschland<\/li>\n\n\n\n<li>Tel\u00e9fono: 07223 \/ 9843-0<\/li>\n\n\n\n<li>Fax: 07223 \/ 9843-134<\/li>\n\n\n\n<li>Email: info@de.eckerle-gruppe.com<\/li>\n\n\n\n<li>Representante del controlador de datos:<\/li>\n<\/ul>\n\n\n\n<h3 class=\"wp-block-heading\">3. <strong>Oficial de protecci\u00f3n de datos<\/strong><\/h3>\n\n\n\n<p>Puede contactar al oficial de protecci\u00f3n de datos de la siguiente forma:<\/p>\n\n\n\n<ul class=\"wp-block-list\">\n<li>Email: datenschutz@de.eckerle-gruppe.com<\/li>\n<\/ul>\n\n\n\n<p>Puede contactar directamente al oficial de protecci\u00f3n de datos en cualquier momento, si tiene alguna pregunta o sugerencia en relaci\u00f3n a la protecci\u00f3n de datos.<\/p>\n\n\n\n<h3 class=\"wp-block-heading\">4. <strong>Tecnolog\u00eda<\/strong><\/h3>\n\n\n\n<h4 class=\"wp-block-heading\">4.1 <strong>Cifrado SSL \/ TLS<\/strong><\/h4>\n\n\n\n<p>Este sitio utiliza cifrado SSL o TLS para garantizar la seguridad del procesamiento de datos y para proteger la transmisi\u00f3n de contenido confidencial, como pedidos, detalles de inicio de sesi\u00f3n o solicitudes de contacto que nos env\u00eda como operador del sitio web. Puede reconocer una conexi\u00f3n cifrada si la barra de direcciones de su navegador muestra \u00abhttps: \/\/\u00bb en lugar de \u00abhttp: \/\/\u00bb y el s\u00edmbolo de candado en la barra del navegador.<\/p>\n\n\n\n<p>Usamos esta tecnolog\u00eda para proteger sus datos transmitidos.<\/p>\n\n\n\n<h4 class=\"wp-block-heading\">4.2 <strong>Recolecci\u00f3n de datos mientras visita el sitio web<\/strong><\/h4>\n\n\n\n<p>Si solo utiliza nuestro sitio web con fines informativos, es decir, si no se registra o no nos proporciona informaci\u00f3n, solo recopilamos los datos que su navegador env\u00eda a nuestro servidor (en lo que se conoce como \u00abarchivos de registro del servidor\u00bb). Nuestro sitio web recopila una variedad de datos e informaci\u00f3n general cada vez que accede a un sitio web o un sistema automatizado. Esta informaci\u00f3n y datos generales se almacenan en los archivos de registro del servidor. Puede ser recolectado:<\/p>\n\n\n\n<ol class=\"wp-block-list\">\n<li>Los tipos y versiones utilizados,<\/li>\n\n\n\n<li>El sistema operativo utilizado por el sistema de acceso,<\/li>\n\n\n\n<li>El sitio web desde el que un sistema de acceso accede a nuestro sitio web (denominado referente),<\/li>\n\n\n\n<li>Las subp\u00e1ginas a las que se accede a trav\u00e9s de un sistema de acceso en nuestro sitio web,<\/li>\n\n\n\n<li>La fecha y hora en que se accede al sitio web,<\/li>\n\n\n\n<li>Una direcci\u00f3n de protocolo de Internet truncada (direcci\u00f3n IP an\u00f3nima) y<\/li>\n\n\n\n<li>El proveedor de servicio de Internet del sistema de acceso.<\/li>\n<\/ol>\n\n\n\n<p>No se extraen conclusiones sobre usted al utilizar esta informaci\u00f3n y datos generales. En cambio, esta informaci\u00f3n es necesaria para:<\/p>\n\n\n\n<ol class=\"wp-block-list\">\n<li>Mostrar correctamente el contenido de nuestro sitio web,<\/li>\n\n\n\n<li>Optimizar el contenido de nuestro sitio web y publicitarlo,<\/li>\n\n\n\n<li>Garantizar el funcionamiento continuo de nuestros sistemas de IT y la tecnolog\u00eda de nuestro sitio web<\/li>\n\n\n\n<li>As\u00ed como proporcionar la informaci\u00f3n necesaria para que las autoridades encargadas puedan lograr el cumplimiento de la ley en caso de un ataque cibern\u00e9tico.<\/li>\n<\/ol>\n\n\n\n<p>Por lo tanto, estos datos e informaci\u00f3n recopilados son analizados estad\u00edsticamente y analizados en mayor profundidad por nosotros con el objetivo de aumentar la protecci\u00f3n y la seguridad de los datos dentro de nuestra empresa para, en \u00faltima instancia, garantizar un nivel \u00f3ptimo de protecci\u00f3n para los datos personales que procesamos. Los datos an\u00f3nimos de los archivos de registro del servidor se almacenan por separado de todos los datos personales proporcionados por un sujeto de datos.<\/p>\n\n\n\n<p>La base legal para el procesamiento de datos es el art\u00edculo 6, p\u00e1rrafo 1, frase 1, letra f) del GDPR. Nuestro inter\u00e9s leg\u00edtimo se basa en los fines enumerados anteriormente para la recopilaci\u00f3n de datos.<\/p>\n\n\n\n<h3 class=\"wp-block-heading\">5. Cookies<\/h3>\n\n\n\n<h4 class=\"wp-block-heading\">5.1 <strong>Informaci\u00f3n general sobre las \u201dcookies\u201d<\/strong><\/h4>\n\n\n\n<p>Utilizamos cookies en nuestro sitio web. \u00c9stos son peque\u00f1os archivos que son creados autom\u00e1ticamente por su buscador, y se almacena en su sistema IT (laptop, tablet, smartphone, etc.) cuando visita nuestro sitio web.<\/p>\n\n\n\n<p>La informaci\u00f3n que se genera del dispositivo espec\u00edfico utilizado es archivada en Cookies. No obstante, esto no significa que nosotros obtendremos conocimiento inmediato de su identidad.<\/p>\n\n\n\n<p>El uso de Cookies nos ayuda a facilitarle el uso de nuestro sitio web. Por ejemplo, usamos Cookies de sesi\u00f3n para detectar si usted ha visitado previamente p\u00e1ginas individuales en nuestro sitio web. \u00c9stas se borran inmediatamente cuando abandona el sitio.<\/p>\n\n\n\n<p>Tambi\u00e9n utilizamos Cookies para que el sitio sea m\u00e1s amigable. Estas cookies se almacenan en su dispositivo por un periodo espec\u00edfico de tiempo. Si regresa a nuestro sitio web a utilizar nuestros servicios, las Cookies nos permiten reconocer autom\u00e1ticamente que usted ya ha visitado el sitio, y recordar los enlaces y configuraciones que hizo anteriormente, para que no tenga que realizarlos de nuevo.<\/p>\n\n\n\n<p>Finalmente, el uso de Cookies tambi\u00e9n nos es \u00fatil para registrar el uso de nuestro sitio web de manera estad\u00edstica, y as\u00ed poder analizar y optimizar los servicios. Las Cookies nos permiten reconocer autom\u00e1ticamente que usted ya ha visitado el sitio, y son eliminadas despu\u00e9s de un periodo de tiempo definido.<\/p>\n\n\n\n<h3 class=\"wp-block-heading\">6. <strong>Contenidos del sitio web<\/strong><\/h3>\n\n\n\n<h4 class=\"wp-block-heading\">6.1 <strong>Contacto<\/strong><\/h4>\n\n\n\n<p>Los datos personales son recolectados cuando usted nos contacta (por ejemplo, usando el formulario de contacto o por correo electr\u00f3nico). Si usted utiliza un formulario de contacto para buscarnos, el formulario le indicar\u00e1 que sus datos est\u00e1n siendo recolectados. Estos datos son almacenados y utilizados exclusivamente con la finalidad de dar respuesta a su consulta o establecer contacto y la administraci\u00f3n t\u00e9cnica asociada.&nbsp;<\/p>\n\n\n\n<p>La base legal para el procesamiento de datos es nuestro inter\u00e9s leg\u00edtimo en responder a su solicitud de conformidad con el art\u00edculo 6, p\u00e1rrafo 1, letra f), del GDPR. Si el objetivo de que se ponga en contacto con nosotros es concertar un contrato, el procesamiento tambi\u00e9n se basa legalmente en el art\u00edculo 6, p\u00e1rrafo 1, letra b) del GDPR. Sus datos ser\u00e1n borrados una vez que hayamos terminado de procesar su consulta. Esto es en el caso de que se pueda inferir de las circunstancias que los hechos relevantes han sido esclarecidos de manera concluyente y no existen obligaciones legales de retenci\u00f3n que impidan su eliminaci\u00f3n.<\/p>\n\n\n\n<h4 class=\"wp-block-heading\">6.2 <strong>Gesti\u00f3n de aplicaciones\/ intercambio de trabajo<\/strong><\/h4>\n\n\n\n<p>Recopilamos y procesamos los datos personales de los aplicantes con el fin de llevar a cabo el proceso de solicitud. El procesamiento tambi\u00e9n se puede realizar de forma electr\u00f3nica. Este es particularmente el caso si un solicitante nos env\u00eda los documentos de solicitud correspondientes electr\u00f3nicamente, por ejemplo, por correo electr\u00f3nico o mediante un formulario web en el sitio web. Si cerramos un contrato de trabajo con un solicitante, los datos transmitidos se almacenar\u00e1n con el fin de procesar la relaci\u00f3n laboral de conformidad con las disposiciones legales. Si no se lleva a cabo el establecimiento de un contrato de trabajo con el solicitante, los documentos de la solicitud se borrar\u00e1n autom\u00e1ticamente dos (2) meses despu\u00e9s de la notificaci\u00f3n de la decisi\u00f3n de rechazo, siempre que ning\u00fan otro inter\u00e9s leg\u00edtimo nuestro impida su borrado. Otros intereses leg\u00edtimos en este contexto incluyen, por ejemplo, el deber de proporcionar pruebas en los procedimientos en virtud de la Ley de igualdad de trato de Alemania (Allgemeines Gleichbehandlungsgesetz [AGG]).<\/p>\n\n\n\n<p>La base legal para el procesamiento de los datos es el art\u00edculo 88 GDPR, \u00a7 26 I BDSG<\/p>\n\n\n\n<h3 class=\"wp-block-heading\">7. <strong>Sus derechos como sujeto de datos<\/strong><\/h3>\n\n\n\n<h4 class=\"wp-block-heading\">7.1 <strong>Derecho a confirmaci\u00f3n<\/strong><\/h4>\n\n\n\n<p>Tiene derecho a requerir confirmaci\u00f3n de nuestra parte, en cuanto a si se procesar\u00e1n los datos relacionados con usted.<\/p>\n\n\n\n<h4 class=\"wp-block-heading\">7.2 <strong>Derecho a la informaci\u00f3n (art\u00edculo 15 GDPR)<\/strong><\/h4>\n\n\n\n<p>Tiene el derecho de obtener informaci\u00f3n sobre sus datos almacenados en cualquier momento, de manera gratuita, as\u00ed como derecho a obtener una copia de esos datos, de acuerdo con las disposiciones legales.<\/p>\n\n\n\n<h4 class=\"wp-block-heading\">7.3 <strong>Derecho a la rectificaci\u00f3n (art\u00edculo 16 del GDPR)<\/strong><\/h4>\n\n\n\n<p>Tiene el derecho a solicitar la rectificaci\u00f3n inmediata de datos personales incorrectos. Incluso, el sujeto de datos tiene derecho a pedir que se complete informaci\u00f3n personal incompleta, tomando en cuenta el objetivo de proceso.<\/p>\n\n\n\n<h4 class=\"wp-block-heading\">7.4 <strong>Eliminaci\u00f3n (art\u00edculo 17 del GDPR)<\/strong><\/h4>\n\n\n\n<p>Tiene derecho a exigir que eliminemos datos personales relacionados a usted sin demora, siempre que se aplique una de las razones previstas por la ley y si no se requiere procesamiento o almacenamiento adicional.<\/p>\n\n\n\n<h4 class=\"wp-block-heading\">7.5 <strong>Restricci\u00f3n de procesamiento (art\u00edculo 18 del GDPR)<\/strong><\/h4>\n\n\n\n<p>Tiene derecho a solicitar que restrinjamos el procesamiento de sus datos si se cumple alguno de los requisitos legales.<\/p>\n\n\n\n<h4 class=\"wp-block-heading\">7.6 <strong>Transferibilidad de datos (art\u00edculo 20 del GDPR)<\/strong><\/h4>\n\n\n\n<p>Tiene derecho a obtener datos personales relacionados con usted que nos haya proporcionado en un formato estructurado, de uso com\u00fan y legible por m\u00e1quina. Tambi\u00e9n tiene derecho a transferir estos datos a otro controlador sin obst\u00e1culos por nuestra parte, a quien se le proporcionaron los datos personales, siempre que el procesamiento se base en el consentimiento de conformidad con el art\u00edculo 6, p\u00e1rrafo 1, letra a) del GDPR o el art\u00edculo 9, p\u00e1rrafo 2 ( a) GDPR o en un contrato de conformidad con el art\u00edculo 6, p\u00e1rrafo 1 (b) GDPR, y los datos se procesen mediante procedimientos automatizados, a menos que el procesamiento sea necesario para completar una tarea, sea de inter\u00e9s p\u00fablico o se lleve a cabo en el ejercicio de una autoridad oficial asignada a nosotros.<\/p>\n\n\n\n<p>Adem\u00e1s, al ejercer su derecho a la transferencia de datos de conformidad con el art\u00edculo 20, p\u00e1rrafo 1, del GDPR, tiene derecho a que los datos personales se transfieran directamente de un controlador a otro, siempre que sea t\u00e9cnicamente factible y no obstaculice los derechos y libertades de otras personas.<\/p>\n\n\n\n<h4 class=\"wp-block-heading\">7.7 <strong>Objeci\u00f3n (art\u00edculo 21 del GDPR)<\/strong><\/h4>\n\n\n\n<p>Tiene derecho a presentar una objeci\u00f3n al procesamiento de los datos personales que le conciernen por motivos relacionados con su situaci\u00f3n particular cuando esto se haga sobre la base del art\u00edculo 6, p\u00e1rrafo 1 (e) (procesamiento de datos en inter\u00e9s p\u00fablico) o (f) (procesamiento de datos sobre la base de la ponderaci\u00f3n de intereses leg\u00edtimos) GDPR.<\/p>\n\n\n\n<p>Esto tambi\u00e9n se aplica a la elaboraci\u00f3n de perfiles basada en estas disposiciones de conformidad con el art\u00edculo 4, n\u00famero 4, del RGPD.<\/p>\n\n\n\n<p>Si presenta una objeci\u00f3n, ya no procesaremos sus datos personales a menos que podamos demostrar razones convincentes y leg\u00edtimas para dicho procesamiento que superen sus intereses, derechos y libertades, o cuando el procesamiento sirva para la afirmaci\u00f3n, el ejercicio o la defensa de reclamos legales.<\/p>\n\n\n\n<p>En casos individuales, procesamos sus datos personales con fines de marketing directo. Tiene derecho a oponerse en cualquier momento al procesamiento de datos personales con el fin de dicha publicidad. Esto tambi\u00e9n se aplica a la elaboraci\u00f3n de perfiles cuando esto est\u00e1 relacionado con este tipo de marketing directo. Si se opone al procesamiento de sus datos con fines de marketing directo, ya no procesaremos sus datos personales para este fin.<\/p>\n\n\n\n<p>Adem\u00e1s, tiene derecho a oponerse a que procesemos sus datos personales con fines de investigaci\u00f3n cient\u00edfica o hist\u00f3rica o con fines estad\u00edsticos de conformidad con el art\u00edculo 89, p\u00e1rrafo 1, del GDPR por razones que surjan de su situaci\u00f3n particular, a menos que dicho procesamiento sea necesario para la realizaci\u00f3n de una tarea de inter\u00e9s p\u00fablico.<\/p>\n\n\n\n<p>Usted es libre de ejercer su derecho a presentar una objeci\u00f3n en relaci\u00f3n con el uso de los servicios de la sociedad de la informaci\u00f3n, sin perjuicio de la Directiva 2002\/58 \/ CE, mediante procedimientos automatizados utilizando especificaciones t\u00e9cnicas.<\/p>\n\n\n\n<h4 class=\"wp-block-heading\">7.8 <strong>Revocaci\u00f3n de consentimiento relacionado a protecci\u00f3n de datos<\/strong><\/h4>\n\n\n\n<p>Tiene derecho a revocar cualquier consentimiento para el procesamiento de datos personales en cualquier momento con efecto futuro.<\/p>\n\n\n\n<h4 class=\"wp-block-heading\">7.9 <strong>Presentar una queja ante una autoridad supervisora<\/strong><\/h4>\n\n\n\n<p>Tiene derecho a presentar una queja ante una autoridad supervisora \u200b\u200bresponsable de la protecci\u00f3n de datos sobre nuestro procesamiento de datos personales.<\/p>\n\n\n\n<h3 class=\"wp-block-heading\">8. <strong>Almacenamiento, borrado y bloqueo de rutina de datos personales<\/strong><\/h3>\n\n\n\n<p>Procesamos y almacenamos sus datos personales solo durante el per\u00edodo de tiempo necesario para cumplir con el prop\u00f3sito de almacenamiento o seg\u00fan lo requieran las disposiciones legales a las que nuestra empresa est\u00e1 sujeta.<\/p>\n\n\n\n<p>Si el prop\u00f3sito de almacenamiento ya no se aplica o si expira un per\u00edodo de retenci\u00f3n requerido, los datos personales se bloquear\u00e1n o borrar\u00e1n de forma rutinaria de acuerdo con las disposiciones legales.<\/p>\n\n\n\n<h3 class=\"wp-block-heading\">9. <strong>Duraci\u00f3n del almacenamiento de datos personales<\/strong><\/h3>\n\n\n\n<p>El criterio para la duraci\u00f3n de la retenci\u00f3n de datos personales es el per\u00edodo de retenci\u00f3n legal respectivo. Una vez vencido este plazo, los datos en cuesti\u00f3n se borrar\u00e1n de forma rutinaria, siempre que ya no sean necesarios para el cumplimiento o inicio del contrato.<\/p>\n\n\n\n<p>Esta declaraci\u00f3n de privacidad ha sido preparada con la ayuda del software de privacidad: <a rel=\"noreferrer noopener\" href=\"http:\/\/%27https\/\/www.audatis-manager.de\" target=\"_blank\">audatis MANAGER<\/a>.<\/p>\n","protected":false},"excerpt":{"rendered":"<p>Obligaci\u00f3n de informaci\u00f3n de acuerdo con el art\u00edculo 13 del GDPRInformation suppliers&nbsp;Information customersAviso de privacidadPOL\u00cdTICA AMBIENTAL 1. Introducci\u00f3n Nos gustar\u00eda utilizar la informaci\u00f3n a continuaci\u00f3n para brindarle \u201cSujeto de datos\u201d (data subject),&nbsp; una descripci\u00f3n general de nuestro procesamiento de sus datos personales y sus derechos de acuerdo a la ley de protecci\u00f3n de datos. Por [&hellip;]<\/p>\n","protected":false},"author":6,"featured_media":0,"parent":0,"menu_order":0,"comment_status":"closed","ping_status":"closed","template":"","meta":{"_acf_changed":false,"footnotes":""},"class_list":["post-4505","page","type-page","status-publish","hentry"],"acf":[],"_links":{"self":[{"href":"https:\/\/www.eckerle-gruppe.com\/es\/wp-json\/wp\/v2\/pages\/4505","targetHints":{"allow":["GET"]}}],"collection":[{"href":"https:\/\/www.eckerle-gruppe.com\/es\/wp-json\/wp\/v2\/pages"}],"about":[{"href":"https:\/\/www.eckerle-gruppe.com\/es\/wp-json\/wp\/v2\/types\/page"}],"author":[{"embeddable":true,"href":"https:\/\/www.eckerle-gruppe.com\/es\/wp-json\/wp\/v2\/users\/6"}],"replies":[{"embeddable":true,"href":"https:\/\/www.eckerle-gruppe.com\/es\/wp-json\/wp\/v2\/comments?post=4505"}],"version-history":[{"count":4,"href":"https:\/\/www.eckerle-gruppe.com\/es\/wp-json\/wp\/v2\/pages\/4505\/revisions"}],"predecessor-version":[{"id":9218,"href":"https:\/\/www.eckerle-gruppe.com\/es\/wp-json\/wp\/v2\/pages\/4505\/revisions\/9218"}],"wp:attachment":[{"href":"https:\/\/www.eckerle-gruppe.com\/es\/wp-json\/wp\/v2\/media?parent=4505"}],"curies":[{"name":"wp","href":"https:\/\/api.w.org\/{rel}","templated":true}]}}