{"id":4498,"date":"2021-08-31T04:39:44","date_gmt":"2021-08-31T04:39:44","guid":{"rendered":"https:\/\/www.eckerle-gruppe.com\/?page_id=4498"},"modified":"2024-02-06T10:03:05","modified_gmt":"2024-02-06T10:03:05","slug":"ambiente","status":"publish","type":"page","link":"https:\/\/www.eckerle-gruppe.com\/es\/ambiente\/","title":{"rendered":"AMBIENTE"},"content":{"rendered":"\n<p><strong>INFORMACI\u00d3N GENERAL<\/strong><strong><\/strong><\/p>\n\n\n\n<p>El medio ambiente y la energ\u00eda son partes importantes de nuestros pensamientos y acciones.&nbsp;Nos comprometemos con las leyes y normas sociales contribuyendo a su cumplimiento.&nbsp;La preservaci\u00f3n de un medio ambiente digno de ser vivido, es una preocupaci\u00f3n esencial y una tarea permanente para nosotros.&nbsp;Adem\u00e1s, el fortalecimiento de nuestras sedes es especialmente importante para nosotros, como Grupo Eckerle.<\/p>\n\n\n\n<p><em>\u00abNo existe una responsabilidad peque\u00f1a:&nbsp; cada uno &#8211; a su nivel &#8211; asume toda la responsabilidad de lo que hace\u00bb.&nbsp;Edouard Michelin, 1996<\/em><\/p>\n\n\n\n<p>Ya sea en nuestra \u00e9tica o en nuestras directrices, asumimos la responsabilidad de lo que hacemos.<\/p>\n\n\n\n<p><strong>MEDIO AMBIENTE<\/strong><strong><\/strong><\/p>\n\n\n\n<p>La gesti\u00f3n ambiental en las operaciones es fundamental en nuestra pol\u00edtica empresarial.&nbsp;La estrategia medioambiental tiene como objetivo reducir el consumo de energ\u00eda, consumo de agua, las emisiones de CO2 y la generaci\u00f3n de residuos en nuestras operaciones, al mismo tiempo que se incrementa la recuperaci\u00f3n de residuos valorizables de las operaciones.<\/p>\n\n\n\n<p><strong>ENERG\u00cdA<\/strong><strong><\/strong><\/p>\n\n\n\n<p>La pol\u00edtica energ\u00e9tica de Eckerle es un factor clave en nuestra pol\u00edtica medioambiental.&nbsp;Nos comprometemos a mejorar continuamente nuestro rendimiento energ\u00e9tico y a aumentar sistem\u00e1ticamente la eficiencia energ\u00e9tica en un proceso de mejora continua.&nbsp;<\/p>\n\n\n\n<p>El uso eficiente de la energ\u00eda es nuestra m\u00e1xima prioridad.<\/p>\n\n\n\n<p>Siempre que sea posible: generamos nuestra propia energ\u00eda con paneles fotovoltaicos, utilizamos calefacci\u00f3n t\u00e9rmica y se da prioridad a la adquisici\u00f3n de veh\u00edculos y m\u00e1quinas el\u00e9ctricas, lo que reduce nuestras emisiones anuales de CO2.<\/p>\n\n\n\n<p>En el curso del sistema de gesti\u00f3n de la energ\u00eda:<\/p>\n\n\n\n<ul class=\"wp-block-list\">\n<li>Controlamos nuestro consumo energ\u00e9tico.&nbsp;Las medidas de ahorro de energ\u00eda se implementan siempre que hay oportunidades de influencia.<\/li>\n\n\n\n<li>Cumplimos con todas las obligaciones legales y otros requisitos relacionados con la energ\u00eda.<\/li>\n\n\n\n<li>Estamos comprometidos con la generaci\u00f3n y el consumo de energ\u00eda neutro en emisiones de CO2 en todas nuestras operaciones (respecto al Alcance 1 y Alcance 2).<\/li>\n\n\n\n<li>Establecemos un marco para alcanzar nuestros objetivos energ\u00e9ticos estrat\u00e9gicos y operativos.<\/li>\n\n\n\n<li>Llevamos a cabo proyectos y programas para aumentar la eficiencia energ\u00e9tica con nuestra iniciativa GoZero.<\/li>\n\n\n\n<li>Evaluamos de forma peri\u00f3dica y sistem\u00e1tica nuestra eficiencia energ\u00e9tica, nuestra demanda de energ\u00eda y nuestro uso de energ\u00eda.<\/li>\n\n\n\n<li>Comprobamos, medimos y evaluamos nuestros resultados a trav\u00e9s de auditor\u00edas y mejoramos continuamente nuestros sistemas relacionados con la energ\u00eda.<\/li>\n\n\n\n<li>Incluimos a nuestros socios, proveedores, prestadores de servicios y empresas externas en actividades relacionadas con la eficiencia energ\u00e9tica.<\/li>\n\n\n\n<li>En el caso de las inversiones, tenemos en cuenta el impacto de por vida en el proceso de compra.<\/li>\n\n\n\n<li>Informamos, formamos y animamos a nuestros empleados a comportarse de forma consciente de la energ\u00eda.<\/li>\n\n\n\n<li>Evaluamos y observamos los aspectos energ\u00e9ticos en nuestras normas t\u00e9cnicas (por ejemplo, modificaciones t\u00e9cnicas), as\u00ed como en los procesos comerciales y estrat\u00e9gicos.<\/li>\n<\/ul>\n\n\n\n<p>Todas las personas que trabajan para y en nombre de nuestra empresa est\u00e1n obligadas a seguir estas directrices y se les incita a cooperar activamente para el cumplimiento de nuestros ambiciosos objetivos y metas.<\/p>\n\n\n\n<p><strong>ESTRATEGIA Y ORGANIZACI\u00d3N DE LA SOSTENIBILIDAD \u2013 PRETTL GO ZERO<\/strong><\/p>\n\n\n\n<p>Grupo Eckerle, que forma parte del Grupo Prettl desde febrero de 2020, se ha fijado un nuevo objetivo: la neutralidad clim\u00e1tica para 2025.&nbsp;<\/p>\n\n\n\n<p>Con este objetivo, Grupo Eckerle quiere contribuir a un futuro sostenible, de modo que se garantice una alta calidad de vida en el futuro, que no se produzca a expensas del medio ambiente.<\/p>\n\n\n\n<p>La pol\u00edtica energ\u00e9tica de Eckerle es un factor clave en nuestra pol\u00edtica medioambiental.&nbsp;Aqu\u00ed vemos no solo el resultado final, sino la energ\u00eda en su conjunto.&nbsp;El uso de la energ\u00eda, el consumo de energ\u00eda y la eficiencia energ\u00e9tica son los principales actores.<\/p>\n\n\n\n<p>Nuestro objetivo para el 2025 en Grupo Prettl, es reducir las emisiones de CO2 en un 20% con la participaci\u00f3n de las partes interesadas<\/p>\n\n\n\n<p><strong>CICLO DE PRODUCCI\u00d3N SOSTENIBLE<\/strong><strong><\/strong><\/p>\n\n\n\n<p>Empezamos por donde se produce el impacto ambiental.&nbsp;Ya cuando&nbsp;desarrollamos productos conjuntamente con nuestros clientes y elegimos a nuestros&nbsp;proveedores, nos aseguramos de que sigan pautas ambientales equivalentes a las nuestras.&nbsp;Durante la producci\u00f3n, se da prioridad no solo a la salud y la seguridad de nuestros empleados, sino tambi\u00e9n a evitar impactos ambientales negativos.&nbsp;Para generar menos residuos, aguas residuales, ruido y otras emisiones, buscamos soluciones de forma proactiva.<\/p>\n\n\n\n<p><strong>COMPROMISO CON VISI\u00d3N DE FUTURO<\/strong><strong><\/strong><\/p>\n\n\n\n<p>Nos comprometemos a cumplir con los requisitos legales, las normas oficiales y a trabajar en cooperaci\u00f3n con los organismos e institutos pertinentes.&nbsp;Consideramos que estos requisitos y reglas son los m\u00ednimos necesarios para utilizar los recursos naturales, los materiales y la energ\u00eda con moderaci\u00f3n.&nbsp;Representamos esta declaraci\u00f3n de misi\u00f3n p\u00fablicamente y mantenemos un di\u00e1logo abierto&nbsp;con todas las partes interesadas, incluidos: vecinos,&nbsp;clientes, empleados y autoridades.<\/p>\n\n\n\n<figure class=\"wp-block-image size-full is-style-default\"><img loading=\"lazy\" decoding=\"async\" width=\"568\" height=\"227\" src=\"https:\/\/www.eckerle-gruppe.com\/wp-content\/uploads\/2021\/03\/prettl_gozero_logo.jpg\" alt=\"\" class=\"wp-image-4504\" srcset=\"https:\/\/www.eckerle-gruppe.com\/wp-content\/uploads\/2021\/03\/prettl_gozero_logo.jpg 568w, https:\/\/www.eckerle-gruppe.com\/wp-content\/uploads\/2021\/03\/prettl_gozero_logo-300x120.jpg 300w\" sizes=\"auto, (max-width: 568px) 100vw, 568px\" \/><\/figure>\n\n\n\n<p>&nbsp;<\/p>\n\n\n\n<p><a href=\"https:\/\/www.eckerle-gruppe.com\/wp-content\/uploads\/2023\/10\/V2_ENVIRONMENT-AND-ENERGY_ES.pdf\">MEDIU SI ENERGIE<\/a><\/p>\n","protected":false},"excerpt":{"rendered":"<p>INFORMACI\u00d3N GENERAL El medio ambiente y la energ\u00eda son partes importantes de nuestros pensamientos y acciones.&nbsp;Nos comprometemos con las leyes y normas sociales contribuyendo a su cumplimiento.&nbsp;La preservaci\u00f3n de un medio ambiente digno de ser vivido, es una preocupaci\u00f3n esencial y una tarea permanente para nosotros.&nbsp;Adem\u00e1s, el fortalecimiento de nuestras sedes es especialmente importante para [&hellip;]<\/p>\n","protected":false},"author":6,"featured_media":0,"parent":0,"menu_order":0,"comment_status":"closed","ping_status":"closed","template":"","meta":{"_acf_changed":false,"footnotes":""},"class_list":["post-4498","page","type-page","status-publish","hentry"],"acf":[],"_links":{"self":[{"href":"https:\/\/www.eckerle-gruppe.com\/es\/wp-json\/wp\/v2\/pages\/4498","targetHints":{"allow":["GET"]}}],"collection":[{"href":"https:\/\/www.eckerle-gruppe.com\/es\/wp-json\/wp\/v2\/pages"}],"about":[{"href":"https:\/\/www.eckerle-gruppe.com\/es\/wp-json\/wp\/v2\/types\/page"}],"author":[{"embeddable":true,"href":"https:\/\/www.eckerle-gruppe.com\/es\/wp-json\/wp\/v2\/users\/6"}],"replies":[{"embeddable":true,"href":"https:\/\/www.eckerle-gruppe.com\/es\/wp-json\/wp\/v2\/comments?post=4498"}],"version-history":[{"count":11,"href":"https:\/\/www.eckerle-gruppe.com\/es\/wp-json\/wp\/v2\/pages\/4498\/revisions"}],"predecessor-version":[{"id":8525,"href":"https:\/\/www.eckerle-gruppe.com\/es\/wp-json\/wp\/v2\/pages\/4498\/revisions\/8525"}],"wp:attachment":[{"href":"https:\/\/www.eckerle-gruppe.com\/es\/wp-json\/wp\/v2\/media?parent=4498"}],"curies":[{"name":"wp","href":"https:\/\/api.w.org\/{rel}","templated":true}]}}