{"id":8195,"date":"2023-12-05T20:16:32","date_gmt":"2023-12-05T20:16:32","guid":{"rendered":"https:\/\/www.eckerle-gruppe.com\/?page_id=8195"},"modified":"2024-03-21T16:02:27","modified_gmt":"2024-03-21T16:02:27","slug":"hinweisgebersystem","status":"publish","type":"page","link":"https:\/\/www.eckerle-gruppe.com\/de\/hinweisgebersystem\/","title":{"rendered":"Hinweisgebersystem"},"content":{"rendered":"\n<p>Die Einhaltung von Gesetzen und internen Regelungen hat f\u00fcr Eckerle hohe Priorit\u00e4t. Dieses, sowie verantwortliches soziales Handeln sind u.a. Grundlage unserer Reputation und unseres nachhaltigen Unternehmenserfolgs.<\/p>\n\n\n\n<p>Fehlverhalten muss daher fr\u00fchzeitig erkannt werden. Um Hinweisen auf Verst\u00f6\u00dfe f\u00fcr das Unternehmen, seine Besch\u00e4ftigten und andere Personen fair und angemessen nachzugehen, haben wir 2023 das Hinweisgebersystem eingef\u00fchrt.<\/p>\n\n\n\n<p>Das Hinweisgebersystem erm\u00f6glicht weltweit Besch\u00e4ftigten sowie externen Hinweisgebern, Regelverst\u00f6\u00dfe ohne Nennung der Identit\u00e4t abzugeben. So wird Eckerle auf m\u00f6gliche Risiken aufmerksam, kann Schaden vom Konzern, seinen Besch\u00e4ftigten und Dritten abwenden, sowie durch Fehlverhalten gesch\u00e4digte Personen sch\u00fctzen.<\/p>\n\n\n\n<p>Zu Regelverst\u00f6\u00dfen mit hohen Risiken geh\u00f6ren beispielsweise Korruptions-, Kartellrechts- und Geldw\u00e4schedelikte sowie Verst\u00f6\u00dfe gegen technische Vorgaben oder Verletzungen von Umweltvorschriften. Personenbezogene Sachverhalte, zum Beispiel sexuelle Bel\u00e4stigung oder Menschenrechtsverletzungen, z\u00e4hlen ebenso dazu.<\/p>\n\n\n\n<p>Eckerle ermutigt alle innerhalb und au\u00dferhalb des Unternehmens, die Regelverst\u00f6\u00dfe im Zusammenhang mit unserem Unternehmen ohne Angst vor Repressalien offen zu \u00e4u\u00dfern.<br>Falls Sie konkrete Hinweise auf Verst\u00f6\u00dfe im Zusammenhang mit der Gesch\u00e4ftst\u00e4tigkeit der Eckerle Gruppe haben, nutzen Sie auf Wunsch auch anonym das Hinweisgebersystem der Eckerle Gruppe.<\/p>\n\n\n\n<p>Unser Hinweisgebersystem k\u00f6nnen Sie <a href=\"https:\/\/eckerle-gruppe.hinweis.digital\/\" data-type=\"link\" data-id=\"https:\/\/eckerle-gruppe.hinweis.digital\/\" target=\"_blank\" rel=\"noreferrer noopener\">hier<\/a> erreichen!<\/p>\n","protected":false},"excerpt":{"rendered":"<p>Die Einhaltung von Gesetzen und internen Regelungen hat f\u00fcr Eckerle hohe Priorit\u00e4t. Dieses, sowie verantwortliches soziales Handeln sind u.a. Grundlage unserer Reputation und unseres nachhaltigen Unternehmenserfolgs. Fehlverhalten muss daher fr\u00fchzeitig erkannt werden. Um Hinweisen auf Verst\u00f6\u00dfe f\u00fcr das Unternehmen, seine Besch\u00e4ftigten und andere Personen fair und angemessen nachzugehen, haben wir 2023 das Hinweisgebersystem eingef\u00fchrt. Das [&hellip;]<\/p>\n","protected":false},"author":6,"featured_media":0,"parent":0,"menu_order":0,"comment_status":"closed","ping_status":"closed","template":"","meta":{"_acf_changed":false,"footnotes":""},"class_list":["post-8195","page","type-page","status-publish","hentry"],"acf":[],"_links":{"self":[{"href":"https:\/\/www.eckerle-gruppe.com\/de\/wp-json\/wp\/v2\/pages\/8195","targetHints":{"allow":["GET"]}}],"collection":[{"href":"https:\/\/www.eckerle-gruppe.com\/de\/wp-json\/wp\/v2\/pages"}],"about":[{"href":"https:\/\/www.eckerle-gruppe.com\/de\/wp-json\/wp\/v2\/types\/page"}],"author":[{"embeddable":true,"href":"https:\/\/www.eckerle-gruppe.com\/de\/wp-json\/wp\/v2\/users\/6"}],"replies":[{"embeddable":true,"href":"https:\/\/www.eckerle-gruppe.com\/de\/wp-json\/wp\/v2\/comments?post=8195"}],"version-history":[{"count":6,"href":"https:\/\/www.eckerle-gruppe.com\/de\/wp-json\/wp\/v2\/pages\/8195\/revisions"}],"predecessor-version":[{"id":8757,"href":"https:\/\/www.eckerle-gruppe.com\/de\/wp-json\/wp\/v2\/pages\/8195\/revisions\/8757"}],"wp:attachment":[{"href":"https:\/\/www.eckerle-gruppe.com\/de\/wp-json\/wp\/v2\/media?parent=8195"}],"curies":[{"name":"wp","href":"https:\/\/api.w.org\/{rel}","templated":true}]}}