{"id":735,"date":"2020-11-16T19:34:04","date_gmt":"2020-11-16T19:34:04","guid":{"rendered":"https:\/\/eckerle-gruppe.com\/?page_id=735"},"modified":"2026-02-24T09:33:54","modified_gmt":"2026-02-24T09:33:54","slug":"ueberuns","status":"publish","type":"page","link":"https:\/\/www.eckerle-gruppe.com\/de\/ueberuns\/","title":{"rendered":"\u00dcber Uns"},"content":{"rendered":"\n<p>Zu den Kernkompetenzen der Eckerle geh\u00f6ren seit mehr als einem halben Jahrhundert der Sondermaschinenbau, Herstellung und Montage von B\u00fcrstensystemen, Baugruppen f\u00fcr Anwendungen im Automotive, Small Motors und Power Tools Bereich.<\/p>\n","protected":false},"excerpt":{"rendered":"<p>Zu den Kernkompetenzen der Eckerle geh\u00f6ren seit mehr als einem halben Jahrhundert der Sondermaschinenbau, Herstellung und Montage von B\u00fcrstensystemen, Baugruppen f\u00fcr Anwendungen im Automotive, Small Motors und Power Tools Bereich.<\/p>\n","protected":false},"author":6,"featured_media":2559,"parent":0,"menu_order":0,"comment_status":"closed","ping_status":"closed","template":"","meta":{"_acf_changed":false,"footnotes":""},"class_list":["post-735","page","type-page","status-publish","has-post-thumbnail","hentry"],"acf":[],"_links":{"self":[{"href":"https:\/\/www.eckerle-gruppe.com\/de\/wp-json\/wp\/v2\/pages\/735","targetHints":{"allow":["GET"]}}],"collection":[{"href":"https:\/\/www.eckerle-gruppe.com\/de\/wp-json\/wp\/v2\/pages"}],"about":[{"href":"https:\/\/www.eckerle-gruppe.com\/de\/wp-json\/wp\/v2\/types\/page"}],"author":[{"embeddable":true,"href":"https:\/\/www.eckerle-gruppe.com\/de\/wp-json\/wp\/v2\/users\/6"}],"replies":[{"embeddable":true,"href":"https:\/\/www.eckerle-gruppe.com\/de\/wp-json\/wp\/v2\/comments?post=735"}],"version-history":[{"count":33,"href":"https:\/\/www.eckerle-gruppe.com\/de\/wp-json\/wp\/v2\/pages\/735\/revisions"}],"predecessor-version":[{"id":10285,"href":"https:\/\/www.eckerle-gruppe.com\/de\/wp-json\/wp\/v2\/pages\/735\/revisions\/10285"}],"wp:featuredmedia":[{"embeddable":true,"href":"https:\/\/www.eckerle-gruppe.com\/de\/wp-json\/wp\/v2\/media\/2559"}],"wp:attachment":[{"href":"https:\/\/www.eckerle-gruppe.com\/de\/wp-json\/wp\/v2\/media?parent=735"}],"curies":[{"name":"wp","href":"https:\/\/api.w.org\/{rel}","templated":true}]}}