{"id":637,"date":"2020-11-15T10:08:22","date_gmt":"2020-11-15T10:08:22","guid":{"rendered":"https:\/\/eckerle-gruppe.com\/?page_id=637"},"modified":"2023-05-16T14:47:05","modified_gmt":"2023-05-16T14:47:05","slug":"bosch-rexroth-systemelemente","status":"publish","type":"page","link":"https:\/\/www.eckerle-gruppe.com\/de\/bosch-rexroth-systemelemente\/","title":{"rendered":"Bosch Rexroth Systemelemente"},"content":{"rendered":"<div class=\"wp-block-image\">\n<figure class=\"alignright is-resized\"><img loading=\"lazy\" decoding=\"async\" src=\"https:\/\/www.eckerle-gruppe.com\/wp-content\/uploads\/2020\/12\/bosch-rexroth-300x300.jpeg\" alt=\"\" class=\"wp-image-1743\" width=\"329\" height=\"329\" srcset=\"https:\/\/www.eckerle-gruppe.com\/wp-content\/uploads\/2020\/12\/bosch-rexroth-300x300.jpeg 300w, https:\/\/www.eckerle-gruppe.com\/wp-content\/uploads\/2020\/12\/bosch-rexroth-150x150.jpeg 150w, https:\/\/www.eckerle-gruppe.com\/wp-content\/uploads\/2020\/12\/bosch-rexroth.jpeg 657w\" sizes=\"auto, (max-width: 329px) 100vw, 329px\" \/><\/figure>\n<\/div>\n\n\n<p class=\"has-text-align-left\">Bereits seit mehr als 25 Jahren arbeiten wir erfolgreich mit Bosch Rexroth zusammen. Eckerle erhielt f\u00fcr diese Zusammenarbeit als erstes Unternehmen in Ungarn die Auszeichnung \u201eDistribution of Excellence\u201c, auf die wir sehr stolz sind.<\/p>\n\n\n\n<p>Die breite Produktpalette&nbsp; an Bosch-Rexroth Systemkomponente, die wir unseren Kunden anbieten, \u00fcberzeugt durch ein hohes Ma\u00df an Effizienz und Langlebigkeit. Systemkomponenten werden nicht nur als Teil komplexer Ger\u00e4te, sondern auch Einzelteile vertrieben &#8211; so k\u00f6nnen Produktionssysteme erg\u00e4nzt und kombiniert werden.<\/p>\n\n\n\n<p>Wir sind \u00fcberzeugt von den Komponenten und setzen diese in unseren eigenen Produktionsst\u00e4tten f\u00fcr die Serienbelieferung im Automobilsektor ein \u2013 gerne berichten wir von unseren Erfahrungen&nbsp; &#8211; sprechen Sie uns an. <a href=\"https:\/\/eckerle-gruppe.com\/de\/kontakt-cat\/#ContactForm\" target=\"_blank\" rel=\"noreferrer noopener\">Auf Wunsch erstellen unsere Mitarbeiter ein individuelles Angebot f\u00fcr Sie.<\/a><\/p>\n\n\n\n<p>Wir bieten Ihnen folgende Systemkomponenten an:<\/p>\n\n\n\n<ul class=\"wp-block-list\">\n<li><a href=\"#scroll_907\">Montagetechnik<\/a><\/li>\n\n\n\n<li><a href=\"#scroll_902\">Lineartechnik<\/a><\/li>\n\n\n\n<li><a href=\"#scroll_910\">Schraubtechnik<\/a><\/li>\n\n\n\n<li><a href=\"#scroll_905\">Elektrische Antriebe und Steuerungen<\/a><\/li>\n<\/ul>\n","protected":false},"excerpt":{"rendered":"<p>Bereits seit mehr als 25 Jahren arbeiten wir erfolgreich mit Bosch Rexroth zusammen. Eckerle erhielt f\u00fcr diese Zusammenarbeit als erstes Unternehmen in Ungarn die Auszeichnung \u201eDistribution of Excellence\u201c, auf die wir sehr stolz sind. Die breite Produktpalette&nbsp; an Bosch-Rexroth Systemkomponente, die wir unseren Kunden anbieten, \u00fcberzeugt durch ein hohes Ma\u00df an Effizienz und Langlebigkeit. Systemkomponenten [&hellip;]<\/p>\n","protected":false},"author":6,"featured_media":1693,"parent":0,"menu_order":0,"comment_status":"closed","ping_status":"closed","template":"page-bosch.php","meta":{"_acf_changed":false,"footnotes":""},"class_list":["post-637","page","type-page","status-publish","has-post-thumbnail","hentry"],"acf":[],"_links":{"self":[{"href":"https:\/\/www.eckerle-gruppe.com\/de\/wp-json\/wp\/v2\/pages\/637","targetHints":{"allow":["GET"]}}],"collection":[{"href":"https:\/\/www.eckerle-gruppe.com\/de\/wp-json\/wp\/v2\/pages"}],"about":[{"href":"https:\/\/www.eckerle-gruppe.com\/de\/wp-json\/wp\/v2\/types\/page"}],"author":[{"embeddable":true,"href":"https:\/\/www.eckerle-gruppe.com\/de\/wp-json\/wp\/v2\/users\/6"}],"replies":[{"embeddable":true,"href":"https:\/\/www.eckerle-gruppe.com\/de\/wp-json\/wp\/v2\/comments?post=637"}],"version-history":[{"count":21,"href":"https:\/\/www.eckerle-gruppe.com\/de\/wp-json\/wp\/v2\/pages\/637\/revisions"}],"predecessor-version":[{"id":7335,"href":"https:\/\/www.eckerle-gruppe.com\/de\/wp-json\/wp\/v2\/pages\/637\/revisions\/7335"}],"wp:featuredmedia":[{"embeddable":true,"href":"https:\/\/www.eckerle-gruppe.com\/de\/wp-json\/wp\/v2\/media\/1693"}],"wp:attachment":[{"href":"https:\/\/www.eckerle-gruppe.com\/de\/wp-json\/wp\/v2\/media?parent=637"}],"curies":[{"name":"wp","href":"https:\/\/api.w.org\/{rel}","templated":true}]}}