{"id":635,"date":"2020-11-15T10:09:38","date_gmt":"2020-11-15T10:09:38","guid":{"rendered":"https:\/\/eckerle-gruppe.com\/?page_id=635"},"modified":"2023-05-16T14:46:14","modified_gmt":"2023-05-16T14:46:14","slug":"schmidt-pressen","status":"publish","type":"page","link":"https:\/\/www.eckerle-gruppe.com\/de\/schmidt-pressen\/","title":{"rendered":"Schmidt Pressen Technology"},"content":{"rendered":"\n<p>Eckerle ist zertifizierter Vetriebspartner und Servicepartner von SCHMIDT\u00ae Technology in Ungarn. <\/p>\n\n\n\n<p>SCHMIDT\u00ae Pressen stehen f\u00fcr erstklassige Montagetechnik. Ob prozesssichere Einzelarbeitsplatz-Maschinen (\u201estand alone\u201c) oder Pressenmodule in komplexen Automationslinien, die Pressen sind stets die optimale Wahl zum F\u00fcgen, Montieren, Einpressen, Formen, Kalibrieren, Verstemmen, B\u00f6rdeln, Nieten, Stanzen, Markieren, Schneiden, Richten, freies F\u00fcgen, Positionieren und Crimpen.<\/p>\n\n\n\n<p>In unserem Portfolio finden Sie folgende Schmidt Technology Pressen:<\/p>\n\n\n\n<ul class=\"wp-block-list\">\n<li>Manuelle Pressen<\/li>\n\n\n\n<li>Pneumatische Pressen<\/li>\n\n\n\n<li>Hydropneumatische Pressen<\/li>\n\n\n\n<li>Elektrische Pressen<\/li>\n\n\n\n<li>Servopressen<\/li>\n\n\n\n<li>Steuerungen<\/li>\n\n\n\n<li>Software<\/li>\n<\/ul>\n\n\n\n<p>Haben Sie Fragen? Besuchen <a rel=\"noreferrer noopener\" href=\"https:\/\/www.schmidttechnology.de\/produkte\/maschinen\/\" target=\"_blank\">Sie die Webseite von SCHMIDT\u00ae Technology<\/a> oder <a href=\"https:\/\/www.eckerle-gruppe.com\/hu\/kapcsolat-cat\/#ContactForm\">kontaktieren Sie uns!<\/a> Unser kompetentes Personal wird Sie gerne unterst\u00fctzen!<\/p>\n","protected":false},"excerpt":{"rendered":"<p>Eckerle ist zertifizierter Vetriebspartner und Servicepartner von SCHMIDT\u00ae Technology in Ungarn. SCHMIDT\u00ae Pressen stehen f\u00fcr erstklassige Montagetechnik. Ob prozesssichere Einzelarbeitsplatz-Maschinen (\u201estand alone\u201c) oder Pressenmodule in komplexen Automationslinien, die Pressen sind stets die optimale Wahl zum F\u00fcgen, Montieren, Einpressen, Formen, Kalibrieren, Verstemmen, B\u00f6rdeln, Nieten, Stanzen, Markieren, Schneiden, Richten, freies F\u00fcgen, Positionieren und Crimpen. In unserem Portfolio [&hellip;]<\/p>\n","protected":false},"author":6,"featured_media":2821,"parent":0,"menu_order":0,"comment_status":"closed","ping_status":"closed","template":"page-schmidt.php","meta":{"_acf_changed":false,"footnotes":""},"class_list":["post-635","page","type-page","status-publish","has-post-thumbnail","hentry"],"acf":[],"_links":{"self":[{"href":"https:\/\/www.eckerle-gruppe.com\/de\/wp-json\/wp\/v2\/pages\/635","targetHints":{"allow":["GET"]}}],"collection":[{"href":"https:\/\/www.eckerle-gruppe.com\/de\/wp-json\/wp\/v2\/pages"}],"about":[{"href":"https:\/\/www.eckerle-gruppe.com\/de\/wp-json\/wp\/v2\/types\/page"}],"author":[{"embeddable":true,"href":"https:\/\/www.eckerle-gruppe.com\/de\/wp-json\/wp\/v2\/users\/6"}],"replies":[{"embeddable":true,"href":"https:\/\/www.eckerle-gruppe.com\/de\/wp-json\/wp\/v2\/comments?post=635"}],"version-history":[{"count":18,"href":"https:\/\/www.eckerle-gruppe.com\/de\/wp-json\/wp\/v2\/pages\/635\/revisions"}],"predecessor-version":[{"id":7334,"href":"https:\/\/www.eckerle-gruppe.com\/de\/wp-json\/wp\/v2\/pages\/635\/revisions\/7334"}],"wp:featuredmedia":[{"embeddable":true,"href":"https:\/\/www.eckerle-gruppe.com\/de\/wp-json\/wp\/v2\/media\/2821"}],"wp:attachment":[{"href":"https:\/\/www.eckerle-gruppe.com\/de\/wp-json\/wp\/v2\/media?parent=635"}],"curies":[{"name":"wp","href":"https:\/\/api.w.org\/{rel}","templated":true}]}}