{"id":2448,"date":"2021-02-21T10:06:28","date_gmt":"2021-02-21T10:06:28","guid":{"rendered":"https:\/\/eckerle-gruppe.com\/?page_id=2448"},"modified":"2026-02-20T12:02:05","modified_gmt":"2026-02-20T12:02:05","slug":"impressum","status":"publish","type":"page","link":"https:\/\/www.eckerle-gruppe.com\/de\/impressum\/","title":{"rendered":"Impressum"},"content":{"rendered":"\n<div class=\"wp-block-columns is-layout-flex wp-container-core-columns-is-layout-9d6595d7 wp-block-columns-is-layout-flex\">\n<div class=\"wp-block-column is-layout-flow wp-block-column-is-layout-flow\">\n<p><strong>Eckerle Holding GmbH<\/strong><\/p>\n\n\n\n<p>Industriestra\u00dfe 15 Ottersweier D &#8211; 77833<br>&nbsp;&nbsp;<br>Fon +49.7223.98.43.0<br>Fax +49.7223.98.43.134<\/p>\n\n\n\n<p><a href=\"mailto:info@de.eckerle-gruppe.com\">info@de.eckerle-gruppe.com<\/a>&nbsp;<\/p>\n\n\n\n<p><\/p>\n\n\n\n<p><strong>Gesch\u00e4ftsf\u00fchrer<\/strong><\/p>\n\n\n\n<p>Cem Peksaglam<br>Martina Gartner<br><\/p>\n\n\n\n<p><strong>Amtsgericht<br><\/strong>Mannheim<br>HRB&nbsp;710001<\/p>\n\n\n\n<p><strong>Umsatzsteuer-ID-Nr.<\/strong><\/p>\n\n\n\n<p>DE 812 052 050<\/p>\n<\/div>\n\n\n\n<div class=\"wp-block-column is-layout-flow wp-block-column-is-layout-flow\">\n<p><strong>Eckerle Automotive GmbH<\/strong><\/p>\n\n\n\n<p>Industriestra\u00dfe 15 Ottersweier D &#8211; 77833<br>&nbsp;&nbsp;<br>Fon +49.7223.98.43.0<br>Fax +49.7223.98.43.134<\/p>\n\n\n\n<p><a href=\"mailto:info@de.eckerle-gruppe.com\">info@de.eckerle-gruppe.com<\/a>&nbsp;<\/p>\n\n\n\n<p><\/p>\n\n\n\n<p><strong>Gesch\u00e4ftsf\u00fchrer<\/strong><\/p>\n\n\n\n<p>Cem Peksaglam<br>Bernd Sch\u00f6ffler<br>Martina Gartner<\/p>\n\n\n\n<p><strong>Amtsgericht<br><\/strong>Mannheim<br>HRB&nbsp;210241<\/p>\n\n\n\n<p><strong>Umsatzsteuer-ID-Nr.<\/strong><\/p>\n\n\n\n<p>DE 811 366 515&nbsp;<\/p>\n<\/div>\n\n\n\n<div class=\"wp-block-column is-layout-flow wp-block-column-is-layout-flow\">\n<p><strong>Eckerle Industrie GmbH<\/strong><\/p>\n\n\n\n<p>Industriestra\u00dfe 15 Ottersweier D &#8211; 77833<br><br>Fon +49.7223.98.43.0<br>Fax +49.7223.98.43.134<\/p>\n\n\n\n<p><a href=\"mailto:info@de.eckerle-gruppe.com\">info@de.eckerle-gruppe.com<\/a><\/p>\n\n\n\n<p><\/p>\n\n\n\n<p><strong>Gesch\u00e4ftsf\u00fchrer<\/strong><\/p>\n\n\n\n<p>Cem Peksaglam<br>Martina Gartner<br>Alexander Friese<\/p>\n\n\n\n<p><strong>Amtsgericht<br><\/strong>Mannheim<br>HRB&nbsp;705308<\/p>\n\n\n\n<p><strong>Umsatzsteuer-ID-Nr.<\/strong><\/p>\n\n\n\n<p>DE 261 873 731<\/p>\n<\/div>\n<\/div>\n\n\n\n<h3 class=\"wp-block-heading\">Rechtliche Hinweise<\/h3>\n\n\n\n<p>Hinweis zur Rechtsprechung bez\u00fcglich Links:<br>Mit Urteil vom 12. Mai 1998 Az 1998 &#8211; 312 O 85\/98 &#8211; &#8222;Haftung f\u00fcr Links&#8220; hat das Landgericht Hamburg entschieden, dass man durch die Anbringung eines Links die Inhalte der gelinkten Seite ggf. mit zu verantworten hat. Dies kann &#8211; so das LG &#8211; nur dadurch verhindert werden, dass man sich ausdr\u00fccklich von diesen Inhalten distanziert. Da wir keinerlei Einfluss auf die Gestaltung und die Inhalte der gelinkten Seiten haben, distanzieren wir uns hiermit ausdr\u00fccklich von allen Inhalten aller gelinkten Seiten auf unserer Website und machen uns diese Inhalte nicht zu Eigen.<br>Diese Erkl\u00e4rung gilt f\u00fcr alle auf unserer Website angebrachten Links.<\/p>\n\n\n\n<h3 class=\"wp-block-heading\">\u00a9 Copyright<\/h3>\n\n\n\n<p>Alle Rechte vorbehalten. Text, Bilder, Grafiken sowie deren Anordnung auf unserer Website unterliegen dem Schutz des Urheberrechts und anderer Schutzgesetze.<\/p>\n\n\n\n<h3 class=\"wp-block-heading\">Datenschutz<\/h3>\n\n\n\n<p>Unsere Datenschutzerkl\u00e4rung finden Sie\u00a0<a href=\"https:\/\/www.eckerle-gruppe.com\/de\/datenschutzerklaerung\/\" target=\"_blank\" rel=\"noreferrer noopener\">hier<\/a>.<\/p>\n\n\n\n<p><\/p>\n\n\n\n<p><\/p>\n\n\n\n<figure class=\"wp-block-table\"><table><tbody><tr><td><\/td><td><\/td><td><\/td><\/tr><\/tbody><\/table><\/figure>\n","protected":false},"excerpt":{"rendered":"<p>Eckerle Holding GmbH Industriestra\u00dfe 15 Ottersweier D &#8211; 77833&nbsp;&nbsp;Fon +49.7223.98.43.0Fax +49.7223.98.43.134 info@de.eckerle-gruppe.com&nbsp; Gesch\u00e4ftsf\u00fchrer Cem PeksaglamMartina Gartner AmtsgerichtMannheimHRB&nbsp;710001 Umsatzsteuer-ID-Nr. DE 812 052 050 Eckerle Automotive GmbH Industriestra\u00dfe 15 Ottersweier D &#8211; 77833&nbsp;&nbsp;Fon +49.7223.98.43.0Fax +49.7223.98.43.134 info@de.eckerle-gruppe.com&nbsp; Gesch\u00e4ftsf\u00fchrer Cem PeksaglamBernd Sch\u00f6fflerMartina Gartner AmtsgerichtMannheimHRB&nbsp;210241 Umsatzsteuer-ID-Nr. DE 811 366 515&nbsp; Eckerle Industrie GmbH Industriestra\u00dfe 15 Ottersweier D &#8211; 77833 Fon [&hellip;]<\/p>\n","protected":false},"author":6,"featured_media":0,"parent":0,"menu_order":0,"comment_status":"closed","ping_status":"closed","template":"","meta":{"_acf_changed":false,"footnotes":""},"class_list":["post-2448","page","type-page","status-publish","hentry"],"acf":[],"_links":{"self":[{"href":"https:\/\/www.eckerle-gruppe.com\/de\/wp-json\/wp\/v2\/pages\/2448","targetHints":{"allow":["GET"]}}],"collection":[{"href":"https:\/\/www.eckerle-gruppe.com\/de\/wp-json\/wp\/v2\/pages"}],"about":[{"href":"https:\/\/www.eckerle-gruppe.com\/de\/wp-json\/wp\/v2\/types\/page"}],"author":[{"embeddable":true,"href":"https:\/\/www.eckerle-gruppe.com\/de\/wp-json\/wp\/v2\/users\/6"}],"replies":[{"embeddable":true,"href":"https:\/\/www.eckerle-gruppe.com\/de\/wp-json\/wp\/v2\/comments?post=2448"}],"version-history":[{"count":42,"href":"https:\/\/www.eckerle-gruppe.com\/de\/wp-json\/wp\/v2\/pages\/2448\/revisions"}],"predecessor-version":[{"id":10266,"href":"https:\/\/www.eckerle-gruppe.com\/de\/wp-json\/wp\/v2\/pages\/2448\/revisions\/10266"}],"wp:attachment":[{"href":"https:\/\/www.eckerle-gruppe.com\/de\/wp-json\/wp\/v2\/media?parent=2448"}],"curies":[{"name":"wp","href":"https:\/\/api.w.org\/{rel}","templated":true}]}}