{"id":2249,"date":"2021-02-14T09:23:41","date_gmt":"2021-02-14T09:23:41","guid":{"rendered":"https:\/\/eckerle-gruppe.com\/?page_id=2249"},"modified":"2023-11-06T15:21:37","modified_gmt":"2023-11-06T15:21:37","slug":"arbeitssicherheit","status":"publish","type":"page","link":"https:\/\/www.eckerle-gruppe.com\/de\/arbeitssicherheit\/","title":{"rendered":"Arbeitssicherheit"},"content":{"rendered":"\n<p>Die Eckerle Gruppe hat sich dazu verpflichtet, seinen Mitarbeitern und allen Beteiligten, deren Interessen durch unser Unternehmen ber\u00fchrt werden, ein sicheres und gesundes Arbeitsumfeld zu bieten. Den Arbeitsschutz erachten wir als einen wichtigen Unternehmenswert, der in alle Aspekte unserer Aktivit\u00e4ten einbezogen werden muss.<\/p>\n\n\n\n<p><strong>Leistungsf\u00e4higes Arbeits- und Gesundheitsmanagement<\/strong><\/p>\n\n\n\n<p>Wir integrieren die Arbeitsschutzziele auf allen Ebenen unserer Gesch\u00e4ftst\u00e4tigkeiten. Die Gesch\u00e4ftsleitung sowie s\u00e4mtliche F\u00fchrungskr\u00e4fte sind f\u00fcr die Vermeidung von Verletzungen und Berufskrankheiten verantwortlich. Wir pr\u00fcfen regelm\u00e4\u00dfig unternehmensweit die Umsetzung der Vorgaben und den Erfolg unseres Managementsystems.<\/p>\n\n\n\n<p><strong>Sichere und gesundheitsgerechte Arbeitspl\u00e4tze<\/strong><\/p>\n\n\n\n<p>Jeder einzelne Mitarbeiter kann einen Arbeitsplatz erwarten, der ein sicheres und gesundheitsgerechtes Arbeiten erm\u00f6glicht. Bei der Gestaltung von Arbeitspl\u00e4tzen und -abl\u00e4ufen ber\u00fccksichtigen wir neueste Erkenntnisse. Der ergonomischen Gestaltung von Arbeitspl\u00e4tzen messen wir eine hohe Bedeutung bei.<\/p>\n\n\n\n<p><strong>Verantwortungsbewusste Mitarbeiterinnen und Mitarbeiter<\/strong><\/p>\n\n\n\n<p>Von allen Mitarbeitern wird erwartet, dass sie sichtbar und aktiv zu einer stetigen Verbesserung unserer Leistungen im Arbeitsschutz beitragen. Wir handeln verantwortlich gem\u00e4\u00df eigener, oft \u00fcber die gesetzlichen Vorschriften hinausgehender Regeln. Durch regelm\u00e4\u00dfige Informationen, Schulungen und Weiterbildungen f\u00f6rdern wir die Kompetenzen und das Bewusstsein unserer Mitarbeiterinnen und Mitarbeiter f\u00fcr ein sicheres Arbeiten in allen Bereichen des Unternehmens.<\/p>\n\n\n\n<p><strong>Vorbeugende Ma\u00dfnahmen<\/strong><\/p>\n\n\n\n<p>Im Arbeitsschutz ist die Zahl Null unser angestrebtes Ziel \u2013&nbsp;<br>null Unf\u00e4lle oder Berufskrankheiten.<\/p>\n\n\n\n<p>Das Erreichen dieses Ziels ist ein entscheidender Faktor auf unserem Weg zu einer herausragenden Unternehmensleistung. Wir sch\u00fctzen unsere Mitarbeiterinnen und Mitarbeiter vor gesundheitlichen Beeintr\u00e4chtigungen durch umfangreiche, vorbeugende Ma\u00dfnahmen. An allen Standorten stellen wir eine umfassende und wirksame Notfallversorgung sicher.<\/p>\n\n\n\n<p>&nbsp;<\/p>\n\n\n\n<p><a rel=\"noreferrer noopener\" href=\"https:\/\/www.eckerle-gruppe.com\/wp-content\/uploads\/2022\/03\/V1_Safety-at-work_DE.pdf\" target=\"_blank\">Arbeitssicherheit<\/a><\/p>\n","protected":false},"excerpt":{"rendered":"<p>Die Eckerle Gruppe hat sich dazu verpflichtet, seinen Mitarbeitern und allen Beteiligten, deren Interessen durch unser Unternehmen ber\u00fchrt werden, ein sicheres und gesundes Arbeitsumfeld zu bieten. Den Arbeitsschutz erachten wir als einen wichtigen Unternehmenswert, der in alle Aspekte unserer Aktivit\u00e4ten einbezogen werden muss. Leistungsf\u00e4higes Arbeits- und Gesundheitsmanagement Wir integrieren die Arbeitsschutzziele auf allen Ebenen unserer [&hellip;]<\/p>\n","protected":false},"author":6,"featured_media":0,"parent":0,"menu_order":0,"comment_status":"closed","ping_status":"closed","template":"","meta":{"_acf_changed":false,"footnotes":""},"class_list":["post-2249","page","type-page","status-publish","hentry"],"acf":[],"_links":{"self":[{"href":"https:\/\/www.eckerle-gruppe.com\/de\/wp-json\/wp\/v2\/pages\/2249","targetHints":{"allow":["GET"]}}],"collection":[{"href":"https:\/\/www.eckerle-gruppe.com\/de\/wp-json\/wp\/v2\/pages"}],"about":[{"href":"https:\/\/www.eckerle-gruppe.com\/de\/wp-json\/wp\/v2\/types\/page"}],"author":[{"embeddable":true,"href":"https:\/\/www.eckerle-gruppe.com\/de\/wp-json\/wp\/v2\/users\/6"}],"replies":[{"embeddable":true,"href":"https:\/\/www.eckerle-gruppe.com\/de\/wp-json\/wp\/v2\/comments?post=2249"}],"version-history":[{"count":3,"href":"https:\/\/www.eckerle-gruppe.com\/de\/wp-json\/wp\/v2\/pages\/2249\/revisions"}],"predecessor-version":[{"id":8106,"href":"https:\/\/www.eckerle-gruppe.com\/de\/wp-json\/wp\/v2\/pages\/2249\/revisions\/8106"}],"wp:attachment":[{"href":"https:\/\/www.eckerle-gruppe.com\/de\/wp-json\/wp\/v2\/media?parent=2249"}],"curies":[{"name":"wp","href":"https:\/\/api.w.org\/{rel}","templated":true}]}}