{"id":1107,"date":"2020-11-19T20:41:31","date_gmt":"2020-11-19T20:41:31","guid":{"rendered":"https:\/\/eckerle-gruppe.com\/?page_id=1107"},"modified":"2023-11-06T15:21:33","modified_gmt":"2023-11-06T15:21:33","slug":"qualitat","status":"publish","type":"page","link":"https:\/\/www.eckerle-gruppe.com\/de\/qualitat\/","title":{"rendered":"Qualit\u00e4tsleitlinien"},"content":{"rendered":"\n<h3 class=\"wp-block-heading\">Qualit\u00e4tsleitlinien und Zertifikate<\/h3>\n\n\n\n<p>Bei Eckerle stehen Qualit\u00e4t in jeder Technologie und bei jedem Produkt an erster Reihe.<\/p>\n\n\n\n<h3 class=\"wp-block-heading\">Qualit\u00e4tsleitlinien<\/h3>\n\n\n\n<p>Der Qualit\u00e4tsgedanke steht bei Eckerle an erster Stelle. Wir liefern unseren Kunden qualitativ hochwertige Produkte und bieten qualitativ anspruchsvolle Dienstleistungen.<\/p>\n\n\n\n<ol class=\"wp-block-list\">\n<li><strong>Die Zufriedenheit unserer Kunden ist der Schl\u00fcssel zum Erfolg<\/strong><br>Deshalb m\u00f6chten wir die vom Kunden gew\u00fcnschte Qualit\u00e4t liefern, termingerecht und zu marktgerechten Preisen. Dasselbe gilt auch f\u00fcr unsere Vorlieferanten.&nbsp;<\/li>\n\n\n\n<li><strong>Den Ma\u00dfstab f\u00fcr unsere Qualit\u00e4t setzt der Kunde<br><\/strong>Daran orientieren wir uns. Die Einhaltung ist unser oberstes Ziel, denn sie bestimmt auch die Entwicklung unseres Unternehmens.&nbsp;<\/li>\n\n\n\n<li><strong>&#8222;Null-Fehler-Quote&#8220;<\/strong><br>Hierdurch erreichen wir optimale Kosten und erhalten damit die Wirtschaftlichkeit unseres Unternehmens, was jedem Mitarbeiter durch die Beteiligung am Betriebsergebnis zugute kommt.&nbsp;<\/li>\n\n\n\n<li><strong>Termintreue<\/strong><br>Vereinbarte Termine halten wir ein. Anfragen, Angebote, Musteranfragen, Reklamationen bearbeiten wir umgehend und mit Sorgfalt.&nbsp;<\/li>\n\n\n\n<li><strong>Mitarbeiterverantwortung<\/strong><br>Jeder Mitarbeiter ist ein wichtiger Teil des Ganzen und tr\u00e4gt somit zur Erreichung der Qualit\u00e4tsziele bei. Ganz gleich welche Position er im Unternehmen inne hat. Erkennt er ein Qualit\u00e4tsrisiko, vermeidet er es im Rahmen seiner Befugnisse, ansonsten teilt er es umgehend dem n\u00e4chsten Vorgesetzten mit.&nbsp;<\/li>\n\n\n\n<li><strong>Fehlervermeidung statt Fehlerbeseitigung<\/strong><br>Damit Fehler erst gar nicht entstehen, setzen wir konsequent erprobte Ma\u00dfnahmen zur Vermeidung und zu deren Erkennung ein.&nbsp;<\/li>\n\n\n\n<li><strong>Qualit\u00e4t &#8211; eine wichtige F\u00fchrungsaufgabe<\/strong><br>Realisiert wird sie von der Unternehmensf\u00fchrung durch Zielvereinbarungen mit den Mitarbeitern. So wird sie messbar und flie\u00dft ma\u00dfgeblich in die Leistungsbeurteilung des Einzelnen ein.&nbsp;<\/li>\n\n\n\n<li><strong>Nur mit guten Zulieferern sind wir gut<\/strong><br>Auch f\u00fcr unsere Zulieferer gelten unsere Qualit\u00e4tsanforderungen. Denn nur wenn auch sie gute Qualit\u00e4t liefern, k\u00f6nnen wir die Kundenziele erreichen.&nbsp;<\/li>\n\n\n\n<li><strong>Umwelt und Gesellschaft f\u00fchlen wir uns in besonderem Ma\u00dfe verpflichtet<br><\/strong>Wir pflegen einen schonenden Umgang mit Energie und Rohstoffen und engagieren uns auch \u00fcber die betrieblichen Belange hinaus.&nbsp;<\/li>\n\n\n\n<li><strong>Unsere Qualit\u00e4tsleitlinien betrachten wir als verbindlich<\/strong><br>Jeder Mitarbeiter ist verpflichtet, die Qualit\u00e4tsrichtlinien einzuhalten.<\/li>\n<\/ol>\n\n\n\n<h3 class=\"wp-block-heading\"><\/h3>\n\n\n\n\n\n<p><a rel=\"noreferrer noopener\" href=\"https:\/\/www.eckerle-gruppe.com\/wp-content\/uploads\/2022\/03\/V1_Quality-guidelines_DE.pdf\" target=\"_blank\">Qualit\u00e4tsleitlinien<\/a><\/p>\n","protected":false},"excerpt":{"rendered":"<p>Qualit\u00e4tsleitlinien und Zertifikate Bei Eckerle stehen Qualit\u00e4t in jeder Technologie und bei jedem Produkt an erster Reihe. Qualit\u00e4tsleitlinien Der Qualit\u00e4tsgedanke steht bei Eckerle an erster Stelle. Wir liefern unseren Kunden qualitativ hochwertige Produkte und bieten qualitativ anspruchsvolle Dienstleistungen. Qualit\u00e4tsleitlinien<\/p>\n","protected":false},"author":6,"featured_media":0,"parent":0,"menu_order":0,"comment_status":"closed","ping_status":"closed","template":"","meta":{"_acf_changed":false,"footnotes":""},"class_list":["post-1107","page","type-page","status-publish","hentry"],"acf":[],"_links":{"self":[{"href":"https:\/\/www.eckerle-gruppe.com\/de\/wp-json\/wp\/v2\/pages\/1107","targetHints":{"allow":["GET"]}}],"collection":[{"href":"https:\/\/www.eckerle-gruppe.com\/de\/wp-json\/wp\/v2\/pages"}],"about":[{"href":"https:\/\/www.eckerle-gruppe.com\/de\/wp-json\/wp\/v2\/types\/page"}],"author":[{"embeddable":true,"href":"https:\/\/www.eckerle-gruppe.com\/de\/wp-json\/wp\/v2\/users\/6"}],"replies":[{"embeddable":true,"href":"https:\/\/www.eckerle-gruppe.com\/de\/wp-json\/wp\/v2\/comments?post=1107"}],"version-history":[{"count":17,"href":"https:\/\/www.eckerle-gruppe.com\/de\/wp-json\/wp\/v2\/pages\/1107\/revisions"}],"predecessor-version":[{"id":8108,"href":"https:\/\/www.eckerle-gruppe.com\/de\/wp-json\/wp\/v2\/pages\/1107\/revisions\/8108"}],"wp:attachment":[{"href":"https:\/\/www.eckerle-gruppe.com\/de\/wp-json\/wp\/v2\/media?parent=1107"}],"curies":[{"name":"wp","href":"https:\/\/api.w.org\/{rel}","templated":true}]}}