{"id":1098,"date":"2020-11-19T20:39:57","date_gmt":"2020-11-19T20:39:57","guid":{"rendered":"https:\/\/eckerle-gruppe.com\/?page_id=1098"},"modified":"2024-06-04T15:05:39","modified_gmt":"2024-06-04T15:05:39","slug":"datenschutzerklaerung","status":"publish","type":"page","link":"https:\/\/www.eckerle-gruppe.com\/de\/datenschutzerklaerung\/","title":{"rendered":"Datenschutzerkl\u00e4rung"},"content":{"rendered":"\n<h2 class=\"wp-block-heading\">Informationspflicht nach Artikel 13 DSVGO<\/h2>\n\n\n\n<p><a rel=\"noreferrer noopener\" href=\"https:\/\/www.eckerle-gruppe.com\/wp-content\/uploads\/2021\/02\/info-customers-interested-parties-eckerle-de-v2-0.pdf\" target=\"_blank\">Information Kunden<\/a><br><a rel=\"noreferrer noopener\" href=\"https:\/\/www.eckerle-gruppe.com\/wp-content\/uploads\/2021\/02\/info-suppliers-eckerle-de-v2-0.pdf\" target=\"_blank\">Information Lieferanten<\/a>&nbsp;<\/p>\n\n\n\n<h3 class=\"wp-block-heading\">1. Einleitung<\/h3>\n\n\n\n<p>Mit den folgenden Informationen m\u00f6chten wir Ihnen als &#8222;betroffener Person&#8220; einen \u00dcberblick \u00fcber die Verarbeitung Ihrer personenbezogenen Daten durch uns und Ihre Rechte aus den Datenschutzgesetzen geben. Eine Nutzung unserer Internetseiten ist grunds\u00e4tzlich ohne Eingabe personenbezogener Daten m\u00f6glich. Sofern Sie besondere Services unseres Unternehmens \u00fcber unsere Internetseite in Anspruch nehmen m\u00f6chten, k\u00f6nnte jedoch eine Verarbeitung personenbezogener Daten erforderlich werden. Ist die Verarbeitung personenbezogener Daten erforderlich und besteht f\u00fcr eine solche Verarbeitung keine gesetzliche Grundlage, holen wir generell eine Einwilligung von Ihnen ein.<\/p>\n\n\n\n<p>Die Verarbeitung von personenbezogenen Daten, beispielsweise Ihres Namens, der Anschrift oder der E-Mail-Adresse, erfolgt stets im Einklang mit der Datenschutz-Grundverordnung (DS-GVO) und in \u00dcbereinstimmung mit den f\u00fcr die &#8222;Eckerle Holding GmbH&#8220; geltenden landesspezifischen Datenschutzbestimmungen. Mittels dieser Datenschutzerkl\u00e4rung m\u00f6chten wir Sie \u00fcber Umfang und Zweck der von uns erhobenen, genutzten und verarbeiteten personenbezogenen Daten informieren.<\/p>\n\n\n\n<p>Wir haben als f\u00fcr die Verarbeitung Verantwortliche zahlreiche technische und organisatorische Ma\u00dfnahmen umgesetzt, um einen m\u00f6glichst l\u00fcckenlosen Schutz der \u00fcber diese Internetseite verarbeiteten personenbezogenen Daten sicherzustellen. Dennoch k\u00f6nnen internetbasierte Daten\u00fcbertragungen grunds\u00e4tzlich Sicherheitsl\u00fccken aufweisen, sodass ein absoluter Schutz nicht gew\u00e4hrleistet werden kann. Aus diesem Grund steht es Ihnen frei, personenbezogene Daten auch auf alternativen Wegen, beispielsweise telefonisch oder per Post, an uns zu \u00fcbermitteln.<\/p>\n\n\n\n<p>Auch Sie k\u00f6nnen einfache und leicht umzusetzende Ma\u00dfnahmen ergreifen, um sich gegen den unbefugten Zugang Dritter zu Ihren Daten zu sch\u00fctzen. Daher m\u00f6chten wir Ihnen an dieser Stelle einige Hinweise zum sicheren Umgang mit Ihren Daten geben:&nbsp;<\/p>\n\n\n\n<p>l Sch\u00fctzen Sie Ihren Account (Login, Nutzer- oder Kundenkonto) und Ihr IT-System (Computer, Laptop, Tablet oder Mobile-Ger\u00e4t) mit sicheren Passw\u00f6rtern.<\/p>\n\n\n\n<p>l Nur Sie sollten Zugang zu den Passw\u00f6rtern haben.<\/p>\n\n\n\n<p>l Stellen Sie sicher, dass Sie Ihre Passw\u00f6rter immer nur f\u00fcr einen Account (Login, Nutzer- oder Kundenkonto) nutzen.<\/p>\n\n\n\n<p>l Verwenden Sie ein Passwort nicht f\u00fcr verschiedene Webseiten, Anwendungen oder Online-Services.<\/p>\n\n\n\n<p>l Insbesondere bei der Nutzung von \u00f6ffentlich zug\u00e4nglichen oder gemeinsam mit anderen Personen genutzten IT-Systemen gilt: Sie sollten sich unbedingt nach jeder Anmeldung auf einer Webseite, einer Anwendung oder einem Online-Service wieder abmelden.<\/p>\n\n\n\n<p>Passw\u00f6rter sollten aus mindestens 12 Zeichen bestehen und so gew\u00e4hlt werden, dass sie nicht leicht erraten werden k\u00f6nnen. Daher sollten sie keine g\u00e4ngigen W\u00f6rter aus dem Alltag, den eigenen Namen oder Namen von Verwandten, sondern Gro\u00df- und Kleinschreibung, Zahlen und Sonderzeichen enthalten.<\/p>\n\n\n\n<h3 class=\"wp-block-heading\">2. Verantwortlicher<\/h3>\n\n\n\n<p>Verantwortlicher im Sinne der DS-GVO ist die:<\/p>\n\n\n\n<p>Eckerle Holding GmbH<\/p>\n\n\n\n<p>Industriestra\u00dfe 15, 77833 Ottersweier, Deutschland<\/p>\n\n\n\n<p>Telefon: 07223 \/ 9843-0<\/p>\n\n\n\n<p>Telefax: 07223 \/ 9843-134<\/p>\n\n\n\n<p>E-Mail: info@de.eckerle-gruppe.com<\/p>\n\n\n\n<p>Vertreter des Verantwortlichen: Andreas G\u00f6hring<\/p>\n\n\n\n<h3 class=\"wp-block-heading\">3. Datenschutzbeauftragter<\/h3>\n\n\n\n<p>Den Datenschutzbeauftragten erreichen Sie wie folgt:<\/p>\n\n\n\n<p>E-Mail: datenschutz@eckerle-gruppe.com<\/p>\n\n\n\n<p>Sie k\u00f6nnen sich jederzeit bei allen Fragen und Anregungen zum Datenschutz direkt an unseren Datenschutzbeauftragten wenden.<\/p>\n\n\n\n<h3 class=\"wp-block-heading\">4. Technik<\/h3>\n\n\n\n<h4 class=\"wp-block-heading\">4.1 SSL\/TLS-Verschl\u00fcsselung<\/h4>\n\n\n\n<p>Diese Seite nutzt zur <strong>Gew\u00e4hrleistung<\/strong> der Sicherheit der Datenverarbeitung und zum Schutz der \u00dcbertragung vertraulicher Inhalte, wie zum Beispiel Bestellungen, Login-Daten oder Kontaktanfragen, die Sie an uns als Betreiber senden, eine SSL-bzw. TLS-Verschl\u00fcsselung. Eine verschl\u00fcsselte Verbindung erkennen Sie daran, dass in der Adresszeile des Browsers statt einem &#8222;http:\/\/&#8220; ein &#8222;https:\/\/&#8220; steht und an dem Schloss-Symbol in Ihrer Browserzeile.<\/p>\n\n\n\n<p>Wir setzen diese Technologie ein, um Ihre \u00fcbermittelten Daten zu sch\u00fctzen.<\/p>\n\n\n\n<h4 class=\"wp-block-heading\">4.2 Datenerfassung beim Besuch der Internetseite<\/h4>\n\n\n\n<p>Bei der lediglich informatorischen Nutzung unserer Webseite, wenn Sie sich nicht registrieren oder uns anderweitig Informationen \u00fcbermitteln oder keine Einwilligung in einwilligungspflichtige Verarbeitungen geben, erheben wir nur solche Daten, die f\u00fcr die Bereitstellung des Dienstes technisch unbedingt notwendig sind. Dies sind regelm\u00e4\u00dfig Daten, die Ihr Browser an unseren Server \u00fcbermittelt (&#8222;in sog. Server-Logfiles&#8220;). Unsere Internetseite erfasst mit jedem Aufruf einer Seite durch Sie oder ein automatisiertes System eine Reihe von allgemeinen Daten und Informationen. Diese allgemeinen Daten und Informationen werden in den Logfiles des Servers gespeichert. Erfasst werden k\u00f6nnen:<\/p>\n\n\n\n<p>1. verwendeten Browsertypen und Versionen,<\/p>\n\n\n\n<p>2. das vom zugreifenden System verwendete Betriebssystem,<\/p>\n\n\n\n<p>3. die Internetseite, von welcher ein zugreifendes System auf unsere Internetseite gelangt (sogenannte Referrer),<\/p>\n\n\n\n<p>4. die Unterwebseiten, welche \u00fcber ein zugreifendes System auf unserer Internetseite angesteuert werden,<\/p>\n\n\n\n<p>5. das Datum und die Uhrzeit eines Zugriffs auf die Internetseite,<\/p>\n\n\n\n<p>6. eine gek\u00fcrzte Internet-Protokoll-Adresse (anonymisierte IP-Adresse) sowie,<\/p>\n\n\n\n<p>7. der Internet-Service-Provider des zugreifenden Systems.<\/p>\n\n\n\n<p>Bei der Nutzung dieser allgemeinen Daten und Informationen ziehen wir keine R\u00fcckschl\u00fcsse auf Ihre Person. Diese Informationen werden vielmehr ben\u00f6tigt, um<\/p>\n\n\n\n<p>1. die Inhalte unserer Internetseite korrekt auszuliefern,<\/p>\n\n\n\n<p>2. die Inhalte unserer Internetseite sowie die Werbung f\u00fcr diese zu optimieren,<\/p>\n\n\n\n<p>3. die dauerhafte Funktionsf\u00e4higkeit unserer IT-Systeme und der Technik unserer Internetseite zu gew\u00e4hrleisten sowie<\/p>\n\n\n\n<p>4. um Strafverfolgungsbeh\u00f6rden im Falle eines Cyberangriffes die zur Strafverfolgung notwendigen Informationen bereitzustellen.<\/p>\n\n\n\n<p>Diese erhobenen Daten und Informationen werden durch uns daher einerseits statistisch und andererseits mit dem Ziel ausgewertet, den Datenschutz und die Datensicherheit in unserem Unternehmen zu erh\u00f6hen, um letztlich ein optimales Schutzniveau f\u00fcr die von uns verarbeiteten personenbezogenen Daten sicherzustellen. Die anonymen Daten der Server-Logfiles werden getrennt von allen durch eine betroffene Person angegebenen personenbezogenen Daten gespeichert.<\/p>\n\n\n\n<p>Die Rechtsgrundlage f\u00fcr die Datenverarbeitung ist Art. 6 Abs. 1 lit. f) DS-GVO. Unser berechtigtes Interesse folgt aus oben aufgelisteten Zwecken zur Datenerhebung.<\/p>\n\n\n\n<h3 class=\"wp-block-heading\">5. Cookies<\/h3>\n\n\n\n<h4 class=\"wp-block-heading\">5.1 Es werden keine Cookies verwendet<\/h4>\n\n\n\n<p>Wir setzen auf unserer Internetseite weder technisch notwendige noch andere Formen von Cookies ein. Sie bekommen daher auch keinen Cookiehinweis zu sehen und es werden keine Einwilligungen zur Nutzung von Cookies eingeholt.<\/p>\n\n\n\n<h3 class=\"wp-block-heading\">6. Inhalte unserer Internetseite<\/h3>\n\n\n\n<h4 class=\"wp-block-heading\">6.1 Kontaktaufnahme \/ Kontaktformular<\/h4>\n\n\n\n<p>Im Rahmen der Kontaktaufnahme mit uns (z.B. per Kontaktformular oder E-Mail) werden personenbezogene Daten erhoben. Welche Daten im Falle der Nutzung eines Kontaktformulars erhoben werden, ist aus dem jeweiligen Kontaktformular ersichtlich. Diese Daten werden ausschlie\u00dflich zum Zwecke der Beantwortung Ihres Anliegens bzw. f\u00fcr die Kontaktaufnahme und die damit verbundene technische Administration gespeichert und verwendet. Rechtsgrundlage f\u00fcr die Verarbeitung der Daten ist unser berechtigtes Interesse an der Beantwortung Ihres Anliegens gem\u00e4\u00df Art. 6 Abs. 1 lit. f) DS-GVO. Zielt Ihre Kontaktaufnahme auf den Abschluss eines Vertrages ab, so ist zus\u00e4tzliche Rechtsgrundlage f\u00fcr die Verarbeitung Art. 6 Abs. 1 lit. b) DS-GVO. Ihre Daten werden nach abschlie\u00dfender Bearbeitung Ihrer Anfrage gel\u00f6scht, dies ist der Fall, wenn sich aus den Umst\u00e4nden entnehmen l\u00e4sst, dass der betroffene Sachverhalt abschlie\u00dfend gekl\u00e4rt ist und der L\u00f6schung keine gesetzlichen Aufbewahrungspflichten entgegenstehen.<\/p>\n\n\n\n<h4 class=\"wp-block-heading\">6.2 Bewerbungsmanagement \/ Stellenb\u00f6rse<\/h4>\n\n\n\n<p>Wir erheben und verarbeiten die personenbezogenen Daten von Bewerbern zum Zwecke der Abwicklung des Bewerbungsverfahrens. Die Verarbeitung kann auch auf elektronischem Wege erfolgen. Dies ist insbesondere dann der Fall, wenn ein Bewerber entsprechende Bewerbungsunterlagen auf dem elektronischen Wege, beispielsweise per E-Mail oder \u00fcber ein auf der Webseite befindliches Webformular, an uns \u00fcbermittelt. Schlie\u00dfen wir einen Arbeits- oder Dienstvertrag mit einem Bewerber, werden die \u00fcbermittelten Daten zum Zwecke der Abwicklung des Besch\u00e4ftigungsverh\u00e4ltnisses unter Beachtung der gesetzlichen Vorschriften gespeichert. Wird von uns kein Vertrag mit dem Bewerber geschlossen, so werden die Bewerbungsunterlagen zwei Monate nach Bekanntgabe der Absageentscheidung automatisch gel\u00f6scht, sofern einer L\u00f6schung keine sonstigen berechtigten Interessen unsererseits entgegenstehen. Ein sonstiges berechtigtes Interesse in diesem Sinne ist beispielsweise eine Beweispflicht in einem Verfahren nach dem Allgemeinen Gleichbehandlungsgesetz (AGG).<\/p>\n\n\n\n<p>Die Rechtsgrundlage der Verarbeitung Ihrer Daten ist Art. 6 Abs. 1 lit. b), 88 DS-GVO i.V.m. \u00a7 26 Abs. 1 BDSG.<\/p>\n\n\n\n<h3 class=\"wp-block-heading\">7. Unsere Aktivit\u00e4ten in sozialen Netzwerken<\/h3>\n\n\n\n<p>Damit wir mit Ihnen auch in sozialen Netzwerken kommunizieren und Sie \u00fcber unsere Leistungen informieren k\u00f6nnen, sind wir dort mit eigenen Seiten vertreten. Wenn Sie eine unserer Social-Media-Seiten besuchen, sind wir hinsichtlich der dadurch ausgel\u00f6sten Verarbeitungsvorg\u00e4nge, im Sinne des Art. 26 DS-GVO, mit dem Anbieter der jeweiligen Social-Media-Plattform gemeinsam f\u00fcr die Verarbeitung verantwortlich.<\/p>\n\n\n\n<p>Wir sind dabei nicht der origin\u00e4re Anbieter dieser Seiten, sondern nutzen diese lediglich im Rahmen der uns durch die jeweiligen Anbieter gebotenen M\u00f6glichkeiten.<\/p>\n\n\n\n<p>Daher weisen wir vorsorglich darauf hin, dass Ihre Daten m\u00f6glicherweise auch au\u00dferhalb der Europ\u00e4ischen Union bzw. des Europ\u00e4ischen Wirtschaftsraumes verarbeitet werden. Eine Nutzung kann daher mit Datenschutzrisiken f\u00fcr Sie verbunden sein, da die Wahrung Ihrer Rechte z.B. auf Auskunft, L\u00f6schung, Widerspruch, etc. erschwert sein k\u00f6nnte und die Verarbeitung in den sozialen Netzwerken h\u00e4ufig direkt zu Werbezwecken oder zur Analyse des Nutzerverhaltens durch die Anbieter erfolgt, ohne dass dies durch uns beeinflusst werden kann. Werden durch den Anbieter Nutzungsprofile angelegt, werden dabei h\u00e4ufig Cookies eingesetzt bzw. das Nutzungsverhalten dem von Ihnen erstellten eigenen Mitgliedprofil der sozialen Netzwerke zugeordnet.<\/p>\n\n\n\n<p>Die beschriebenen Verarbeitungsvorg\u00e4nge personenbezogener Daten erfolgen gem\u00e4\u00df Art. 6 Abs. 1 lit. f) DS-GVO auf Basis unseres berechtigten Interesses und des berechtigten Interesses des jeweiligen Anbieters, um mit Ihnen in einer zeitgem\u00e4\u00dfen Art und Weise kommunizieren bzw. Sie \u00fcber unsere Leistungen informieren zu k\u00f6nnen. M\u00fcssen Sie bei den jeweiligen Anbietern eine Einwilligung zur Datenverarbeitung als Nutzer abgeben, bezieht sich die Rechtsgrundlage auf Art. 6 Abs. 1 lit. a) DS-GVO i.V.m. Art. 7 DS-GVO.<\/p>\n\n\n\n<p>Da wir keine Zugriffe auf die Datenbest\u00e4nde der Anbieter haben, weisen wir darauf hin, dass Sie Ihre Rechte (z.B. auf Auskunft, Berichtigung, L\u00f6schung, etc.) am besten direkt bei dem jeweiligen Anbieter gelten machen. Weiterf\u00fchrende Informationen zur Verarbeitung Ihrer Daten in den sozialen Netzwerken haben wir nachfolgend bei dem jeweiligen von uns eingesetzten Anbieter sozialer Netzwerke aufgef\u00fchrt:<\/p>\n\n\n\n<h4 class=\"wp-block-heading\">7.1 Facebook<\/h4>\n\n\n\n<p>(Mit-) Verantwortlicher f\u00fcr die Datenverarbeitung in Europa:<\/p>\n\n\n\n<p>Meta Platforms Ireland Ltd., 4 Grand Canal Square, Grand Canal Harbour, Dublin 2, Irland<\/p>\n\n\n\n<p>Datenschutzerkl\u00e4rung (Datenrichtlinie):<\/p>\n\n\n\n<figure class=\"wp-block-embed\"><div class=\"wp-block-embed__wrapper\">\nhttps:\/\/www.facebook.com\/about\/privacy\n<\/div><\/figure>\n\n\n\n<h4 class=\"wp-block-heading\">7.2 Instagram<\/h4>\n\n\n\n<p>(Mit-) Verantwortlicher f\u00fcr die Datenverarbeitung in Deutschland:<\/p>\n\n\n\n<p>Meta Platforms Ireland Ltd., 4 Grand Canal Square, Grand Canal Harbour, Dublin 2, Irland<\/p>\n\n\n\n<p>Datenschutzerkl\u00e4rung (Datenrichtlinie):<\/p>\n\n\n\n<figure class=\"wp-block-embed\"><div class=\"wp-block-embed__wrapper\">\nhttps:\/\/instagram.com\/legal\/privacy\n<\/div><\/figure>\n\n\n\n<h4 class=\"wp-block-heading\">7.3 LinkedIn<\/h4>\n\n\n\n<p>(Mit-) Verantwortlicher f\u00fcr die Datenverarbeitung in Europa:<\/p>\n\n\n\n<p>LinkedIn Ireland Unlimited Company Wilton Place, Dublin 2, Irland<\/p>\n\n\n\n<p>Datenschutzerkl\u00e4rung:<\/p>\n\n\n\n<figure class=\"wp-block-embed\"><div class=\"wp-block-embed__wrapper\">\nhttps:\/\/www.linkedin.com\/legal\/privacy-policy\n<\/div><\/figure>\n\n\n\n<h4 class=\"wp-block-heading\">7.4 XING (New Work SE)<\/h4>\n\n\n\n<p>(Mit-) Verantwortlicher f\u00fcr die Datenverarbeitung in Deutschland:<\/p>\n\n\n\n<p>New Work SE, Am Strandkai 1, 20457 Hamburg, Deutschland<\/p>\n\n\n\n<p>Datenschutzerkl\u00e4rung:<\/p>\n\n\n\n<figure class=\"wp-block-embed\"><div class=\"wp-block-embed__wrapper\">\nhttps:\/\/privacy.xing.com\/de\/datenschutzerklaerung\n<\/div><\/figure>\n\n\n\n<p>Auskunftsanfragen f\u00fcr XING Mitglieder:<\/p>\n\n\n\n<figure class=\"wp-block-embed\"><div class=\"wp-block-embed__wrapper\">\nhttps:\/\/www.xing.com\/settings\/privacy\/data\/disclosure\n<\/div><\/figure>\n\n\n\n<h3 class=\"wp-block-heading\">8. Ihre Rechte als betroffene Person<\/h3>\n\n\n\n<h4 class=\"wp-block-heading\">8.1 Recht auf Best\u00e4tigung<\/h4>\n\n\n\n<p>Sie haben das Recht, von uns eine Best\u00e4tigung dar\u00fcber zu verlangen, ob Sie betreffende personenbezogene Daten verarbeitet werden.<\/p>\n\n\n\n<h4 class=\"wp-block-heading\">8.2 Recht auf Auskunft Art. 15 DS-GVO<\/h4>\n\n\n\n<p>Sie haben das Recht, jederzeit von uns unentgeltliche Auskunft \u00fcber die zu Ihrer Person gespeicherten personenbezogenen Daten sowie eine Kopie dieser Daten nach Ma\u00dfgabe der gesetzlichen Bestimmungen zu erhalten.<\/p>\n\n\n\n<h4 class=\"wp-block-heading\">8.3 Recht auf Berichtigung Art. 16 DS-GVO<\/h4>\n\n\n\n<p>Sie haben das Recht, die Berichtigung Sie betreffender unrichtiger personenbezogener Daten zu verlangen. Ferner steht Ihnen das Recht zu, unter Ber\u00fccksichtigung der Zwecke der Verarbeitung, die Vervollst\u00e4ndigung unvollst\u00e4ndiger personenbezogener Daten zu verlangen.<\/p>\n\n\n\n<h4 class=\"wp-block-heading\">8.4 L\u00f6schung Art. 17 DS-GVO<\/h4>\n\n\n\n<p>Sie haben das Recht, von uns zu verlangen, dass die Sie betreffenden personenbezogenen Daten unverz\u00fcglich gel\u00f6scht werden, sofern einer der gesetzlich vorgesehenen Gr\u00fcnde zutrifft und soweit die Verarbeitung bzw. Speicherung nicht erforderlich ist.<\/p>\n\n\n\n<h4 class=\"wp-block-heading\">8.5 Einschr\u00e4nkung der Verarbeitung Art. 18 DS-GVO<\/h4>\n\n\n\n<p>Sie haben das Recht, von uns die Einschr\u00e4nkung der Verarbeitung zu verlangen, wenn eine der gesetzlichen Voraussetzungen gegeben ist.<\/p>\n\n\n\n<h4 class=\"wp-block-heading\">8.6 Daten\u00fcbertragbarkeit Art. 20 DS-GVO<\/h4>\n\n\n\n<p>Sie haben das Recht, die Sie betreffenden personenbezogenen Daten, welche uns durch Sie bereitgestellt wurden, in einem strukturierten, g\u00e4ngigen und maschinenlesbaren Format zu erhalten. Sie haben au\u00dferdem das Recht, diese Daten einem anderen Verantwortlichen ohne Behinderung durch uns, dem die personenbezogenen Daten bereitgestellt wurden, zu \u00fcbermitteln, sofern die Verarbeitung auf der Einwilligung gem\u00e4\u00df Art. 6 Abs. 1 lit. a) DS-GVO oder Art. 9 Abs. 2 lit. a) DS-GVO oder auf einem Vertrag gem\u00e4\u00df Art. 6 Abs. 1 lit. b) DS-GVO beruht und die Verarbeitung mithilfe automatisierter Verfahren erfolgt, sofern die Verarbeitung nicht f\u00fcr die Wahrnehmung einer Aufgabe erforderlich ist, die im \u00f6ffentlichen Interesse liegt oder in Aus\u00fcbung \u00f6ffentlicher Gewalt erfolgt, welche uns \u00fcbertragen wurde.<\/p>\n\n\n\n<p>Ferner haben Sie bei der Aus\u00fcbung Ihres Rechts auf Daten\u00fcbertragbarkeit gem\u00e4\u00df Art. 20 Abs. 1 DS-GVO das Recht, zu erwirken, dass die personenbezogenen Daten direkt von einem Verantwortlichen an einen anderen Verantwortlichen \u00fcbermittelt werden, soweit dies technisch machbar ist und sofern hiervon nicht die Rechte und Freiheiten anderer Personen beeintr\u00e4chtigt werden.<\/p>\n\n\n\n<h4 class=\"wp-block-heading\">8.7 Widerspruch Art. 21 DS-GVO<\/h4>\n\n\n\n<p>Sie haben das Recht, aus Gr\u00fcnden, die sich aus Ihrer besonderen Situation ergeben, jederzeit gegen die Verarbeitung Sie betreffender personenbezogener Daten, die aufgrund von Art. 6 Abs. 1 lit. e) (Datenverarbeitung im \u00f6ffentlichen Interesse) oder f (Datenverarbeitung auf Grundlage einer Interessenabw\u00e4gung) DS-GVO erfolgt, Widerspruch einzulegen.<\/p>\n\n\n\n<p>Dies gilt auch f\u00fcr ein auf diese Bestimmungen gest\u00fctztes Profiling im Sinne von Art. 4 Nr. 4 DS-GVO.<\/p>\n\n\n\n<p>Legen Sie Widerspruch ein, werden wir Ihre personenbezogenen Daten nicht mehr verarbeiten, es sei denn, wir k\u00f6nnen zwingende berechtigte Gr\u00fcnde f\u00fcr die Verarbeitung nachweisen, die Ihre Interessen, Rechte und Freiheiten \u00fcberwiegen, oder sofern die Verarbeitung der Geltendmachung, Aus\u00fcbung oder Verteidigung von Rechtsanspr\u00fcchen dient.<\/p>\n\n\n\n<p>In Einzelf\u00e4llen verarbeiten wir personenbezogene Daten, um Direktwerbung zu betreiben. Sie k\u00f6nnen jederzeit Widerspruch gegen die Verarbeitung der personenbezogenen Daten zum Zwecke derartiger Werbung einlegen. Dies gilt auch f\u00fcr das Profiling, soweit es mit solcher Direktwerbung in Verbindung steht. Widersprechen Sie gegen\u00fcber uns der Verarbeitung f\u00fcr Zwecke der Direktwerbung, so werden wir die personenbezogenen Daten nicht mehr f\u00fcr diese Zwecke verarbeiten.<\/p>\n\n\n\n<p>Zudem haben Sie das Recht, aus Gr\u00fcnden, die sich aus Ihrer besonderen Situation ergeben, gegen die Sie betreffende Verarbeitung personenbezogener Daten, die bei uns zu wissenschaftlichen oder historischen Forschungszwecken oder zu statistischen Zwecken gem\u00e4\u00df Art. 89 Abs. 1 DS-GVO erfolgen, Widerspruch einzulegen, es sei denn, eine solche Verarbeitung ist zur Erf\u00fcllung einer im \u00f6ffentlichen Interesse liegenden Aufgabe erforderlich.<\/p>\n\n\n\n<p>Ihnen steht es frei, im Zusammenhang mit der Nutzung von Diensten der Informationsgesellschaft, ungeachtet der Richtlinie 2002\/58\/EG, Ihr Widerspruchsrecht mittels automatisierter Verfahren auszu\u00fcben, bei denen technische Spezifikationen verwendet werden.<\/p>\n\n\n\n<h4 class=\"wp-block-heading\"><strong>8.8 Widerruf einer datenschutzrechtlichen Einwilligung<\/strong><\/h4>\n\n\n\n<p>Sie haben das Recht, eine Einwilligung zur Verarbeitung personenbezogener Daten jederzeit mit Wirkung f\u00fcr die Zukunft zu widerrufen.<\/p>\n\n\n\n<h4 class=\"wp-block-heading\">8.9 Beschwerde bei einer Aufsichtsbeh\u00f6rde<\/h4>\n\n\n\n<p>Sie haben das Recht, sich bei einer f\u00fcr Datenschutz zust\u00e4ndigen Aufsichtsbeh\u00f6rde \u00fcber unsere Verarbeitung personenbezogener Daten zu beschweren.<\/p>\n\n\n\n<h4 class=\"wp-block-heading\">9. Routinem\u00e4\u00dfige Speicherung, L\u00f6schung und Sperrung von personenbezogenen Daten<\/h4>\n\n\n\n<p>Wir verarbeiten und speichern Ihre personenbezogenen Daten nur f\u00fcr den Zeitraum, der zur Erreichung des Speicherungszwecks erforderlich ist oder sofern dies durch die Rechtsvorschriften, welchen unser Unternehmen unterliegt, vorgesehen wurde.<\/p>\n\n\n\n<p>Entf\u00e4llt der Speicherungszweck oder l\u00e4uft eine vorgeschriebene Speicherfrist ab, werden die personenbezogenen Daten routinem\u00e4\u00dfig und entsprechend den gesetzlichen Vorschriften gesperrt oder gel\u00f6scht.<\/p>\n\n\n\n<h3 class=\"wp-block-heading\">10. Dauer der Speicherung von personenbezogenen Daten<\/h3>\n\n\n\n<p>Das Kriterium f\u00fcr die Dauer der Speicherung von personenbezogenen Daten ist die jeweilige gesetzliche Aufbewahrungsfrist. Nach Ablauf der Frist werden die entsprechenden Daten routinem\u00e4\u00dfig gel\u00f6scht, sofern sie nicht mehr zur Vertragserf\u00fcllung oder Vertragsanbahnung erforderlich sind.<\/p>\n\n\n\n<h3 class=\"wp-block-heading\">11. Aktualit\u00e4t und \u00c4nderung der Datenschutzerkl\u00e4rung<\/h3>\n\n\n\n<p>Diese Datenschutzerkl\u00e4rung ist aktuell g\u00fcltig und hat den Stand: Mai 2024.<\/p>\n\n\n\n<p>Durch die Weiterentwicklung unserer Internetseiten und Angebote oder aufgrund ge\u00e4nderter gesetzlicher beziehungsweise beh\u00f6rdlicher Vorgaben kann es notwendig werden, diese Datenschutzerkl\u00e4rung zu \u00e4ndern. Die jeweils aktuelle Datenschutzerkl\u00e4rung kann jederzeit auf der Webseite unter &#8222;https:\/\/www.eckerle-gruppe.com\/de\/datenschutzerklaerung\/&#8220; von Ihnen abgerufen und ausgedruckt werden.<\/p>\n\n\n\n<p>Diese Datenschutzerkl\u00e4rung wurde mit Unterst\u00fctzung der Datenschutz-Software: audatis MANAGER erstellt.<\/p>\n\n\n\n<p>V-24-05-2024<\/p>\n","protected":false},"excerpt":{"rendered":"<p>Informationspflicht nach Artikel 13 DSVGO Information KundenInformation Lieferanten&nbsp; 1. Einleitung Mit den folgenden Informationen m\u00f6chten wir Ihnen als &#8222;betroffener Person&#8220; einen \u00dcberblick \u00fcber die Verarbeitung Ihrer personenbezogenen Daten durch uns und Ihre Rechte aus den Datenschutzgesetzen geben. Eine Nutzung unserer Internetseiten ist grunds\u00e4tzlich ohne Eingabe personenbezogener Daten m\u00f6glich. Sofern Sie besondere Services unseres Unternehmens \u00fcber [&hellip;]<\/p>\n","protected":false},"author":6,"featured_media":0,"parent":0,"menu_order":0,"comment_status":"closed","ping_status":"closed","template":"","meta":{"_acf_changed":false,"footnotes":""},"class_list":["post-1098","page","type-page","status-publish","hentry"],"acf":[],"_links":{"self":[{"href":"https:\/\/www.eckerle-gruppe.com\/de\/wp-json\/wp\/v2\/pages\/1098","targetHints":{"allow":["GET"]}}],"collection":[{"href":"https:\/\/www.eckerle-gruppe.com\/de\/wp-json\/wp\/v2\/pages"}],"about":[{"href":"https:\/\/www.eckerle-gruppe.com\/de\/wp-json\/wp\/v2\/types\/page"}],"author":[{"embeddable":true,"href":"https:\/\/www.eckerle-gruppe.com\/de\/wp-json\/wp\/v2\/users\/6"}],"replies":[{"embeddable":true,"href":"https:\/\/www.eckerle-gruppe.com\/de\/wp-json\/wp\/v2\/comments?post=1098"}],"version-history":[{"count":19,"href":"https:\/\/www.eckerle-gruppe.com\/de\/wp-json\/wp\/v2\/pages\/1098\/revisions"}],"predecessor-version":[{"id":9272,"href":"https:\/\/www.eckerle-gruppe.com\/de\/wp-json\/wp\/v2\/pages\/1098\/revisions\/9272"}],"wp:attachment":[{"href":"https:\/\/www.eckerle-gruppe.com\/de\/wp-json\/wp\/v2\/media?parent=1098"}],"curies":[{"name":"wp","href":"https:\/\/api.w.org\/{rel}","templated":true}]}}