{"id":1095,"date":"2020-11-19T20:39:17","date_gmt":"2020-11-19T20:39:17","guid":{"rendered":"https:\/\/eckerle-gruppe.com\/?page_id=1095"},"modified":"2026-02-20T08:26:59","modified_gmt":"2026-02-20T08:26:59","slug":"umwelt","status":"publish","type":"page","link":"https:\/\/www.eckerle-gruppe.com\/de\/umwelt\/","title":{"rendered":"Umweltschutz"},"content":{"rendered":"\n<p><strong>ALLGEMEINE INFORMATIONEN<\/strong>.<\/p>\n\n\n\n<p>Umwelt und Energie sind wichtige Bestandteile unseres Denkens und Handelns. Wir f\u00fchlen uns den Gesetzen und sozialen Standards verpflichtet und tragen alle dazu bei, diese zu erf\u00fcllen. Die Erhaltung einer lebenswerten Umwelt ist f\u00fcr uns ein wesentliches Anliegen und eine st\u00e4ndige Aufgabe. Dar\u00fcber hinaus ist uns als Eckerle Gruppe die weitere St\u00e4rkung unserer Standorte besonders wichtig.<\/p>\n\n\n\n<p><em>&#8222;Es gibt keine kleine Verantwortung: Jeder \u00fcbernimmt auf seiner Ebene die volle Verantwortung f\u00fcr das, was er tut&#8220;.<\/em><\/p>\n\n\n\n<p><em>&nbsp;Edouard Michelin, 1996<\/em><\/p>\n\n\n\n<p>Ob in unserer Ethik oder in unseren Leitlinien, wir \u00fcbernehmen Verantwortung f\u00fcr unser Handeln.<\/p>\n\n\n\n<p><strong>UMWELT<\/strong><\/p>\n\n\n\n<p>Das betriebliche Umweltmanagement ist ein fester Bestandteil unserer Unternehmenspolitik. Unsere Umweltstrategie zielt darauf ab, den Energie- und Wasserverbrauch, die CO2-Emissionen und den Abfall im eigenen Betrieb kontinuierlich zu reduzieren und gleichzeitig die Verwertungsquote f\u00fcr betriebliche Abf\u00e4lle zu erh\u00f6hen.<\/p>\n\n\n\n<p><strong>ENERGIE<\/strong><\/p>\n\n\n\n<p>Die Energiepolitik von Eckerle ist ein wesentlicher Bestandteil unserer Umweltpolitik. Wir verpflichten uns, unsere energiebezogenen Leistungen kontinuierlich zu verbessern und unsere Energieeffizienz in einem kontinuierlichen Verbesserungsprozess systematisch zu steigern. Der effiziente Einsatz von Energie hat f\u00fcr uns oberste Priorit\u00e4t.<br>Wo immer es m\u00f6glich ist, erzeugen wir unsere eigene Energie mit unseren Photovoltaikanlagen, wir nutzen thermische Heizungen und wir erh\u00f6hen den Anteil der elektrisch betriebenen Fahrzeuge und Maschinen, was unsere j\u00e4hrlichen CO2-Emissionen reduziert.<\/p>\n\n\n\n<p><strong>Im Rahmen des Energiemanagementsystems:<\/strong><br><br>&#8211; Wir \u00fcberwachen unseren Energieverbrauch. Energiesparma\u00dfnahmen werden \u00fcberall dort umgesetzt, wo es Einflussm\u00f6glichkeiten gibt. <br>&#8211; Wir erf\u00fcllen alle gesetzlichen Verpflichtungen und andere energierelevante Anforderungen.<br>&#8211; Wir verpflichten uns zu CO2-neutraler Energieerzeugung und -verbrauch in allen unseren Betrieben (Scope 1 und Scope 2 CO2-Emissionen).<br>&#8211; Wir schaffen einen Rahmen, um unsere strategischen und operativen Energieziele zu erreichen.\u00a0&#8211; Wir f\u00fchren Projekte und Programme zur Steigerung der Energieeffizienz mit unserer GoZero-Initiative durch.<br>&#8211; Wir bewerten regelm\u00e4\u00dfig und systematisch unsere Energieeffizienz, unseren Energiebedarf und unsere Energienutzung.\u00a0<br>&#8211; Wir \u00fcberpr\u00fcfen, messen und bewerten unsere Ergebnisse durch Audits und verbessern kontinuierlich unsere energiebezogenen Systeme.\u00a0<br>&#8211; Wir beziehen unsere Partner, Lieferanten, Dienstleister und externen Unternehmen in die Aktivit\u00e4ten zur Energieeffizienz ein.\u00a0<br>&#8211; Bei Investitionen ber\u00fccksichtigen wir die Auswirkungen \u00fcber die gesamte Lebensdauer bereits im Einkaufsprozess.<br>&#8211; Wir informieren, schulen und ermutigen unsere Mitarbeiter zu energiebewusstem Verhalten.\u00a0&#8211; Wir bewerten und beachten Energieaspekte sowohl in unseren technischen Standards (z.B. technische \u00c4nderungen) als auch in gesch\u00e4ftlichen und strategischen Prozessen.<\/p>\n\n\n\n<p>Alle Personen, die f\u00fcr und im Namen unseres Unternehmens arbeiten, sind verpflichtet, diese Richtlinien zu befolgen und sind aufgefordert, aktiv an der Erf\u00fcllung unserer ehrgeizigen Ziele mitzuarbeiten.<\/p>\n\n\n\n<p><strong>NACHHALTIGKEITSSTRATEGIE UND -ORGANISATION &#8211; PRETTL GO ZERO<\/strong><\/p>\n\n\n\n<p>Die Eckerle Gruppe, seit Februar 2020 Teil der Prettl Gruppe, hat sich ein neues Ziel gesetzt: Klimaneutralit\u00e4t bis 2025. Mit diesem Ziel will die Eckerle Gruppe einen Beitrag zu einer nachhaltigen Zukunft leisten, damit auch in Zukunft eine hohe Lebensqualit\u00e4t gew\u00e4hrleistet ist, die nicht auf Kosten der Umwelt geht.<\/p>\n\n\n\n<p>Die Energiepolitik von Eckerle ist ein wichtiger Faktor unserer Umweltpolitik. Hier sehen wir nicht nur das Endergebnis, sondern Energie als Ganzes. Energienutzung, Energieverbrauch und Energieeffizienz sind die Hauptakteure.<\/p>\n\n\n\n<p>Unser Ziel ist es, den CO2-Anteil in der Prettl-Gruppe bis 2025 unter Einbeziehung der interessierten Kreise um 20% zu reduzieren.<\/p>\n\n\n\n<p><strong>NACHHALTIGER PRODUKTIONSZYKLUS<\/strong><\/p>\n\n\n\n<p>Schon bei der gemeinsamen Entwicklung von Produkten mit unseren Kunden und bei der Auswahl unserer Lieferanten achten wir darauf, dass sie die gleichen Umweltrichtlinien befolgen wie wir. Bei der Produktion haben nicht nur die Gesundheit und Sicherheit unserer Mitarbeiter Priorit\u00e4t, sondern auch die Vermeidung negativer Auswirkungen auf die Umwelt. Um wenig Abfall, Abwasser, L\u00e4rm und andere Emissionen zu erzeugen, suchen wir proaktiv nach L\u00f6sungen, um diese zu reduzieren.<\/p>\n\n\n\n<p><strong>VORAUSSCHAUENDES ENGAGEMENT<\/strong><\/p>\n\n\n\n<p>Wir verpflichten uns zur Einhaltung gesetzlicher Bestimmungen und beh\u00f6rdlicher Vorschriften und zur Zusammenarbeit mit den zust\u00e4ndigen Stellen und Instituten. Wir betrachten diese Anforderungen und Regeln als das notwendige Minimum, um mit nat\u00fcrlichen Ressourcen, Materialien und Energie sparsam umzugehen. Wir vertreten dieses Leitbild in der \u00d6ffentlichkeit und pflegen einen offenen Dialog mit allen Beteiligten: Nachbarn, Kunden, Mitarbeitern und Beh\u00f6rden.<\/p>\n\n\n\n<figure class=\"wp-block-image size-full is-style-default\"><img loading=\"lazy\" decoding=\"async\" width=\"568\" height=\"227\" src=\"https:\/\/www.eckerle-gruppe.com\/wp-content\/uploads\/2021\/03\/prettl_gozero_logo.jpg\" alt=\"\" class=\"wp-image-4504\" srcset=\"https:\/\/www.eckerle-gruppe.com\/wp-content\/uploads\/2021\/03\/prettl_gozero_logo.jpg 568w, https:\/\/www.eckerle-gruppe.com\/wp-content\/uploads\/2021\/03\/prettl_gozero_logo-300x120.jpg 300w\" sizes=\"auto, (max-width: 568px) 100vw, 568px\" \/><\/figure>\n\n\n\n<p>&nbsp;<\/p>\n\n\n\n<p><a href=\"https:\/\/www.eckerle-gruppe.com\/wp-content\/uploads\/2023\/10\/V2_ENVIRONMENT-AND-ENERGY_DE.pdf\">Umwetschutz<\/a><\/p>\n","protected":false},"excerpt":{"rendered":"<p>ALLGEMEINE INFORMATIONEN. Umwelt und Energie sind wichtige Bestandteile unseres Denkens und Handelns. Wir f\u00fchlen uns den Gesetzen und sozialen Standards verpflichtet und tragen alle dazu bei, diese zu erf\u00fcllen. Die Erhaltung einer lebenswerten Umwelt ist f\u00fcr uns ein wesentliches Anliegen und eine st\u00e4ndige Aufgabe. Dar\u00fcber hinaus ist uns als Eckerle Gruppe die weitere St\u00e4rkung unserer [&hellip;]<\/p>\n","protected":false},"author":6,"featured_media":0,"parent":0,"menu_order":0,"comment_status":"closed","ping_status":"closed","template":"","meta":{"_acf_changed":false,"footnotes":""},"class_list":["post-1095","page","type-page","status-publish","hentry"],"acf":[],"_links":{"self":[{"href":"https:\/\/www.eckerle-gruppe.com\/de\/wp-json\/wp\/v2\/pages\/1095","targetHints":{"allow":["GET"]}}],"collection":[{"href":"https:\/\/www.eckerle-gruppe.com\/de\/wp-json\/wp\/v2\/pages"}],"about":[{"href":"https:\/\/www.eckerle-gruppe.com\/de\/wp-json\/wp\/v2\/types\/page"}],"author":[{"embeddable":true,"href":"https:\/\/www.eckerle-gruppe.com\/de\/wp-json\/wp\/v2\/users\/6"}],"replies":[{"embeddable":true,"href":"https:\/\/www.eckerle-gruppe.com\/de\/wp-json\/wp\/v2\/comments?post=1095"}],"version-history":[{"count":24,"href":"https:\/\/www.eckerle-gruppe.com\/de\/wp-json\/wp\/v2\/pages\/1095\/revisions"}],"predecessor-version":[{"id":10246,"href":"https:\/\/www.eckerle-gruppe.com\/de\/wp-json\/wp\/v2\/pages\/1095\/revisions\/10246"}],"wp:attachment":[{"href":"https:\/\/www.eckerle-gruppe.com\/de\/wp-json\/wp\/v2\/media?parent=1095"}],"curies":[{"name":"wp","href":"https:\/\/api.w.org\/{rel}","templated":true}]}}